{"id":14125,"date":"2022-01-17T15:27:27","date_gmt":"2022-01-17T14:27:27","guid":{"rendered":"https:\/\/soprassub.com\/careers\/"},"modified":"2025-09-19T04:48:11","modified_gmt":"2025-09-19T03:48:11","slug":"careers","status":"publish","type":"page","link":"https:\/\/soprassub.com\/cs\/careers\/","title":{"rendered":"Careers"},"content":{"rendered":"\n<section class=\"wp-block-uagb-section uagb-section__wrap uagb-section__background-undefined uagb-block-ee996106\"><div class=\"uagb-section__overlay\"><\/div><div class=\"uagb-section__inner-wrap\">\n<section class=\"wp-block-uagb-columns uagb-columns__wrap uagb-columns__background-none uagb-columns__stack-mobile uagb-columns__valign- uagb-columns__gap-10 align uagb-block-cb0bc8c3 uagb-columns__columns-1 uagb-columns__max_width-theme\"><div class=\"uagb-columns__overlay\"><\/div><div class=\"uagb-columns__inner-wrap uagb-columns__columns-1\">\n<div class=\"wp-block-uagb-column uagb-column__wrap uagb-column__background-undefined uagb-block-71d8a15b\"><div class=\"uagb-column__overlay\"><\/div>\n<p> <strong><strong>We distribute worldwide the brands SOPRAS TEK (Technical diving), SOPRAS APNEA (freediving) and SOPRASSUB (recreational diving). For our sales team we are looking for a young diver. Good diving skills are an advantage but also less experienced divers eager to develop the knowledge and skills are also welcome and this both in technical scuba diving as well as freediving!<\/strong><\/strong> <\/p>\n<\/div>\n<\/div><\/section>\n<\/div><\/section>\n\n\n\n<section class=\"wp-block-uagb-section uagb-section__wrap uagb-section__background-none uagb-block-8a906772\"><div class=\"uagb-section__overlay\"><\/div><div class=\"uagb-section__inner-wrap\">\n<section class=\"wp-block-uagb-columns uagb-columns__wrap uagb-columns__background-none uagb-columns__stack-mobile uagb-columns__valign- uagb-columns__gap-10 align uagb-block-1a266c59 uagb-columns__columns-1 uagb-columns__max_width-theme\"><div class=\"uagb-columns__overlay\"><\/div><div class=\"uagb-columns__inner-wrap uagb-columns__columns-1\">\n<div class=\"wp-block-uagb-column uagb-column__wrap uagb-column__background-undefined uagb-block-28fcbf0e\"><div class=\"uagb-column__overlay\"><\/div>\n<h2 class=\"wp-block-heading\">Job #1: WE ARE LOOKING FOR A FREEDIVER! \ud83e\udd3f<\/h2>\n<\/div>\n<\/div><\/section>\n<\/div><\/section>\n\n\n\n<section class=\"wp-block-uagb-section uagb-section__wrap uagb-section__background-color uagb-block-34f01760\"><div class=\"uagb-section__overlay\"><\/div><div class=\"uagb-section__inner-wrap\">\n<section class=\"wp-block-uagb-columns uagb-columns__wrap uagb-columns__background-none uagb-columns__stack-mobile uagb-columns__valign- uagb-columns__gap-10 align uagb-block-387764c6 uagb-columns__columns-3 uagb-columns__max_width-theme\"><div class=\"uagb-columns__overlay\"><\/div><div class=\"uagb-columns__inner-wrap uagb-columns__columns-3\">\n<div class=\"wp-block-uagb-column uagb-column__wrap uagb-column__background-undefined uagb-block-4d66b5a3\"><div class=\"uagb-column__overlay\"><\/div>\n<h3 class=\"wp-block-heading\"> Job descripton <\/h3>\n\n\n\n<ul class=\"wp-block-list\">\n<li>The SOPRAS Diving Group (with the 3 lines&nbsp;www.soprastek.com, www.soprassub.com and www.soprasapnea.com) this time is looking for a freediver.<\/li>\n\n\n\n<li>He or She will be responsible for the <strong>marketing activities<\/strong> of the three lines with special attention to the sales and technical\/design development of the freediving line &#8211;&nbsp;<em>SoprasApnea<\/em>.<\/li>\n\n\n\n<li><strong>Working hours (in the company):<\/strong> 10.00 &#8211; 17.00 (Mon to Fri).<\/li>\n\n\n\n<li><strong>Holidays:<\/strong> 30 days off each year<\/li>\n<\/ul>\n<\/div>\n\n\n\n<div class=\"wp-block-uagb-column uagb-column__wrap uagb-column__background-undefined uagb-block-c1704449\"><div class=\"uagb-column__overlay\"><\/div>\n<h3 class=\"wp-block-heading\"> Requirements <\/h3>\n\n\n\n<ul class=\"wp-block-list\">\n<li>The person should have <strong>good knowledge of graphic design programs and applications<\/strong> as well as of the most modern marketing medias<\/li>\n<\/ul>\n<\/div>\n\n\n\n<div class=\"wp-block-uagb-column uagb-column__wrap uagb-column__background-undefined uagb-block-86f244e7\"><div class=\"uagb-column__overlay\"><\/div>\n<h3 class=\"wp-block-heading\"> Advantages <\/h3>\n\n\n\n<ul class=\"wp-block-list\">\n<li>A very good knowledge of English and other world languages is a big advantage<\/li>\n\n\n\n<li>We are looking for an enthusiast active freediver but a good knowledge of scuba diving is a plus.<\/li>\n<\/ul>\n<\/div>\n<\/div><\/section>\n<\/div><\/section>\n\n\n\n<section class=\"wp-block-uagb-section uagb-section__wrap uagb-section__background-color uagb-block-c7f3f792\"><div class=\"uagb-section__overlay\"><\/div><div class=\"uagb-section__inner-wrap\">\n<section class=\"wp-block-uagb-columns uagb-columns__wrap uagb-columns__background-none uagb-columns__stack-mobile uagb-columns__valign- uagb-columns__gap-10 align uagb-block-bd0e1076 uagb-columns__columns-3 uagb-columns__max_width-theme\"><div class=\"uagb-columns__overlay\"><\/div><div class=\"uagb-columns__inner-wrap uagb-columns__columns-3\">\n<div class=\"wp-block-uagb-column uagb-column__wrap uagb-column__background-undefined uagb-block-506863d6\"><div class=\"uagb-column__overlay\"><\/div>\n<h3 class=\"wp-block-heading\">How to apply <\/h3>\n\n\n\n<p>If you are interested in knowing more send an email to&nbsp;<a href=\"mailto:dario.ricci1971@gmail.com\">dario.ricci1971@gmail.com<\/a>&nbsp;and include copies of your highest certification in Freediving (and also scuba diving if you have). Also include your Curriculum Vitae and social media profiles.&nbsp;<\/p>\n<\/div>\n\n\n\n<div class=\"wp-block-uagb-column uagb-column__wrap uagb-column__background-undefined uagb-block-aeb68967\"><div class=\"uagb-column__overlay\"><\/div>\n<p><\/p>\n<\/div>\n\n\n\n<div class=\"wp-block-uagb-column uagb-column__wrap uagb-column__background-undefined uagb-block-fb0aa0c1\"><div class=\"uagb-column__overlay\"><\/div><\/div>\n<\/div><\/section>\n<\/div><\/section>\n\n\n\n<section class=\"wp-block-uagb-section uagb-section__wrap uagb-section__background-undefined uagb-block-e13f29f6\"><div class=\"uagb-section__overlay\"><\/div><div class=\"uagb-section__inner-wrap\">\n<section class=\"wp-block-uagb-columns uagb-columns__wrap uagb-columns__background-none uagb-columns__stack-mobile uagb-columns__valign- uagb-columns__gap-10 align uagb-block-d79209e7 uagb-columns__columns-1 uagb-columns__max_width-theme\"><div class=\"uagb-columns__overlay\"><\/div><div class=\"uagb-columns__inner-wrap uagb-columns__columns-1\">\n<div class=\"wp-block-uagb-column uagb-column__wrap uagb-column__background-undefined uagb-block-7fee4380\"><div class=\"uagb-column__overlay\"><\/div>\n<h2 class=\"wp-block-heading\">Job #2: Sales Assistant \ud83d\udcbc<\/h2>\n<\/div>\n<\/div><\/section>\n<\/div><\/section>\n\n\n\n<section class=\"wp-block-uagb-section uagb-section__wrap uagb-section__background-color uagb-block-a8aae549\"><div class=\"uagb-section__overlay\"><\/div><div class=\"uagb-section__inner-wrap\">\n<section class=\"wp-block-uagb-columns uagb-columns__wrap uagb-columns__background-none uagb-columns__stack-mobile uagb-columns__valign- uagb-columns__gap-10 align uagb-block-7829b3e4 uagb-columns__columns-3 uagb-columns__max_width-theme\"><div class=\"uagb-columns__overlay\"><\/div><div class=\"uagb-columns__inner-wrap uagb-columns__columns-3\">\n<div class=\"wp-block-uagb-column uagb-column__wrap uagb-column__background-undefined uagb-block-453c2b8d\"><div class=\"uagb-column__overlay\"><\/div>\n<h3 class=\"wp-block-heading\"> Job descripton <\/h3>\n\n\n\n<ul class=\"wp-block-list\">\n<li>Communication with customers in Czech or English taking care of their orders or needs<\/li>\n\n\n\n<li>Promoting the brands worldwide<\/li>\n<\/ul>\n<\/div>\n\n\n\n<div class=\"wp-block-uagb-column uagb-column__wrap uagb-column__background-undefined uagb-block-f578673e\"><div class=\"uagb-column__overlay\"><\/div>\n<h3 class=\"wp-block-heading\"> Requirements <\/h3>\n\n\n\n<ul class=\"wp-block-list\">\n<li>Certified diver (or at least interested in becoming one)<\/li>\n\n\n\n<li>Technically oriented<\/li>\n\n\n\n<li>Good knowledge of English written and spoken<\/li>\n\n\n\n<li>Forward thinking<\/li>\n\n\n\n<li>Excellent communication skills<\/li>\n\n\n\n<li>Ambition to grow and learn<\/li>\n\n\n\n<li>Hardworker<\/li>\n\n\n\n<li>No issue with travelling between 2-4 times a year to attend dive shows around Europe<\/li>\n<\/ul>\n<\/div>\n\n\n\n<div class=\"wp-block-uagb-column uagb-column__wrap uagb-column__background-undefined uagb-block-6ee637bb\"><div class=\"uagb-column__overlay\"><\/div>\n<h3 class=\"wp-block-heading\"> Advantages <\/h3>\n\n\n\n<ul class=\"wp-block-list\">\n<li>Manuality \u2013 eg ability to assemble\/disassemble a regulator or a bcd or be able to learn quickly how to do it<\/li>\n<\/ul>\n<\/div>\n<\/div><\/section>\n<\/div><\/section>\n\n\n\n<section class=\"wp-block-uagb-section uagb-section__wrap uagb-section__background-color uagb-block-ce99ac20\"><div class=\"uagb-section__overlay\"><\/div><div class=\"uagb-section__inner-wrap\">\n<section class=\"wp-block-uagb-columns uagb-columns__wrap uagb-columns__background-color uagb-columns__stack-mobile uagb-columns__valign- uagb-columns__gap-10 align uagb-block-751fa921 uagb-columns__columns-3 uagb-columns__max_width-theme\"><div class=\"uagb-columns__overlay\"><\/div><div class=\"uagb-columns__inner-wrap uagb-columns__columns-3\">\n<div class=\"wp-block-uagb-column uagb-column__wrap uagb-column__background-undefined uagb-block-f339c7c3\"><div class=\"uagb-column__overlay\"><\/div>\n<h3 class=\"wp-block-heading\"> Remuneration <\/h3>\n\n\n\n<p> Wage : basic salary of <strong>50000 CZK to 62000 CZK<\/strong>&nbsp;(2000 Eur to 2500 Eur) according to your qualifications, age, knowledge and experience plus: <\/p>\n\n\n\n<ul class=\"wp-block-list\">\n<li>Monthly sales bonus<\/li>\n\n\n\n<li>Refund of qualification courses<\/li>\n\n\n\n<li>Other benefits (company gym, lunch meals, diving equipment at cost)<\/li>\n<\/ul>\n<\/div>\n\n\n\n<div class=\"wp-block-uagb-column uagb-column__wrap uagb-column__background-undefined uagb-block-381d7ee7\"><div class=\"uagb-column__overlay\"><\/div>\n<h3 class=\"wp-block-heading\"> How to apply <\/h3>\n\n\n\n<p> Please send your application letter and curriculum vitae to&nbsp;<a href=\"mailto:dario.ricci1971@gmail.com\">dario.ricci1971@gmail.com<\/a>. Include copy of your certification cards and anything you might consider relevant for introducing yourself with respect to the applied position <\/p>\n\n\n\n<p> Please note: daily presence in the office is necessary at least at the beginning, while smart working for a few days a week can be introduced only later. <\/p>\n<\/div>\n\n\n\n<div class=\"wp-block-uagb-column uagb-column__wrap uagb-column__background-undefined uagb-block-624c7e42\"><div class=\"uagb-column__overlay\"><\/div><\/div>\n<\/div><\/section>\n<\/div><\/section>\n","protected":false},"excerpt":{"rendered":"","protected":false},"author":12280,"featured_media":0,"parent":0,"menu_order":0,"comment_status":"closed","ping_status":"closed","template":"","meta":{"_uag_custom_page_level_css":"","neve_meta_sidebar":"","neve_meta_container":"","neve_meta_enable_content_width":"","neve_meta_content_width":0,"neve_meta_title_alignment":"","neve_meta_author_avatar":"","neve_post_elements_order":"","neve_meta_disable_header":"","neve_meta_disable_footer":"","neve_meta_disable_title":"","footnotes":""},"class_list":["post-14125","page","type-page","status-publish","hentry"],"yoast_head":"<!-- This site is optimized with the Yoast SEO plugin v27.2 - https:\/\/yoast.com\/product\/yoast-seo-wordpress\/ -->\n<title>Careers - Soprassub<\/title>\n<meta name=\"robots\" content=\"index, follow, max-snippet:-1, max-image-preview:large, max-video-preview:-1\" \/>\n<link rel=\"canonical\" href=\"https:\/\/soprassub.com\/cs\/careers\/\" \/>\n<meta property=\"og:locale\" content=\"cs_CZ\" \/>\n<meta property=\"og:type\" content=\"article\" \/>\n<meta property=\"og:title\" content=\"Careers - Soprassub\" \/>\n<meta property=\"og:url\" content=\"https:\/\/soprassub.com\/cs\/careers\/\" \/>\n<meta property=\"og:site_name\" content=\"Soprassub\" \/>\n<meta property=\"article:modified_time\" content=\"2025-09-19T03:48:11+00:00\" \/>\n<meta name=\"twitter:card\" content=\"summary_large_image\" \/>\n<meta name=\"twitter:label1\" content=\"Odhadovan\u00e1 doba \u010dten\u00ed\" \/>\n\t<meta name=\"twitter:data1\" content=\"2 minuty\" \/>\n<script type=\"application\/ld+json\" class=\"yoast-schema-graph\">{\"@context\":\"https:\/\/schema.org\",\"@graph\":[{\"@type\":\"WebPage\",\"@id\":\"https:\/\/soprassub.com\/cs\/careers\/\",\"url\":\"https:\/\/soprassub.com\/cs\/careers\/\",\"name\":\"Careers - Soprassub\",\"isPartOf\":{\"@id\":\"https:\/\/soprassub.com\/#website\"},\"datePublished\":\"2022-01-17T14:27:27+00:00\",\"dateModified\":\"2025-09-19T03:48:11+00:00\",\"breadcrumb\":{\"@id\":\"https:\/\/soprassub.com\/cs\/careers\/#breadcrumb\"},\"inLanguage\":\"cs\",\"potentialAction\":[{\"@type\":\"ReadAction\",\"target\":[\"https:\/\/soprassub.com\/cs\/careers\/\"]}]},{\"@type\":\"BreadcrumbList\",\"@id\":\"https:\/\/soprassub.com\/cs\/careers\/#breadcrumb\",\"itemListElement\":[{\"@type\":\"ListItem\",\"position\":1,\"name\":\"Home\",\"item\":\"https:\/\/soprassub.com\/cs\/\"},{\"@type\":\"ListItem\",\"position\":2,\"name\":\"Careers\"}]},{\"@type\":\"WebSite\",\"@id\":\"https:\/\/soprassub.com\/#website\",\"url\":\"https:\/\/soprassub.com\/\",\"name\":\"Soprassub\",\"description\":\"Recreational diving\",\"potentialAction\":[{\"@type\":\"SearchAction\",\"target\":{\"@type\":\"EntryPoint\",\"urlTemplate\":\"https:\/\/soprassub.com\/?s={search_term_string}\"},\"query-input\":{\"@type\":\"PropertyValueSpecification\",\"valueRequired\":true,\"valueName\":\"search_term_string\"}}],\"inLanguage\":\"cs\"}]}<\/script>\n<!-- \/ Yoast SEO plugin. -->","yoast_head_json":{"title":"Careers - Soprassub","robots":{"index":"index","follow":"follow","max-snippet":"max-snippet:-1","max-image-preview":"max-image-preview:large","max-video-preview":"max-video-preview:-1"},"canonical":"https:\/\/soprassub.com\/cs\/careers\/","og_locale":"cs_CZ","og_type":"article","og_title":"Careers - Soprassub","og_url":"https:\/\/soprassub.com\/cs\/careers\/","og_site_name":"Soprassub","article_modified_time":"2025-09-19T03:48:11+00:00","twitter_card":"summary_large_image","twitter_misc":{"Odhadovan\u00e1 doba \u010dten\u00ed":"2 minuty"},"schema":{"@context":"https:\/\/schema.org","@graph":[{"@type":"WebPage","@id":"https:\/\/soprassub.com\/cs\/careers\/","url":"https:\/\/soprassub.com\/cs\/careers\/","name":"Careers - Soprassub","isPartOf":{"@id":"https:\/\/soprassub.com\/#website"},"datePublished":"2022-01-17T14:27:27+00:00","dateModified":"2025-09-19T03:48:11+00:00","breadcrumb":{"@id":"https:\/\/soprassub.com\/cs\/careers\/#breadcrumb"},"inLanguage":"cs","potentialAction":[{"@type":"ReadAction","target":["https:\/\/soprassub.com\/cs\/careers\/"]}]},{"@type":"BreadcrumbList","@id":"https:\/\/soprassub.com\/cs\/careers\/#breadcrumb","itemListElement":[{"@type":"ListItem","position":1,"name":"Home","item":"https:\/\/soprassub.com\/cs\/"},{"@type":"ListItem","position":2,"name":"Careers"}]},{"@type":"WebSite","@id":"https:\/\/soprassub.com\/#website","url":"https:\/\/soprassub.com\/","name":"Soprassub","description":"Recreational diving","potentialAction":[{"@type":"SearchAction","target":{"@type":"EntryPoint","urlTemplate":"https:\/\/soprassub.com\/?s={search_term_string}"},"query-input":{"@type":"PropertyValueSpecification","valueRequired":true,"valueName":"search_term_string"}}],"inLanguage":"cs"}]}},"uagb_featured_image_src":{"full":false,"thumbnail":false,"medium":false,"medium_large":false,"large":false,"1536x1536":false,"2048x2048":false,"neve-blog":false,"mailpoet_newsletter_max":false,"woocommerce_thumbnail":false,"woocommerce_single":false,"woocommerce_gallery_thumbnail":false},"uagb_author_info":{"display_name":"musilda@musilda.cz","author_link":"https:\/\/soprassub.com\/cs\/author\/musildamusilda-cz\/"},"uagb_comment_info":0,"uagb_excerpt":null,"_links":{"self":[{"href":"https:\/\/soprassub.com\/cs\/wp-json\/wp\/v2\/pages\/14125","targetHints":{"allow":["GET"]}}],"collection":[{"href":"https:\/\/soprassub.com\/cs\/wp-json\/wp\/v2\/pages"}],"about":[{"href":"https:\/\/soprassub.com\/cs\/wp-json\/wp\/v2\/types\/page"}],"author":[{"embeddable":true,"href":"https:\/\/soprassub.com\/cs\/wp-json\/wp\/v2\/users\/12280"}],"replies":[{"embeddable":true,"href":"https:\/\/soprassub.com\/cs\/wp-json\/wp\/v2\/comments?post=14125"}],"version-history":[{"count":26,"href":"https:\/\/soprassub.com\/cs\/wp-json\/wp\/v2\/pages\/14125\/revisions"}],"predecessor-version":[{"id":16461,"href":"https:\/\/soprassub.com\/cs\/wp-json\/wp\/v2\/pages\/14125\/revisions\/16461"}],"wp:attachment":[{"href":"https:\/\/soprassub.com\/cs\/wp-json\/wp\/v2\/media?parent=14125"}],"curies":[{"name":"wp","href":"https:\/\/api.w.org\/{rel}","templated":true}]}}