{"id":14607,"date":"2024-10-06T18:08:53","date_gmt":"2024-10-06T17:08:53","guid":{"rendered":"https:\/\/soprassub.com\/shop\/divecenter-deluxe\/"},"modified":"2025-11-28T11:42:24","modified_gmt":"2025-11-28T10:42:24","slug":"divecenter-deluxe","status":"publish","type":"product","link":"https:\/\/soprassub.com\/cs\/shop\/divecenter-deluxe\/","title":{"rendered":"DIVECENTER DELUXE"},"content":{"rendered":"<p>BCD especially designed for dive centers with very spacious pockets in very well visible colour with a slot for positioning your octopus regulator. The single bladder is available from with 15 up to 20litres of volume and is in Nylon 420 fabric. The size of the BCD is easily recognizable being positioned on the left shoulder. The deluxe version is available with aluminium rings!<\/p>\n<p>Sizes: S \/ 11,5 kg \/ 25 lb, M \/ 14,5 kg \/ 32 lb, L , XL, XXL \/ 19,9 kg \/ 44 lb<\/p>\n<p>Colors: Yellow, Pink, other color available to ask<\/p>\n","protected":false},"excerpt":{"rendered":"<p>BCD especially designed for dive centers with very spacious pockets in very well visible colour with a slot for positioning your octopus regulator. The single bladder is available from with 15 up to 20litres of volume and is in Nylon 420 fabric. The size of the BCD is easily recognizable being positioned on the left&hellip;&nbsp;<a href=\"https:\/\/soprassub.com\/cs\/shop\/divecenter-deluxe\/\" rel=\"bookmark\">\u010c\u00edst d\u00e1le &raquo;<span class=\"screen-reader-text\">DIVECENTER DELUXE<\/span><\/a><\/p>\n","protected":false},"featured_media":13717,"comment_status":"open","ping_status":"closed","template":"","meta":{"_uag_custom_page_level_css":"","neve_meta_sidebar":"","neve_meta_container":"","neve_meta_enable_content_width":"off","neve_meta_content_width":100,"neve_meta_title_alignment":"","neve_meta_author_avatar":"","neve_post_elements_order":"","neve_meta_disable_header":"","neve_meta_disable_footer":"","neve_meta_disable_title":""},"product_brand":[],"product_cat":[942],"product_tag":[],"class_list":{"0":"post-14607","1":"product","2":"type-product","3":"status-publish","4":"has-post-thumbnail","6":"product_cat-kompletni-potapecske-zakety","8":"first","9":"instock","10":"taxable","11":"shipping-taxable","12":"purchasable","13":"product-type-simple"},"yoast_head":"<!-- This site is optimized with the Yoast SEO plugin v27.2 - https:\/\/yoast.com\/product\/yoast-seo-wordpress\/ -->\n<title>DIVECENTER DELUXE - Soprassub<\/title>\n<meta name=\"robots\" content=\"index, follow, max-snippet:-1, max-image-preview:large, max-video-preview:-1\" \/>\n<link rel=\"canonical\" href=\"https:\/\/soprassub.com\/cs\/shop\/divecenter-deluxe\/\" \/>\n<meta property=\"og:locale\" content=\"cs_CZ\" \/>\n<meta property=\"og:type\" content=\"article\" \/>\n<meta property=\"og:title\" content=\"DIVECENTER DELUXE - Soprassub\" \/>\n<meta property=\"og:description\" content=\"BCD especially designed for dive centers with very spacious pockets in very well visible colour with a slot for positioning your octopus regulator. The single bladder is available from with 15 up to 20litres of volume and is in Nylon 420 fabric. The size of the BCD is easily recognizable being positioned on the left&hellip;&nbsp;\u010c\u00edst d\u00e1le &raquo;DIVECENTER DELUXE\" \/>\n<meta property=\"og:url\" content=\"https:\/\/soprassub.com\/cs\/shop\/divecenter-deluxe\/\" \/>\n<meta property=\"og:site_name\" content=\"Soprassub\" \/>\n<meta property=\"article:modified_time\" content=\"2025-11-28T10:42:24+00:00\" \/>\n<meta property=\"og:image\" content=\"https:\/\/soprassub.com\/wp-content\/uploads\/2024\/10\/dive-center-BCD-colours-1500x1500-1.jpg\" \/>\n\t<meta property=\"og:image:width\" content=\"1178\" \/>\n\t<meta property=\"og:image:height\" content=\"1500\" \/>\n\t<meta property=\"og:image:type\" content=\"image\/jpeg\" \/>\n<meta name=\"twitter:card\" content=\"summary_large_image\" \/>\n<meta name=\"twitter:label1\" content=\"Odhadovan\u00e1 doba \u010dten\u00ed\" \/>\n\t<meta name=\"twitter:data1\" content=\"1 minuta\" \/>\n<script type=\"application\/ld+json\" class=\"yoast-schema-graph\">{\"@context\":\"https:\/\/schema.org\",\"@graph\":[{\"@type\":\"WebPage\",\"@id\":\"https:\/\/soprassub.com\/cs\/shop\/divecenter-deluxe\/\",\"url\":\"https:\/\/soprassub.com\/cs\/shop\/divecenter-deluxe\/\",\"name\":\"DIVECENTER DELUXE - Soprassub\",\"isPartOf\":{\"@id\":\"https:\/\/soprassub.com\/#website\"},\"primaryImageOfPage\":{\"@id\":\"https:\/\/soprassub.com\/cs\/shop\/divecenter-deluxe\/#primaryimage\"},\"image\":{\"@id\":\"https:\/\/soprassub.com\/cs\/shop\/divecenter-deluxe\/#primaryimage\"},\"thumbnailUrl\":\"https:\/\/soprassub.com\/wp-content\/uploads\/2024\/10\/dive-center-BCD-colours-1500x1500-1.jpg\",\"datePublished\":\"2024-10-06T17:08:53+00:00\",\"dateModified\":\"2025-11-28T10:42:24+00:00\",\"breadcrumb\":{\"@id\":\"https:\/\/soprassub.com\/cs\/shop\/divecenter-deluxe\/#breadcrumb\"},\"inLanguage\":\"cs\",\"potentialAction\":[{\"@type\":\"ReadAction\",\"target\":[\"https:\/\/soprassub.com\/cs\/shop\/divecenter-deluxe\/\"]}]},{\"@type\":\"ImageObject\",\"inLanguage\":\"cs\",\"@id\":\"https:\/\/soprassub.com\/cs\/shop\/divecenter-deluxe\/#primaryimage\",\"url\":\"https:\/\/soprassub.com\/wp-content\/uploads\/2024\/10\/dive-center-BCD-colours-1500x1500-1.jpg\",\"contentUrl\":\"https:\/\/soprassub.com\/wp-content\/uploads\/2024\/10\/dive-center-BCD-colours-1500x1500-1.jpg\",\"width\":1178,\"height\":1500},{\"@type\":\"BreadcrumbList\",\"@id\":\"https:\/\/soprassub.com\/cs\/shop\/divecenter-deluxe\/#breadcrumb\",\"itemListElement\":[{\"@type\":\"ListItem\",\"position\":1,\"name\":\"Home\",\"item\":\"https:\/\/soprassub.com\/cs\/\"},{\"@type\":\"ListItem\",\"position\":2,\"name\":\"Shop\",\"item\":\"https:\/\/soprassub.com\/shop\/\"},{\"@type\":\"ListItem\",\"position\":3,\"name\":\"DIVECENTER DELUXE\"}]},{\"@type\":\"WebSite\",\"@id\":\"https:\/\/soprassub.com\/#website\",\"url\":\"https:\/\/soprassub.com\/\",\"name\":\"Soprassub\",\"description\":\"Recreational diving\",\"potentialAction\":[{\"@type\":\"SearchAction\",\"target\":{\"@type\":\"EntryPoint\",\"urlTemplate\":\"https:\/\/soprassub.com\/?s={search_term_string}\"},\"query-input\":{\"@type\":\"PropertyValueSpecification\",\"valueRequired\":true,\"valueName\":\"search_term_string\"}}],\"inLanguage\":\"cs\"}]}<\/script>\n<!-- \/ Yoast SEO plugin. -->","yoast_head_json":{"title":"DIVECENTER DELUXE - Soprassub","robots":{"index":"index","follow":"follow","max-snippet":"max-snippet:-1","max-image-preview":"max-image-preview:large","max-video-preview":"max-video-preview:-1"},"canonical":"https:\/\/soprassub.com\/cs\/shop\/divecenter-deluxe\/","og_locale":"cs_CZ","og_type":"article","og_title":"DIVECENTER DELUXE - Soprassub","og_description":"BCD especially designed for dive centers with very spacious pockets in very well visible colour with a slot for positioning your octopus regulator. The single bladder is available from with 15 up to 20litres of volume and is in Nylon 420 fabric. The size of the BCD is easily recognizable being positioned on the left&hellip;&nbsp;\u010c\u00edst d\u00e1le &raquo;DIVECENTER DELUXE","og_url":"https:\/\/soprassub.com\/cs\/shop\/divecenter-deluxe\/","og_site_name":"Soprassub","article_modified_time":"2025-11-28T10:42:24+00:00","og_image":[{"width":1178,"height":1500,"url":"https:\/\/soprassub.com\/wp-content\/uploads\/2024\/10\/dive-center-BCD-colours-1500x1500-1.jpg","type":"image\/jpeg"}],"twitter_card":"summary_large_image","twitter_misc":{"Odhadovan\u00e1 doba \u010dten\u00ed":"1 minuta"},"schema":{"@context":"https:\/\/schema.org","@graph":[{"@type":"WebPage","@id":"https:\/\/soprassub.com\/cs\/shop\/divecenter-deluxe\/","url":"https:\/\/soprassub.com\/cs\/shop\/divecenter-deluxe\/","name":"DIVECENTER DELUXE - Soprassub","isPartOf":{"@id":"https:\/\/soprassub.com\/#website"},"primaryImageOfPage":{"@id":"https:\/\/soprassub.com\/cs\/shop\/divecenter-deluxe\/#primaryimage"},"image":{"@id":"https:\/\/soprassub.com\/cs\/shop\/divecenter-deluxe\/#primaryimage"},"thumbnailUrl":"https:\/\/soprassub.com\/wp-content\/uploads\/2024\/10\/dive-center-BCD-colours-1500x1500-1.jpg","datePublished":"2024-10-06T17:08:53+00:00","dateModified":"2025-11-28T10:42:24+00:00","breadcrumb":{"@id":"https:\/\/soprassub.com\/cs\/shop\/divecenter-deluxe\/#breadcrumb"},"inLanguage":"cs","potentialAction":[{"@type":"ReadAction","target":["https:\/\/soprassub.com\/cs\/shop\/divecenter-deluxe\/"]}]},{"@type":"ImageObject","inLanguage":"cs","@id":"https:\/\/soprassub.com\/cs\/shop\/divecenter-deluxe\/#primaryimage","url":"https:\/\/soprassub.com\/wp-content\/uploads\/2024\/10\/dive-center-BCD-colours-1500x1500-1.jpg","contentUrl":"https:\/\/soprassub.com\/wp-content\/uploads\/2024\/10\/dive-center-BCD-colours-1500x1500-1.jpg","width":1178,"height":1500},{"@type":"BreadcrumbList","@id":"https:\/\/soprassub.com\/cs\/shop\/divecenter-deluxe\/#breadcrumb","itemListElement":[{"@type":"ListItem","position":1,"name":"Home","item":"https:\/\/soprassub.com\/cs\/"},{"@type":"ListItem","position":2,"name":"Shop","item":"https:\/\/soprassub.com\/shop\/"},{"@type":"ListItem","position":3,"name":"DIVECENTER DELUXE"}]},{"@type":"WebSite","@id":"https:\/\/soprassub.com\/#website","url":"https:\/\/soprassub.com\/","name":"Soprassub","description":"Recreational diving","potentialAction":[{"@type":"SearchAction","target":{"@type":"EntryPoint","urlTemplate":"https:\/\/soprassub.com\/?s={search_term_string}"},"query-input":{"@type":"PropertyValueSpecification","valueRequired":true,"valueName":"search_term_string"}}],"inLanguage":"cs"}]}},"uagb_featured_image_src":{"full":["https:\/\/soprassub.com\/wp-content\/uploads\/2024\/10\/dive-center-BCD-colours-1500x1500-1.jpg",1178,1500,false],"thumbnail":["https:\/\/soprassub.com\/wp-content\/uploads\/2024\/10\/dive-center-BCD-colours-1500x1500-1-150x150.jpg",150,150,true],"medium":["https:\/\/soprassub.com\/wp-content\/uploads\/2024\/10\/dive-center-BCD-colours-1500x1500-1-236x300.jpg",236,300,true],"medium_large":["https:\/\/soprassub.com\/wp-content\/uploads\/2024\/10\/dive-center-BCD-colours-1500x1500-1-768x978.jpg",768,978,true],"large":["https:\/\/soprassub.com\/wp-content\/uploads\/2024\/10\/dive-center-BCD-colours-1500x1500-1-804x1024.jpg",804,1024,true],"1536x1536":["https:\/\/soprassub.com\/wp-content\/uploads\/2024\/10\/dive-center-BCD-colours-1500x1500-1.jpg",1178,1500,false],"2048x2048":["https:\/\/soprassub.com\/wp-content\/uploads\/2024\/10\/dive-center-BCD-colours-1500x1500-1.jpg",1178,1500,false],"neve-blog":["https:\/\/soprassub.com\/wp-content\/uploads\/2024\/10\/dive-center-BCD-colours-1500x1500-1-930x620.jpg",930,620,true],"mailpoet_newsletter_max":["https:\/\/soprassub.com\/wp-content\/uploads\/2024\/10\/dive-center-BCD-colours-1500x1500-1.jpg",1178,1500,false],"woocommerce_thumbnail":["https:\/\/soprassub.com\/wp-content\/uploads\/2024\/10\/dive-center-BCD-colours-1500x1500-1-300x300.jpg",300,300,true],"woocommerce_single":["https:\/\/soprassub.com\/wp-content\/uploads\/2024\/10\/dive-center-BCD-colours-1500x1500-1-600x764.jpg",600,764,true],"woocommerce_gallery_thumbnail":["https:\/\/soprassub.com\/wp-content\/uploads\/2024\/10\/dive-center-BCD-colours-1500x1500-1-100x100.jpg",100,100,true]},"uagb_author_info":{"display_name":"sobkova","author_link":"https:\/\/soprassub.com\/cs\/author\/"},"uagb_comment_info":0,"uagb_excerpt":"BCD especially designed for dive centers with very spacious pockets in very well visible colour with a slot for positioning your octopus regulator. The single bladder is available from with 15 up to 20litres of volume and is in Nylon 420 fabric. The size of the BCD is easily recognizable being positioned on the left&hellip;&nbsp;\u010c\u00edst&hellip;","_links":{"self":[{"href":"https:\/\/soprassub.com\/cs\/wp-json\/wp\/v2\/product\/14607","targetHints":{"allow":["GET"]}}],"collection":[{"href":"https:\/\/soprassub.com\/cs\/wp-json\/wp\/v2\/product"}],"about":[{"href":"https:\/\/soprassub.com\/cs\/wp-json\/wp\/v2\/types\/product"}],"replies":[{"embeddable":true,"href":"https:\/\/soprassub.com\/cs\/wp-json\/wp\/v2\/comments?post=14607"}],"wp:featuredmedia":[{"embeddable":true,"href":"https:\/\/soprassub.com\/cs\/wp-json\/wp\/v2\/media\/13717"}],"wp:attachment":[{"href":"https:\/\/soprassub.com\/cs\/wp-json\/wp\/v2\/media?parent=14607"}],"wp:term":[{"taxonomy":"product_brand","embeddable":true,"href":"https:\/\/soprassub.com\/cs\/wp-json\/wp\/v2\/product_brand?post=14607"},{"taxonomy":"product_cat","embeddable":true,"href":"https:\/\/soprassub.com\/cs\/wp-json\/wp\/v2\/product_cat?post=14607"},{"taxonomy":"product_tag","embeddable":true,"href":"https:\/\/soprassub.com\/cs\/wp-json\/wp\/v2\/product_tag?post=14607"}],"curies":[{"name":"wp","href":"https:\/\/api.w.org\/{rel}","templated":true}]}}