{"id":14636,"date":"2024-02-10T19:46:02","date_gmt":"2024-02-10T18:46:02","guid":{"rendered":"https:\/\/soprassub.com\/shop\/tank-belt-105cm-hard-plast-buckle-fp\/"},"modified":"2025-11-28T11:42:30","modified_gmt":"2025-11-28T10:42:30","slug":"tank-belt-105cm-hard-plast-buckle-fp","status":"publish","type":"product","link":"https:\/\/soprassub.com\/cs\/shop\/tank-belt-105cm-hard-plast-buckle-fp\/","title":{"rendered":"Tank belt (105cm) hard plast buckle FP"},"content":{"rendered":"<p>Harder webbing with a universal size, good for tanks with diameter 171mm (most 10l. steel) up to 204mm (most 18l. steel), with friction pad to prevent slipping and velcro at the end of the strap. Plastic buckle<\/p>\n","protected":false},"excerpt":{"rendered":"<p>Harder webbing with a universal size, good for tanks with diameter 171mm (most 10l. steel) up to 204mm (most 18l. steel), with friction pad to prevent slipping and velcro at the end of the strap. Plastic buckle<\/p>\n","protected":false},"featured_media":13474,"comment_status":"open","ping_status":"closed","template":"","meta":{"_uag_custom_page_level_css":"","neve_meta_sidebar":"","neve_meta_container":"","neve_meta_enable_content_width":"off","neve_meta_content_width":100,"neve_meta_title_alignment":"","neve_meta_author_avatar":"","neve_post_elements_order":"","neve_meta_disable_header":"","neve_meta_disable_footer":"","neve_meta_disable_title":""},"product_brand":[],"product_cat":[945],"product_tag":[954],"class_list":{"0":"post-14636","1":"product","2":"type-product","3":"status-publish","4":"has-post-thumbnail","6":"product_cat-opasky-na-lahve","7":"product_tag-new-cs","9":"first","10":"instock","11":"taxable","12":"shipping-taxable","13":"purchasable","14":"product-type-simple"},"yoast_head":"<!-- This site is optimized with the Yoast SEO plugin v27.2 - https:\/\/yoast.com\/product\/yoast-seo-wordpress\/ -->\n<title>Tank belt (105cm) hard plast buckle FP - Soprassub<\/title>\n<meta name=\"robots\" content=\"index, follow, max-snippet:-1, max-image-preview:large, max-video-preview:-1\" \/>\n<link rel=\"canonical\" href=\"https:\/\/soprassub.com\/cs\/shop\/tank-belt-105cm-hard-plast-buckle-fp\/\" \/>\n<meta property=\"og:locale\" content=\"cs_CZ\" \/>\n<meta property=\"og:type\" content=\"article\" \/>\n<meta property=\"og:title\" content=\"Tank belt (105cm) hard plast buckle FP - Soprassub\" \/>\n<meta property=\"og:description\" content=\"Harder webbing with a universal size, good for tanks with diameter 171mm (most 10l. steel) up to 204mm (most 18l. steel), with friction pad to prevent slipping and velcro at the end of the strap. Plastic buckle\" \/>\n<meta property=\"og:url\" content=\"https:\/\/soprassub.com\/cs\/shop\/tank-belt-105cm-hard-plast-buckle-fp\/\" \/>\n<meta property=\"og:site_name\" content=\"Soprassub\" \/>\n<meta property=\"article:modified_time\" content=\"2025-11-28T10:42:30+00:00\" \/>\n<meta property=\"og:image\" content=\"https:\/\/soprassub.com\/wp-content\/uploads\/2024\/02\/900312-1500x1500-1.jpg\" \/>\n\t<meta property=\"og:image:width\" content=\"1500\" \/>\n\t<meta property=\"og:image:height\" content=\"1273\" \/>\n\t<meta property=\"og:image:type\" content=\"image\/jpeg\" \/>\n<meta name=\"twitter:card\" content=\"summary_large_image\" \/>\n<meta name=\"twitter:label1\" content=\"Odhadovan\u00e1 doba \u010dten\u00ed\" \/>\n\t<meta name=\"twitter:data1\" content=\"1 minuta\" \/>\n<script type=\"application\/ld+json\" class=\"yoast-schema-graph\">{\"@context\":\"https:\/\/schema.org\",\"@graph\":[{\"@type\":\"WebPage\",\"@id\":\"https:\/\/soprassub.com\/cs\/shop\/tank-belt-105cm-hard-plast-buckle-fp\/\",\"url\":\"https:\/\/soprassub.com\/cs\/shop\/tank-belt-105cm-hard-plast-buckle-fp\/\",\"name\":\"Tank belt (105cm) hard plast buckle FP - Soprassub\",\"isPartOf\":{\"@id\":\"https:\/\/soprassub.com\/#website\"},\"primaryImageOfPage\":{\"@id\":\"https:\/\/soprassub.com\/cs\/shop\/tank-belt-105cm-hard-plast-buckle-fp\/#primaryimage\"},\"image\":{\"@id\":\"https:\/\/soprassub.com\/cs\/shop\/tank-belt-105cm-hard-plast-buckle-fp\/#primaryimage\"},\"thumbnailUrl\":\"https:\/\/soprassub.com\/wp-content\/uploads\/2024\/02\/900312-1500x1500-1.jpg\",\"datePublished\":\"2024-02-10T18:46:02+00:00\",\"dateModified\":\"2025-11-28T10:42:30+00:00\",\"breadcrumb\":{\"@id\":\"https:\/\/soprassub.com\/cs\/shop\/tank-belt-105cm-hard-plast-buckle-fp\/#breadcrumb\"},\"inLanguage\":\"cs\",\"potentialAction\":[{\"@type\":\"ReadAction\",\"target\":[\"https:\/\/soprassub.com\/cs\/shop\/tank-belt-105cm-hard-plast-buckle-fp\/\"]}]},{\"@type\":\"ImageObject\",\"inLanguage\":\"cs\",\"@id\":\"https:\/\/soprassub.com\/cs\/shop\/tank-belt-105cm-hard-plast-buckle-fp\/#primaryimage\",\"url\":\"https:\/\/soprassub.com\/wp-content\/uploads\/2024\/02\/900312-1500x1500-1.jpg\",\"contentUrl\":\"https:\/\/soprassub.com\/wp-content\/uploads\/2024\/02\/900312-1500x1500-1.jpg\",\"width\":1500,\"height\":1273},{\"@type\":\"BreadcrumbList\",\"@id\":\"https:\/\/soprassub.com\/cs\/shop\/tank-belt-105cm-hard-plast-buckle-fp\/#breadcrumb\",\"itemListElement\":[{\"@type\":\"ListItem\",\"position\":1,\"name\":\"Home\",\"item\":\"https:\/\/soprassub.com\/cs\/\"},{\"@type\":\"ListItem\",\"position\":2,\"name\":\"Shop\",\"item\":\"https:\/\/soprassub.com\/shop\/\"},{\"@type\":\"ListItem\",\"position\":3,\"name\":\"Tank belt (105cm) hard plast buckle FP\"}]},{\"@type\":\"WebSite\",\"@id\":\"https:\/\/soprassub.com\/#website\",\"url\":\"https:\/\/soprassub.com\/\",\"name\":\"Soprassub\",\"description\":\"Recreational diving\",\"potentialAction\":[{\"@type\":\"SearchAction\",\"target\":{\"@type\":\"EntryPoint\",\"urlTemplate\":\"https:\/\/soprassub.com\/?s={search_term_string}\"},\"query-input\":{\"@type\":\"PropertyValueSpecification\",\"valueRequired\":true,\"valueName\":\"search_term_string\"}}],\"inLanguage\":\"cs\"}]}<\/script>\n<!-- \/ Yoast SEO plugin. -->","yoast_head_json":{"title":"Tank belt (105cm) hard plast buckle FP - Soprassub","robots":{"index":"index","follow":"follow","max-snippet":"max-snippet:-1","max-image-preview":"max-image-preview:large","max-video-preview":"max-video-preview:-1"},"canonical":"https:\/\/soprassub.com\/cs\/shop\/tank-belt-105cm-hard-plast-buckle-fp\/","og_locale":"cs_CZ","og_type":"article","og_title":"Tank belt (105cm) hard plast buckle FP - Soprassub","og_description":"Harder webbing with a universal size, good for tanks with diameter 171mm (most 10l. steel) up to 204mm (most 18l. steel), with friction pad to prevent slipping and velcro at the end of the strap. Plastic buckle","og_url":"https:\/\/soprassub.com\/cs\/shop\/tank-belt-105cm-hard-plast-buckle-fp\/","og_site_name":"Soprassub","article_modified_time":"2025-11-28T10:42:30+00:00","og_image":[{"width":1500,"height":1273,"url":"https:\/\/soprassub.com\/wp-content\/uploads\/2024\/02\/900312-1500x1500-1.jpg","type":"image\/jpeg"}],"twitter_card":"summary_large_image","twitter_misc":{"Odhadovan\u00e1 doba \u010dten\u00ed":"1 minuta"},"schema":{"@context":"https:\/\/schema.org","@graph":[{"@type":"WebPage","@id":"https:\/\/soprassub.com\/cs\/shop\/tank-belt-105cm-hard-plast-buckle-fp\/","url":"https:\/\/soprassub.com\/cs\/shop\/tank-belt-105cm-hard-plast-buckle-fp\/","name":"Tank belt (105cm) hard plast buckle FP - Soprassub","isPartOf":{"@id":"https:\/\/soprassub.com\/#website"},"primaryImageOfPage":{"@id":"https:\/\/soprassub.com\/cs\/shop\/tank-belt-105cm-hard-plast-buckle-fp\/#primaryimage"},"image":{"@id":"https:\/\/soprassub.com\/cs\/shop\/tank-belt-105cm-hard-plast-buckle-fp\/#primaryimage"},"thumbnailUrl":"https:\/\/soprassub.com\/wp-content\/uploads\/2024\/02\/900312-1500x1500-1.jpg","datePublished":"2024-02-10T18:46:02+00:00","dateModified":"2025-11-28T10:42:30+00:00","breadcrumb":{"@id":"https:\/\/soprassub.com\/cs\/shop\/tank-belt-105cm-hard-plast-buckle-fp\/#breadcrumb"},"inLanguage":"cs","potentialAction":[{"@type":"ReadAction","target":["https:\/\/soprassub.com\/cs\/shop\/tank-belt-105cm-hard-plast-buckle-fp\/"]}]},{"@type":"ImageObject","inLanguage":"cs","@id":"https:\/\/soprassub.com\/cs\/shop\/tank-belt-105cm-hard-plast-buckle-fp\/#primaryimage","url":"https:\/\/soprassub.com\/wp-content\/uploads\/2024\/02\/900312-1500x1500-1.jpg","contentUrl":"https:\/\/soprassub.com\/wp-content\/uploads\/2024\/02\/900312-1500x1500-1.jpg","width":1500,"height":1273},{"@type":"BreadcrumbList","@id":"https:\/\/soprassub.com\/cs\/shop\/tank-belt-105cm-hard-plast-buckle-fp\/#breadcrumb","itemListElement":[{"@type":"ListItem","position":1,"name":"Home","item":"https:\/\/soprassub.com\/cs\/"},{"@type":"ListItem","position":2,"name":"Shop","item":"https:\/\/soprassub.com\/shop\/"},{"@type":"ListItem","position":3,"name":"Tank belt (105cm) hard plast buckle FP"}]},{"@type":"WebSite","@id":"https:\/\/soprassub.com\/#website","url":"https:\/\/soprassub.com\/","name":"Soprassub","description":"Recreational diving","potentialAction":[{"@type":"SearchAction","target":{"@type":"EntryPoint","urlTemplate":"https:\/\/soprassub.com\/?s={search_term_string}"},"query-input":{"@type":"PropertyValueSpecification","valueRequired":true,"valueName":"search_term_string"}}],"inLanguage":"cs"}]}},"uagb_featured_image_src":{"full":["https:\/\/soprassub.com\/wp-content\/uploads\/2024\/02\/900312-1500x1500-1.jpg",1500,1273,false],"thumbnail":["https:\/\/soprassub.com\/wp-content\/uploads\/2024\/02\/900312-1500x1500-1-150x150.jpg",150,150,true],"medium":["https:\/\/soprassub.com\/wp-content\/uploads\/2024\/02\/900312-1500x1500-1-300x255.jpg",300,255,true],"medium_large":["https:\/\/soprassub.com\/wp-content\/uploads\/2024\/02\/900312-1500x1500-1-768x652.jpg",768,652,true],"large":["https:\/\/soprassub.com\/wp-content\/uploads\/2024\/02\/900312-1500x1500-1-1024x869.jpg",1024,869,true],"1536x1536":["https:\/\/soprassub.com\/wp-content\/uploads\/2024\/02\/900312-1500x1500-1.jpg",1500,1273,false],"2048x2048":["https:\/\/soprassub.com\/wp-content\/uploads\/2024\/02\/900312-1500x1500-1.jpg",1500,1273,false],"neve-blog":["https:\/\/soprassub.com\/wp-content\/uploads\/2024\/02\/900312-1500x1500-1-930x620.jpg",930,620,true],"mailpoet_newsletter_max":["https:\/\/soprassub.com\/wp-content\/uploads\/2024\/02\/900312-1500x1500-1.jpg",1320,1120,false],"woocommerce_thumbnail":["https:\/\/soprassub.com\/wp-content\/uploads\/2024\/02\/900312-1500x1500-1-300x300.jpg",300,300,true],"woocommerce_single":["https:\/\/soprassub.com\/wp-content\/uploads\/2024\/02\/900312-1500x1500-1-600x509.jpg",600,509,true],"woocommerce_gallery_thumbnail":["https:\/\/soprassub.com\/wp-content\/uploads\/2024\/02\/900312-1500x1500-1-100x100.jpg",100,100,true]},"uagb_author_info":{"display_name":"sobkova","author_link":"https:\/\/soprassub.com\/cs\/author\/"},"uagb_comment_info":0,"uagb_excerpt":"Harder webbing with a universal size, good for tanks with diameter 171mm (most 10l. steel) up to 204mm (most 18l. steel), with friction pad to prevent slipping and velcro at the end of the strap. Plastic buckle","_links":{"self":[{"href":"https:\/\/soprassub.com\/cs\/wp-json\/wp\/v2\/product\/14636","targetHints":{"allow":["GET"]}}],"collection":[{"href":"https:\/\/soprassub.com\/cs\/wp-json\/wp\/v2\/product"}],"about":[{"href":"https:\/\/soprassub.com\/cs\/wp-json\/wp\/v2\/types\/product"}],"replies":[{"embeddable":true,"href":"https:\/\/soprassub.com\/cs\/wp-json\/wp\/v2\/comments?post=14636"}],"wp:featuredmedia":[{"embeddable":true,"href":"https:\/\/soprassub.com\/cs\/wp-json\/wp\/v2\/media\/13474"}],"wp:attachment":[{"href":"https:\/\/soprassub.com\/cs\/wp-json\/wp\/v2\/media?parent=14636"}],"wp:term":[{"taxonomy":"product_brand","embeddable":true,"href":"https:\/\/soprassub.com\/cs\/wp-json\/wp\/v2\/product_brand?post=14636"},{"taxonomy":"product_cat","embeddable":true,"href":"https:\/\/soprassub.com\/cs\/wp-json\/wp\/v2\/product_cat?post=14636"},{"taxonomy":"product_tag","embeddable":true,"href":"https:\/\/soprassub.com\/cs\/wp-json\/wp\/v2\/product_tag?post=14636"}],"curies":[{"name":"wp","href":"https:\/\/api.w.org\/{rel}","templated":true}]}}