{"id":15649,"date":"2018-02-14T16:15:21","date_gmt":"2018-02-14T15:15:21","guid":{"rendered":"https:\/\/soprassub.com\/shop\/hanger-ii\/"},"modified":"2025-12-06T16:30:29","modified_gmt":"2025-12-06T15:30:29","slug":"hanger-ii","status":"publish","type":"product","link":"https:\/\/soprassub.com\/cs\/shop\/hanger-ii\/","title":{"rendered":"Hanger II"},"content":{"rendered":"<p>Hanger II for suits<br \/>\nColour: black<\/p>\n","protected":false},"excerpt":{"rendered":"<p>Hanger II for suits Colour: black<\/p>\n","protected":false},"featured_media":16396,"comment_status":"open","ping_status":"closed","template":"","meta":{"_uag_custom_page_level_css":"","neve_meta_sidebar":"","neve_meta_container":"","neve_meta_enable_content_width":"off","neve_meta_content_width":100,"neve_meta_title_alignment":"","neve_meta_author_avatar":"","neve_post_elements_order":"","neve_meta_disable_header":"","neve_meta_disable_footer":"","neve_meta_disable_title":""},"product_brand":[],"product_cat":[1291],"product_tag":[],"class_list":{"0":"post-15649","1":"product","2":"type-product","3":"status-publish","4":"has-post-thumbnail","6":"product_cat-hangers","8":"first","9":"instock","10":"taxable","11":"shipping-taxable","12":"purchasable","13":"product-type-simple"},"yoast_head":"<!-- This site is optimized with the Yoast SEO plugin v27.2 - https:\/\/yoast.com\/product\/yoast-seo-wordpress\/ -->\n<title>Hanger II - Soprassub<\/title>\n<meta name=\"robots\" content=\"index, follow, max-snippet:-1, max-image-preview:large, max-video-preview:-1\" \/>\n<link rel=\"canonical\" href=\"https:\/\/soprassub.com\/cs\/shop\/hanger-ii\/\" \/>\n<meta property=\"og:locale\" content=\"cs_CZ\" \/>\n<meta property=\"og:type\" content=\"article\" \/>\n<meta property=\"og:title\" content=\"Hanger II - Soprassub\" \/>\n<meta property=\"og:description\" content=\"Hanger II for suits Colour: black\" \/>\n<meta property=\"og:url\" content=\"https:\/\/soprassub.com\/cs\/shop\/hanger-ii\/\" \/>\n<meta property=\"og:site_name\" content=\"Soprassub\" \/>\n<meta property=\"article:modified_time\" content=\"2025-12-06T15:30:29+00:00\" \/>\n<meta property=\"og:image\" content=\"https:\/\/soprassub.com\/wp-content\/uploads\/2018\/02\/806811-hanger-II.jpg\" \/>\n\t<meta property=\"og:image:width\" content=\"1496\" \/>\n\t<meta property=\"og:image:height\" content=\"1496\" \/>\n\t<meta property=\"og:image:type\" content=\"image\/jpeg\" \/>\n<meta name=\"twitter:card\" content=\"summary_large_image\" \/>\n<meta name=\"twitter:label1\" content=\"Odhadovan\u00e1 doba \u010dten\u00ed\" \/>\n\t<meta name=\"twitter:data1\" content=\"1 minuta\" \/>\n<script type=\"application\/ld+json\" class=\"yoast-schema-graph\">{\"@context\":\"https:\/\/schema.org\",\"@graph\":[{\"@type\":\"WebPage\",\"@id\":\"https:\/\/soprassub.com\/cs\/shop\/hanger-ii\/\",\"url\":\"https:\/\/soprassub.com\/cs\/shop\/hanger-ii\/\",\"name\":\"Hanger II - Soprassub\",\"isPartOf\":{\"@id\":\"https:\/\/soprassub.com\/#website\"},\"primaryImageOfPage\":{\"@id\":\"https:\/\/soprassub.com\/cs\/shop\/hanger-ii\/#primaryimage\"},\"image\":{\"@id\":\"https:\/\/soprassub.com\/cs\/shop\/hanger-ii\/#primaryimage\"},\"thumbnailUrl\":\"https:\/\/soprassub.com\/wp-content\/uploads\/2018\/02\/806811-hanger-II.jpg\",\"datePublished\":\"2018-02-14T15:15:21+00:00\",\"dateModified\":\"2025-12-06T15:30:29+00:00\",\"breadcrumb\":{\"@id\":\"https:\/\/soprassub.com\/cs\/shop\/hanger-ii\/#breadcrumb\"},\"inLanguage\":\"cs\",\"potentialAction\":[{\"@type\":\"ReadAction\",\"target\":[\"https:\/\/soprassub.com\/cs\/shop\/hanger-ii\/\"]}]},{\"@type\":\"ImageObject\",\"inLanguage\":\"cs\",\"@id\":\"https:\/\/soprassub.com\/cs\/shop\/hanger-ii\/#primaryimage\",\"url\":\"https:\/\/soprassub.com\/wp-content\/uploads\/2018\/02\/806811-hanger-II.jpg\",\"contentUrl\":\"https:\/\/soprassub.com\/wp-content\/uploads\/2018\/02\/806811-hanger-II.jpg\",\"width\":1496,\"height\":1496},{\"@type\":\"BreadcrumbList\",\"@id\":\"https:\/\/soprassub.com\/cs\/shop\/hanger-ii\/#breadcrumb\",\"itemListElement\":[{\"@type\":\"ListItem\",\"position\":1,\"name\":\"Home\",\"item\":\"https:\/\/soprassub.com\/cs\/\"},{\"@type\":\"ListItem\",\"position\":2,\"name\":\"Shop\",\"item\":\"https:\/\/soprassub.com\/shop\/\"},{\"@type\":\"ListItem\",\"position\":3,\"name\":\"Hanger II\"}]},{\"@type\":\"WebSite\",\"@id\":\"https:\/\/soprassub.com\/#website\",\"url\":\"https:\/\/soprassub.com\/\",\"name\":\"Soprassub\",\"description\":\"Recreational diving\",\"potentialAction\":[{\"@type\":\"SearchAction\",\"target\":{\"@type\":\"EntryPoint\",\"urlTemplate\":\"https:\/\/soprassub.com\/?s={search_term_string}\"},\"query-input\":{\"@type\":\"PropertyValueSpecification\",\"valueRequired\":true,\"valueName\":\"search_term_string\"}}],\"inLanguage\":\"cs\"}]}<\/script>\n<!-- \/ Yoast SEO plugin. -->","yoast_head_json":{"title":"Hanger II - Soprassub","robots":{"index":"index","follow":"follow","max-snippet":"max-snippet:-1","max-image-preview":"max-image-preview:large","max-video-preview":"max-video-preview:-1"},"canonical":"https:\/\/soprassub.com\/cs\/shop\/hanger-ii\/","og_locale":"cs_CZ","og_type":"article","og_title":"Hanger II - Soprassub","og_description":"Hanger II for suits Colour: black","og_url":"https:\/\/soprassub.com\/cs\/shop\/hanger-ii\/","og_site_name":"Soprassub","article_modified_time":"2025-12-06T15:30:29+00:00","og_image":[{"width":1496,"height":1496,"url":"https:\/\/soprassub.com\/wp-content\/uploads\/2018\/02\/806811-hanger-II.jpg","type":"image\/jpeg"}],"twitter_card":"summary_large_image","twitter_misc":{"Odhadovan\u00e1 doba \u010dten\u00ed":"1 minuta"},"schema":{"@context":"https:\/\/schema.org","@graph":[{"@type":"WebPage","@id":"https:\/\/soprassub.com\/cs\/shop\/hanger-ii\/","url":"https:\/\/soprassub.com\/cs\/shop\/hanger-ii\/","name":"Hanger II - Soprassub","isPartOf":{"@id":"https:\/\/soprassub.com\/#website"},"primaryImageOfPage":{"@id":"https:\/\/soprassub.com\/cs\/shop\/hanger-ii\/#primaryimage"},"image":{"@id":"https:\/\/soprassub.com\/cs\/shop\/hanger-ii\/#primaryimage"},"thumbnailUrl":"https:\/\/soprassub.com\/wp-content\/uploads\/2018\/02\/806811-hanger-II.jpg","datePublished":"2018-02-14T15:15:21+00:00","dateModified":"2025-12-06T15:30:29+00:00","breadcrumb":{"@id":"https:\/\/soprassub.com\/cs\/shop\/hanger-ii\/#breadcrumb"},"inLanguage":"cs","potentialAction":[{"@type":"ReadAction","target":["https:\/\/soprassub.com\/cs\/shop\/hanger-ii\/"]}]},{"@type":"ImageObject","inLanguage":"cs","@id":"https:\/\/soprassub.com\/cs\/shop\/hanger-ii\/#primaryimage","url":"https:\/\/soprassub.com\/wp-content\/uploads\/2018\/02\/806811-hanger-II.jpg","contentUrl":"https:\/\/soprassub.com\/wp-content\/uploads\/2018\/02\/806811-hanger-II.jpg","width":1496,"height":1496},{"@type":"BreadcrumbList","@id":"https:\/\/soprassub.com\/cs\/shop\/hanger-ii\/#breadcrumb","itemListElement":[{"@type":"ListItem","position":1,"name":"Home","item":"https:\/\/soprassub.com\/cs\/"},{"@type":"ListItem","position":2,"name":"Shop","item":"https:\/\/soprassub.com\/shop\/"},{"@type":"ListItem","position":3,"name":"Hanger II"}]},{"@type":"WebSite","@id":"https:\/\/soprassub.com\/#website","url":"https:\/\/soprassub.com\/","name":"Soprassub","description":"Recreational diving","potentialAction":[{"@type":"SearchAction","target":{"@type":"EntryPoint","urlTemplate":"https:\/\/soprassub.com\/?s={search_term_string}"},"query-input":{"@type":"PropertyValueSpecification","valueRequired":true,"valueName":"search_term_string"}}],"inLanguage":"cs"}]}},"uagb_featured_image_src":{"full":["https:\/\/soprassub.com\/wp-content\/uploads\/2018\/02\/806811-hanger-II.jpg",1496,1496,false],"thumbnail":["https:\/\/soprassub.com\/wp-content\/uploads\/2018\/02\/806811-hanger-II-150x150.jpg",150,150,true],"medium":["https:\/\/soprassub.com\/wp-content\/uploads\/2018\/02\/806811-hanger-II-300x300.jpg",300,300,true],"medium_large":["https:\/\/soprassub.com\/wp-content\/uploads\/2018\/02\/806811-hanger-II-768x768.jpg",768,768,true],"large":["https:\/\/soprassub.com\/wp-content\/uploads\/2018\/02\/806811-hanger-II-1024x1024.jpg",1024,1024,true],"1536x1536":["https:\/\/soprassub.com\/wp-content\/uploads\/2018\/02\/806811-hanger-II.jpg",1496,1496,false],"2048x2048":["https:\/\/soprassub.com\/wp-content\/uploads\/2018\/02\/806811-hanger-II.jpg",1496,1496,false],"neve-blog":["https:\/\/soprassub.com\/wp-content\/uploads\/2018\/02\/806811-hanger-II-930x620.jpg",930,620,true],"mailpoet_newsletter_max":["https:\/\/soprassub.com\/wp-content\/uploads\/2018\/02\/806811-hanger-II-1320x1320.jpg",1320,1320,true],"woocommerce_thumbnail":["https:\/\/soprassub.com\/wp-content\/uploads\/2018\/02\/806811-hanger-II-300x300.jpg",300,300,true],"woocommerce_single":["https:\/\/soprassub.com\/wp-content\/uploads\/2018\/02\/806811-hanger-II-600x600.jpg",600,600,true],"woocommerce_gallery_thumbnail":["https:\/\/soprassub.com\/wp-content\/uploads\/2018\/02\/806811-hanger-II-100x100.jpg",100,100,true]},"uagb_author_info":{"display_name":"sobkova","author_link":"https:\/\/soprassub.com\/cs\/author\/"},"uagb_comment_info":0,"uagb_excerpt":"Hanger II for suits Colour: black","_links":{"self":[{"href":"https:\/\/soprassub.com\/cs\/wp-json\/wp\/v2\/product\/15649","targetHints":{"allow":["GET"]}}],"collection":[{"href":"https:\/\/soprassub.com\/cs\/wp-json\/wp\/v2\/product"}],"about":[{"href":"https:\/\/soprassub.com\/cs\/wp-json\/wp\/v2\/types\/product"}],"replies":[{"embeddable":true,"href":"https:\/\/soprassub.com\/cs\/wp-json\/wp\/v2\/comments?post=15649"}],"wp:featuredmedia":[{"embeddable":true,"href":"https:\/\/soprassub.com\/cs\/wp-json\/wp\/v2\/media\/16396"}],"wp:attachment":[{"href":"https:\/\/soprassub.com\/cs\/wp-json\/wp\/v2\/media?parent=15649"}],"wp:term":[{"taxonomy":"product_brand","embeddable":true,"href":"https:\/\/soprassub.com\/cs\/wp-json\/wp\/v2\/product_brand?post=15649"},{"taxonomy":"product_cat","embeddable":true,"href":"https:\/\/soprassub.com\/cs\/wp-json\/wp\/v2\/product_cat?post=15649"},{"taxonomy":"product_tag","embeddable":true,"href":"https:\/\/soprassub.com\/cs\/wp-json\/wp\/v2\/product_tag?post=15649"}],"curies":[{"name":"wp","href":"https:\/\/api.w.org\/{rel}","templated":true}]}}