{"id":15825,"date":"2018-02-09T16:24:44","date_gmt":"2018-02-09T15:24:44","guid":{"rendered":"https:\/\/soprassub.com\/shop\/standard-300-bar\/"},"modified":"2025-11-28T11:51:09","modified_gmt":"2025-11-28T10:51:09","slug":"standard-300-bar","status":"publish","type":"product","link":"https:\/\/soprassub.com\/cs\/shop\/standard-300-bar\/","title":{"rendered":"Standard 300 bar"},"content":{"rendered":"<p>Pressure gauge in bar. Diam.60mm\/2,4&#8243;<br \/>\nShock resistant pressure gauges,complying with the CE directive,designed to absorb violent shocks. Nickeled brass case and bourdon spiral spring 414 BAR resistant(6.000 P.S.I.). Luminous dial. Accuracy + or &#8211; 1,5%. Kevlar and rubber H.P. HOSE 80cm long in conformity with DEMA 105 (USA) specification. 7\/16&#8243; Fittings. Working pressure 276 BAR (4.000 P.S.I.); test pressure 345 BAR (5.000 P.S.I.); bursting pressure higher than 1.300 BAR (18.850 P.S.I.). Safety coefficent 5:1. All manometers are available in PSI and in BARS and all depth meters are available in meters as well as in feet.<\/p>\n","protected":false},"excerpt":{"rendered":"<p>Pressure gauge in bar. Diam.60mm\/2,4&#8243; Shock resistant pressure gauges,complying with the CE directive,designed to absorb violent shocks. Nickeled brass case and bourdon spiral spring 414 BAR resistant(6.000 P.S.I.). Luminous dial. Accuracy + or &#8211; 1,5%. Kevlar and rubber H.P. HOSE 80cm long in conformity with DEMA 105 (USA) specification. 7\/16&#8243; Fittings. Working pressure 276 BAR&hellip;&nbsp;<a href=\"https:\/\/soprassub.com\/cs\/shop\/standard-300-bar\/\" rel=\"bookmark\">\u010c\u00edst d\u00e1le &raquo;<span class=\"screen-reader-text\">Standard 300 bar<\/span><\/a><\/p>\n","protected":false},"featured_media":9713,"comment_status":"open","ping_status":"closed","template":"","meta":{"_uag_custom_page_level_css":"","neve_meta_sidebar":"","neve_meta_container":"","neve_meta_enable_content_width":"off","neve_meta_content_width":100,"neve_meta_title_alignment":"","neve_meta_author_avatar":"","neve_post_elements_order":"","neve_meta_disable_header":"","neve_meta_disable_footer":"","neve_meta_disable_title":""},"product_brand":[],"product_cat":[931],"product_tag":[],"class_list":{"0":"post-15825","1":"product","2":"type-product","3":"status-publish","4":"has-post-thumbnail","6":"product_cat-potapecske-manometry","8":"first","9":"instock","10":"taxable","11":"shipping-taxable","12":"purchasable","13":"product-type-simple"},"yoast_head":"<!-- This site is optimized with the Yoast SEO plugin v27.2 - https:\/\/yoast.com\/product\/yoast-seo-wordpress\/ -->\n<title>Standard 300 bar - Soprassub<\/title>\n<meta name=\"robots\" content=\"index, follow, max-snippet:-1, max-image-preview:large, max-video-preview:-1\" \/>\n<link rel=\"canonical\" href=\"https:\/\/soprassub.com\/cs\/shop\/standard-300-bar\/\" \/>\n<meta property=\"og:locale\" content=\"cs_CZ\" \/>\n<meta property=\"og:type\" content=\"article\" \/>\n<meta property=\"og:title\" content=\"Standard 300 bar - Soprassub\" \/>\n<meta property=\"og:description\" content=\"Pressure gauge in bar. Diam.60mm\/2,4&#8243; Shock resistant pressure gauges,complying with the CE directive,designed to absorb violent shocks. Nickeled brass case and bourdon spiral spring 414 BAR resistant(6.000 P.S.I.). Luminous dial. Accuracy + or &#8211; 1,5%. Kevlar and rubber H.P. HOSE 80cm long in conformity with DEMA 105 (USA) specification. 7\/16&#8243; Fittings. Working pressure 276 BAR&hellip;&nbsp;\u010c\u00edst d\u00e1le &raquo;Standard 300 bar\" \/>\n<meta property=\"og:url\" content=\"https:\/\/soprassub.com\/cs\/shop\/standard-300-bar\/\" \/>\n<meta property=\"og:site_name\" content=\"Soprassub\" \/>\n<meta property=\"article:modified_time\" content=\"2025-11-28T10:51:09+00:00\" \/>\n<meta property=\"og:image\" content=\"https:\/\/soprassub.com\/wp-content\/uploads\/2018\/02\/501400-Standard-300bar-1.jpg\" \/>\n\t<meta property=\"og:image:width\" content=\"1500\" \/>\n\t<meta property=\"og:image:height\" content=\"1500\" \/>\n\t<meta property=\"og:image:type\" content=\"image\/jpeg\" \/>\n<meta name=\"twitter:card\" content=\"summary_large_image\" \/>\n<meta name=\"twitter:label1\" content=\"Odhadovan\u00e1 doba \u010dten\u00ed\" \/>\n\t<meta name=\"twitter:data1\" content=\"1 minuta\" \/>\n<script type=\"application\/ld+json\" class=\"yoast-schema-graph\">{\"@context\":\"https:\/\/schema.org\",\"@graph\":[{\"@type\":\"WebPage\",\"@id\":\"https:\/\/soprassub.com\/cs\/shop\/standard-300-bar\/\",\"url\":\"https:\/\/soprassub.com\/cs\/shop\/standard-300-bar\/\",\"name\":\"Standard 300 bar - Soprassub\",\"isPartOf\":{\"@id\":\"https:\/\/soprassub.com\/#website\"},\"primaryImageOfPage\":{\"@id\":\"https:\/\/soprassub.com\/cs\/shop\/standard-300-bar\/#primaryimage\"},\"image\":{\"@id\":\"https:\/\/soprassub.com\/cs\/shop\/standard-300-bar\/#primaryimage\"},\"thumbnailUrl\":\"https:\/\/soprassub.com\/wp-content\/uploads\/2018\/02\/501400-Standard-300bar-1.jpg\",\"datePublished\":\"2018-02-09T15:24:44+00:00\",\"dateModified\":\"2025-11-28T10:51:09+00:00\",\"breadcrumb\":{\"@id\":\"https:\/\/soprassub.com\/cs\/shop\/standard-300-bar\/#breadcrumb\"},\"inLanguage\":\"cs\",\"potentialAction\":[{\"@type\":\"ReadAction\",\"target\":[\"https:\/\/soprassub.com\/cs\/shop\/standard-300-bar\/\"]}]},{\"@type\":\"ImageObject\",\"inLanguage\":\"cs\",\"@id\":\"https:\/\/soprassub.com\/cs\/shop\/standard-300-bar\/#primaryimage\",\"url\":\"https:\/\/soprassub.com\/wp-content\/uploads\/2018\/02\/501400-Standard-300bar-1.jpg\",\"contentUrl\":\"https:\/\/soprassub.com\/wp-content\/uploads\/2018\/02\/501400-Standard-300bar-1.jpg\",\"width\":1500,\"height\":1500},{\"@type\":\"BreadcrumbList\",\"@id\":\"https:\/\/soprassub.com\/cs\/shop\/standard-300-bar\/#breadcrumb\",\"itemListElement\":[{\"@type\":\"ListItem\",\"position\":1,\"name\":\"Home\",\"item\":\"https:\/\/soprassub.com\/cs\/\"},{\"@type\":\"ListItem\",\"position\":2,\"name\":\"Shop\",\"item\":\"https:\/\/soprassub.com\/shop\/\"},{\"@type\":\"ListItem\",\"position\":3,\"name\":\"Standard 300 bar\"}]},{\"@type\":\"WebSite\",\"@id\":\"https:\/\/soprassub.com\/#website\",\"url\":\"https:\/\/soprassub.com\/\",\"name\":\"Soprassub\",\"description\":\"Recreational diving\",\"potentialAction\":[{\"@type\":\"SearchAction\",\"target\":{\"@type\":\"EntryPoint\",\"urlTemplate\":\"https:\/\/soprassub.com\/?s={search_term_string}\"},\"query-input\":{\"@type\":\"PropertyValueSpecification\",\"valueRequired\":true,\"valueName\":\"search_term_string\"}}],\"inLanguage\":\"cs\"}]}<\/script>\n<!-- \/ Yoast SEO plugin. -->","yoast_head_json":{"title":"Standard 300 bar - Soprassub","robots":{"index":"index","follow":"follow","max-snippet":"max-snippet:-1","max-image-preview":"max-image-preview:large","max-video-preview":"max-video-preview:-1"},"canonical":"https:\/\/soprassub.com\/cs\/shop\/standard-300-bar\/","og_locale":"cs_CZ","og_type":"article","og_title":"Standard 300 bar - Soprassub","og_description":"Pressure gauge in bar. Diam.60mm\/2,4&#8243; Shock resistant pressure gauges,complying with the CE directive,designed to absorb violent shocks. Nickeled brass case and bourdon spiral spring 414 BAR resistant(6.000 P.S.I.). Luminous dial. Accuracy + or &#8211; 1,5%. Kevlar and rubber H.P. HOSE 80cm long in conformity with DEMA 105 (USA) specification. 7\/16&#8243; Fittings. Working pressure 276 BAR&hellip;&nbsp;\u010c\u00edst d\u00e1le &raquo;Standard 300 bar","og_url":"https:\/\/soprassub.com\/cs\/shop\/standard-300-bar\/","og_site_name":"Soprassub","article_modified_time":"2025-11-28T10:51:09+00:00","og_image":[{"width":1500,"height":1500,"url":"https:\/\/soprassub.com\/wp-content\/uploads\/2018\/02\/501400-Standard-300bar-1.jpg","type":"image\/jpeg"}],"twitter_card":"summary_large_image","twitter_misc":{"Odhadovan\u00e1 doba \u010dten\u00ed":"1 minuta"},"schema":{"@context":"https:\/\/schema.org","@graph":[{"@type":"WebPage","@id":"https:\/\/soprassub.com\/cs\/shop\/standard-300-bar\/","url":"https:\/\/soprassub.com\/cs\/shop\/standard-300-bar\/","name":"Standard 300 bar - Soprassub","isPartOf":{"@id":"https:\/\/soprassub.com\/#website"},"primaryImageOfPage":{"@id":"https:\/\/soprassub.com\/cs\/shop\/standard-300-bar\/#primaryimage"},"image":{"@id":"https:\/\/soprassub.com\/cs\/shop\/standard-300-bar\/#primaryimage"},"thumbnailUrl":"https:\/\/soprassub.com\/wp-content\/uploads\/2018\/02\/501400-Standard-300bar-1.jpg","datePublished":"2018-02-09T15:24:44+00:00","dateModified":"2025-11-28T10:51:09+00:00","breadcrumb":{"@id":"https:\/\/soprassub.com\/cs\/shop\/standard-300-bar\/#breadcrumb"},"inLanguage":"cs","potentialAction":[{"@type":"ReadAction","target":["https:\/\/soprassub.com\/cs\/shop\/standard-300-bar\/"]}]},{"@type":"ImageObject","inLanguage":"cs","@id":"https:\/\/soprassub.com\/cs\/shop\/standard-300-bar\/#primaryimage","url":"https:\/\/soprassub.com\/wp-content\/uploads\/2018\/02\/501400-Standard-300bar-1.jpg","contentUrl":"https:\/\/soprassub.com\/wp-content\/uploads\/2018\/02\/501400-Standard-300bar-1.jpg","width":1500,"height":1500},{"@type":"BreadcrumbList","@id":"https:\/\/soprassub.com\/cs\/shop\/standard-300-bar\/#breadcrumb","itemListElement":[{"@type":"ListItem","position":1,"name":"Home","item":"https:\/\/soprassub.com\/cs\/"},{"@type":"ListItem","position":2,"name":"Shop","item":"https:\/\/soprassub.com\/shop\/"},{"@type":"ListItem","position":3,"name":"Standard 300 bar"}]},{"@type":"WebSite","@id":"https:\/\/soprassub.com\/#website","url":"https:\/\/soprassub.com\/","name":"Soprassub","description":"Recreational diving","potentialAction":[{"@type":"SearchAction","target":{"@type":"EntryPoint","urlTemplate":"https:\/\/soprassub.com\/?s={search_term_string}"},"query-input":{"@type":"PropertyValueSpecification","valueRequired":true,"valueName":"search_term_string"}}],"inLanguage":"cs"}]}},"uagb_featured_image_src":{"full":["https:\/\/soprassub.com\/wp-content\/uploads\/2018\/02\/501400-Standard-300bar-1.jpg",1500,1500,false],"thumbnail":["https:\/\/soprassub.com\/wp-content\/uploads\/2018\/02\/501400-Standard-300bar-1.jpg",150,150,false],"medium":["https:\/\/soprassub.com\/wp-content\/uploads\/2018\/02\/501400-Standard-300bar-1.jpg",300,300,false],"medium_large":["https:\/\/soprassub.com\/wp-content\/uploads\/2018\/02\/501400-Standard-300bar-1.jpg",768,768,false],"large":["https:\/\/soprassub.com\/wp-content\/uploads\/2018\/02\/501400-Standard-300bar-1.jpg",1024,1024,false],"1536x1536":["https:\/\/soprassub.com\/wp-content\/uploads\/2018\/02\/501400-Standard-300bar-1.jpg",1500,1500,false],"2048x2048":["https:\/\/soprassub.com\/wp-content\/uploads\/2018\/02\/501400-Standard-300bar-1.jpg",1500,1500,false],"neve-blog":["https:\/\/soprassub.com\/wp-content\/uploads\/2018\/02\/501400-Standard-300bar-1.jpg",620,620,false],"mailpoet_newsletter_max":["https:\/\/soprassub.com\/wp-content\/uploads\/2018\/02\/501400-Standard-300bar-1.jpg",1320,1320,false],"woocommerce_thumbnail":["https:\/\/soprassub.com\/wp-content\/uploads\/2018\/02\/501400-Standard-300bar-1-300x300.jpg",300,300,true],"woocommerce_single":["https:\/\/soprassub.com\/wp-content\/uploads\/2018\/02\/501400-Standard-300bar-1-600x600.jpg",600,600,true],"woocommerce_gallery_thumbnail":["https:\/\/soprassub.com\/wp-content\/uploads\/2018\/02\/501400-Standard-300bar-1-100x100.jpg",100,100,true]},"uagb_author_info":{"display_name":"sobkova","author_link":"https:\/\/soprassub.com\/cs\/author\/"},"uagb_comment_info":0,"uagb_excerpt":"Pressure gauge in bar. Diam.60mm\/2,4&#8243; Shock resistant pressure gauges,complying with the CE directive,designed to absorb violent shocks. Nickeled brass case and bourdon spiral spring 414 BAR resistant(6.000 P.S.I.). Luminous dial. Accuracy + or &#8211; 1,5%. Kevlar and rubber H.P. HOSE 80cm long in conformity with DEMA 105 (USA) specification. 7\/16&#8243; Fittings. Working pressure 276 BAR&hellip;&nbsp;\u010c\u00edst&hellip;","_links":{"self":[{"href":"https:\/\/soprassub.com\/cs\/wp-json\/wp\/v2\/product\/15825","targetHints":{"allow":["GET"]}}],"collection":[{"href":"https:\/\/soprassub.com\/cs\/wp-json\/wp\/v2\/product"}],"about":[{"href":"https:\/\/soprassub.com\/cs\/wp-json\/wp\/v2\/types\/product"}],"replies":[{"embeddable":true,"href":"https:\/\/soprassub.com\/cs\/wp-json\/wp\/v2\/comments?post=15825"}],"wp:featuredmedia":[{"embeddable":true,"href":"https:\/\/soprassub.com\/cs\/wp-json\/wp\/v2\/media\/9713"}],"wp:attachment":[{"href":"https:\/\/soprassub.com\/cs\/wp-json\/wp\/v2\/media?parent=15825"}],"wp:term":[{"taxonomy":"product_brand","embeddable":true,"href":"https:\/\/soprassub.com\/cs\/wp-json\/wp\/v2\/product_brand?post=15825"},{"taxonomy":"product_cat","embeddable":true,"href":"https:\/\/soprassub.com\/cs\/wp-json\/wp\/v2\/product_cat?post=15825"},{"taxonomy":"product_tag","embeddable":true,"href":"https:\/\/soprassub.com\/cs\/wp-json\/wp\/v2\/product_tag?post=15825"}],"curies":[{"name":"wp","href":"https:\/\/api.w.org\/{rel}","templated":true}]}}