{"id":17165,"date":"2025-11-09T21:01:42","date_gmt":"2025-11-09T20:01:42","guid":{"rendered":"https:\/\/soprassub.com\/shop\/hp-hoses-accpur\/"},"modified":"2025-11-09T21:01:42","modified_gmt":"2025-11-09T20:01:42","slug":"hp-hoses-accpur","status":"publish","type":"product","link":"https:\/\/soprassub.com\/cs\/shop\/hp-hoses-accpur\/","title":{"rendered":"HP hoses ACCPur"},"content":{"rendered":"<p>HP hoses made of synthetic rubber available in lengths of 15, 18, 60 and 80cm.<\/p>\n<p>Connection: 7\/16\u201d male UNF + 7\/16\u201d female UNF<\/p>\n<ul>\n<li>Coating: thermoplastic NBR<\/li>\n<\/ul>\n<ul>\n<li>Reinforcement: high-resistance aramid fibres<\/li>\n<li>Inner hose: polyurethane<\/li>\n<\/ul>\n<p>&nbsp;<\/p>\n<p>Thanks to the\u00a0micro-drilling\u00a0system any leak, however small, becomes immediately evident: in case of damage, the hoses can be replaced before any functional problems arise.<\/p>\n","protected":false},"excerpt":{"rendered":"<p>HP hoses made of synthetic rubber available in lengths of 15, 18, 60 and 80cm. Connection: 7\/16\u201d male UNF + 7\/16\u201d female UNF Coating: thermoplastic NBR Reinforcement: high-resistance aramid fibres Inner hose: polyurethane &nbsp; Thanks to the\u00a0micro-drilling\u00a0system any leak, however small, becomes immediately evident: in case of damage, the hoses can be replaced before any&hellip;&nbsp;<a href=\"https:\/\/soprassub.com\/cs\/shop\/hp-hoses-accpur\/\" rel=\"bookmark\">\u010c\u00edst d\u00e1le &raquo;<span class=\"screen-reader-text\">HP hoses ACCPur<\/span><\/a><\/p>\n","protected":false},"featured_media":16637,"comment_status":"open","ping_status":"closed","template":"","meta":{"_uag_custom_page_level_css":"","neve_meta_sidebar":"","neve_meta_container":"","neve_meta_enable_content_width":"off","neve_meta_content_width":100,"neve_meta_title_alignment":"","neve_meta_author_avatar":"","neve_post_elements_order":"","neve_meta_disable_header":"","neve_meta_disable_footer":"","neve_meta_disable_title":""},"product_brand":[],"product_cat":[914],"product_tag":[],"class_list":{"0":"post-17165","1":"product","2":"type-product","3":"status-publish","4":"has-post-thumbnail","6":"product_cat-vysokotlake-hadice","8":"first","9":"instock","10":"taxable","11":"shipping-taxable","12":"purchasable","13":"product-type-variable"},"yoast_head":"<!-- This site is optimized with the Yoast SEO plugin v27.2 - https:\/\/yoast.com\/product\/yoast-seo-wordpress\/ -->\n<title>HP hoses ACCPur - Soprassub<\/title>\n<meta name=\"robots\" content=\"index, follow, max-snippet:-1, max-image-preview:large, max-video-preview:-1\" \/>\n<link rel=\"canonical\" href=\"https:\/\/soprassub.com\/cs\/shop\/hp-hoses-accpur\/\" \/>\n<meta property=\"og:locale\" content=\"cs_CZ\" \/>\n<meta property=\"og:type\" content=\"article\" \/>\n<meta property=\"og:title\" content=\"HP hoses ACCPur - Soprassub\" \/>\n<meta property=\"og:description\" content=\"HP hoses made of synthetic rubber available in lengths of 15, 18, 60 and 80cm. Connection: 7\/16\u201d male UNF + 7\/16\u201d female UNF Coating: thermoplastic NBR Reinforcement: high-resistance aramid fibres Inner hose: polyurethane &nbsp; Thanks to the\u00a0micro-drilling\u00a0system any leak, however small, becomes immediately evident: in case of damage, the hoses can be replaced before any&hellip;&nbsp;\u010c\u00edst d\u00e1le &raquo;HP hoses ACCPur\" \/>\n<meta property=\"og:url\" content=\"https:\/\/soprassub.com\/cs\/shop\/hp-hoses-accpur\/\" \/>\n<meta property=\"og:site_name\" content=\"Soprassub\" \/>\n<meta name=\"twitter:card\" content=\"summary_large_image\" \/>\n<script type=\"application\/ld+json\" class=\"yoast-schema-graph\">{\"@context\":\"https:\/\/schema.org\",\"@graph\":[{\"@type\":\"WebPage\",\"@id\":\"https:\/\/soprassub.com\/cs\/shop\/hp-hoses-accpur\/\",\"url\":\"https:\/\/soprassub.com\/cs\/shop\/hp-hoses-accpur\/\",\"name\":\"HP hoses ACCPur - Soprassub\",\"isPartOf\":{\"@id\":\"https:\/\/soprassub.com\/#website\"},\"primaryImageOfPage\":{\"@id\":\"https:\/\/soprassub.com\/cs\/shop\/hp-hoses-accpur\/#primaryimage\"},\"image\":{\"@id\":\"https:\/\/soprassub.com\/cs\/shop\/hp-hoses-accpur\/#primaryimage\"},\"thumbnailUrl\":\"https:\/\/soprassub.com\/wp-content\/uploads\/2025\/11\/HP-hoses.jpg\",\"datePublished\":\"2025-11-09T20:01:42+00:00\",\"breadcrumb\":{\"@id\":\"https:\/\/soprassub.com\/cs\/shop\/hp-hoses-accpur\/#breadcrumb\"},\"inLanguage\":\"cs\",\"potentialAction\":[{\"@type\":\"ReadAction\",\"target\":[\"https:\/\/soprassub.com\/cs\/shop\/hp-hoses-accpur\/\"]}]},{\"@type\":\"ImageObject\",\"inLanguage\":\"cs\",\"@id\":\"https:\/\/soprassub.com\/cs\/shop\/hp-hoses-accpur\/#primaryimage\",\"url\":\"https:\/\/soprassub.com\/wp-content\/uploads\/2025\/11\/HP-hoses.jpg\",\"contentUrl\":\"https:\/\/soprassub.com\/wp-content\/uploads\/2025\/11\/HP-hoses.jpg\",\"width\":1500,\"height\":1500},{\"@type\":\"BreadcrumbList\",\"@id\":\"https:\/\/soprassub.com\/cs\/shop\/hp-hoses-accpur\/#breadcrumb\",\"itemListElement\":[{\"@type\":\"ListItem\",\"position\":1,\"name\":\"Home\",\"item\":\"https:\/\/soprassub.com\/cs\/\"},{\"@type\":\"ListItem\",\"position\":2,\"name\":\"Shop\",\"item\":\"https:\/\/soprassub.com\/shop\/\"},{\"@type\":\"ListItem\",\"position\":3,\"name\":\"HP hoses ACCPur\"}]},{\"@type\":\"WebSite\",\"@id\":\"https:\/\/soprassub.com\/#website\",\"url\":\"https:\/\/soprassub.com\/\",\"name\":\"Soprassub\",\"description\":\"Recreational diving\",\"potentialAction\":[{\"@type\":\"SearchAction\",\"target\":{\"@type\":\"EntryPoint\",\"urlTemplate\":\"https:\/\/soprassub.com\/?s={search_term_string}\"},\"query-input\":{\"@type\":\"PropertyValueSpecification\",\"valueRequired\":true,\"valueName\":\"search_term_string\"}}],\"inLanguage\":\"cs\"}]}<\/script>\n<!-- \/ Yoast SEO plugin. -->","yoast_head_json":{"title":"HP hoses ACCPur - Soprassub","robots":{"index":"index","follow":"follow","max-snippet":"max-snippet:-1","max-image-preview":"max-image-preview:large","max-video-preview":"max-video-preview:-1"},"canonical":"https:\/\/soprassub.com\/cs\/shop\/hp-hoses-accpur\/","og_locale":"cs_CZ","og_type":"article","og_title":"HP hoses ACCPur - Soprassub","og_description":"HP hoses made of synthetic rubber available in lengths of 15, 18, 60 and 80cm. Connection: 7\/16\u201d male UNF + 7\/16\u201d female UNF Coating: thermoplastic NBR Reinforcement: high-resistance aramid fibres Inner hose: polyurethane &nbsp; Thanks to the\u00a0micro-drilling\u00a0system any leak, however small, becomes immediately evident: in case of damage, the hoses can be replaced before any&hellip;&nbsp;\u010c\u00edst d\u00e1le &raquo;HP hoses ACCPur","og_url":"https:\/\/soprassub.com\/cs\/shop\/hp-hoses-accpur\/","og_site_name":"Soprassub","twitter_card":"summary_large_image","schema":{"@context":"https:\/\/schema.org","@graph":[{"@type":"WebPage","@id":"https:\/\/soprassub.com\/cs\/shop\/hp-hoses-accpur\/","url":"https:\/\/soprassub.com\/cs\/shop\/hp-hoses-accpur\/","name":"HP hoses ACCPur - Soprassub","isPartOf":{"@id":"https:\/\/soprassub.com\/#website"},"primaryImageOfPage":{"@id":"https:\/\/soprassub.com\/cs\/shop\/hp-hoses-accpur\/#primaryimage"},"image":{"@id":"https:\/\/soprassub.com\/cs\/shop\/hp-hoses-accpur\/#primaryimage"},"thumbnailUrl":"https:\/\/soprassub.com\/wp-content\/uploads\/2025\/11\/HP-hoses.jpg","datePublished":"2025-11-09T20:01:42+00:00","breadcrumb":{"@id":"https:\/\/soprassub.com\/cs\/shop\/hp-hoses-accpur\/#breadcrumb"},"inLanguage":"cs","potentialAction":[{"@type":"ReadAction","target":["https:\/\/soprassub.com\/cs\/shop\/hp-hoses-accpur\/"]}]},{"@type":"ImageObject","inLanguage":"cs","@id":"https:\/\/soprassub.com\/cs\/shop\/hp-hoses-accpur\/#primaryimage","url":"https:\/\/soprassub.com\/wp-content\/uploads\/2025\/11\/HP-hoses.jpg","contentUrl":"https:\/\/soprassub.com\/wp-content\/uploads\/2025\/11\/HP-hoses.jpg","width":1500,"height":1500},{"@type":"BreadcrumbList","@id":"https:\/\/soprassub.com\/cs\/shop\/hp-hoses-accpur\/#breadcrumb","itemListElement":[{"@type":"ListItem","position":1,"name":"Home","item":"https:\/\/soprassub.com\/cs\/"},{"@type":"ListItem","position":2,"name":"Shop","item":"https:\/\/soprassub.com\/shop\/"},{"@type":"ListItem","position":3,"name":"HP hoses ACCPur"}]},{"@type":"WebSite","@id":"https:\/\/soprassub.com\/#website","url":"https:\/\/soprassub.com\/","name":"Soprassub","description":"Recreational diving","potentialAction":[{"@type":"SearchAction","target":{"@type":"EntryPoint","urlTemplate":"https:\/\/soprassub.com\/?s={search_term_string}"},"query-input":{"@type":"PropertyValueSpecification","valueRequired":true,"valueName":"search_term_string"}}],"inLanguage":"cs"}]}},"uagb_featured_image_src":{"full":["https:\/\/soprassub.com\/wp-content\/uploads\/2025\/11\/HP-hoses.jpg",1500,1500,false],"thumbnail":["https:\/\/soprassub.com\/wp-content\/uploads\/2025\/11\/HP-hoses-150x150.jpg",150,150,true],"medium":["https:\/\/soprassub.com\/wp-content\/uploads\/2025\/11\/HP-hoses-300x300.jpg",300,300,true],"medium_large":["https:\/\/soprassub.com\/wp-content\/uploads\/2025\/11\/HP-hoses-768x768.jpg",768,768,true],"large":["https:\/\/soprassub.com\/wp-content\/uploads\/2025\/11\/HP-hoses-1024x1024.jpg",1024,1024,true],"1536x1536":["https:\/\/soprassub.com\/wp-content\/uploads\/2025\/11\/HP-hoses.jpg",1500,1500,false],"2048x2048":["https:\/\/soprassub.com\/wp-content\/uploads\/2025\/11\/HP-hoses.jpg",1500,1500,false],"neve-blog":["https:\/\/soprassub.com\/wp-content\/uploads\/2025\/11\/HP-hoses-930x620.jpg",930,620,true],"mailpoet_newsletter_max":["https:\/\/soprassub.com\/wp-content\/uploads\/2025\/11\/HP-hoses-1320x1320.jpg",1320,1320,true],"woocommerce_thumbnail":["https:\/\/soprassub.com\/wp-content\/uploads\/2025\/11\/HP-hoses-300x300.jpg",300,300,true],"woocommerce_single":["https:\/\/soprassub.com\/wp-content\/uploads\/2025\/11\/HP-hoses-600x600.jpg",600,600,true],"woocommerce_gallery_thumbnail":["https:\/\/soprassub.com\/wp-content\/uploads\/2025\/11\/HP-hoses-100x100.jpg",100,100,true]},"uagb_author_info":{"display_name":"sobkova","author_link":"https:\/\/soprassub.com\/cs\/author\/"},"uagb_comment_info":0,"uagb_excerpt":"HP hoses made of synthetic rubber available in lengths of 15, 18, 60 and 80cm. Connection: 7\/16\u201d male UNF + 7\/16\u201d female UNF Coating: thermoplastic NBR Reinforcement: high-resistance aramid fibres Inner hose: polyurethane &nbsp; Thanks to the\u00a0micro-drilling\u00a0system any leak, however small, becomes immediately evident: in case of damage, the hoses can be replaced before any&hellip;&nbsp;\u010c\u00edst&hellip;","_links":{"self":[{"href":"https:\/\/soprassub.com\/cs\/wp-json\/wp\/v2\/product\/17165","targetHints":{"allow":["GET"]}}],"collection":[{"href":"https:\/\/soprassub.com\/cs\/wp-json\/wp\/v2\/product"}],"about":[{"href":"https:\/\/soprassub.com\/cs\/wp-json\/wp\/v2\/types\/product"}],"replies":[{"embeddable":true,"href":"https:\/\/soprassub.com\/cs\/wp-json\/wp\/v2\/comments?post=17165"}],"wp:featuredmedia":[{"embeddable":true,"href":"https:\/\/soprassub.com\/cs\/wp-json\/wp\/v2\/media\/16637"}],"wp:attachment":[{"href":"https:\/\/soprassub.com\/cs\/wp-json\/wp\/v2\/media?parent=17165"}],"wp:term":[{"taxonomy":"product_brand","embeddable":true,"href":"https:\/\/soprassub.com\/cs\/wp-json\/wp\/v2\/product_brand?post=17165"},{"taxonomy":"product_cat","embeddable":true,"href":"https:\/\/soprassub.com\/cs\/wp-json\/wp\/v2\/product_cat?post=17165"},{"taxonomy":"product_tag","embeddable":true,"href":"https:\/\/soprassub.com\/cs\/wp-json\/wp\/v2\/product_tag?post=17165"}],"curies":[{"name":"wp","href":"https:\/\/api.w.org\/{rel}","templated":true}]}}