{"id":17170,"date":"2025-11-09T20:54:38","date_gmt":"2025-11-09T19:54:38","guid":{"rendered":"https:\/\/soprassub.com\/shop\/dry-suit-hoses-smooth\/"},"modified":"2025-11-09T20:54:38","modified_gmt":"2025-11-09T19:54:38","slug":"dry-suit-hoses-smooth","status":"publish","type":"product","link":"https:\/\/soprassub.com\/cs\/shop\/dry-suit-hoses-smooth\/","title":{"rendered":"DRY SUIT hoses SMOOTH"},"content":{"rendered":"<p>Our line of hoses named SMOOTH is particularly resistant to temperature variations and very cold waters.<\/p>\n<p>The hose fittings is specifically designed for dry suit valves and have a larger ring for an easier grip and are available in lengths from 35cm for SM and of 80 and 90cm for backmount..<\/p>\n<p>Connection: 3\/8\u201d male UNF + quick disconnect to the inflator (larger ring dry suits valve)<\/p>\n<ul>\n<li>Coating: low-opacity polyurethane<\/li>\n<li>Reinforcement: high-resistance aramid fibres<\/li>\n<li>Inner hose: polyurethane<\/li>\n<\/ul>\n","protected":false},"excerpt":{"rendered":"<p>Our line of hoses named SMOOTH is particularly resistant to temperature variations and very cold waters. The hose fittings is specifically designed for dry suit valves and have a larger ring for an easier grip and are available in lengths from 35cm for SM and of 80 and 90cm for backmount.. Connection: 3\/8\u201d male UNF&hellip;&nbsp;<a href=\"https:\/\/soprassub.com\/cs\/shop\/dry-suit-hoses-smooth\/\" rel=\"bookmark\">\u010c\u00edst d\u00e1le &raquo;<span class=\"screen-reader-text\">DRY SUIT hoses SMOOTH<\/span><\/a><\/p>\n","protected":false},"featured_media":16628,"comment_status":"open","ping_status":"closed","template":"","meta":{"_uag_custom_page_level_css":"","neve_meta_sidebar":"","neve_meta_container":"","neve_meta_enable_content_width":"off","neve_meta_content_width":100,"neve_meta_title_alignment":"","neve_meta_author_avatar":"","neve_post_elements_order":"","neve_meta_disable_header":"","neve_meta_disable_footer":"","neve_meta_disable_title":""},"product_brand":[],"product_cat":[913],"product_tag":[],"class_list":{"0":"post-17170","1":"product","2":"type-product","3":"status-publish","4":"has-post-thumbnail","6":"product_cat-hadice-k-inflatoru","8":"first","9":"instock","10":"taxable","11":"shipping-taxable","12":"purchasable","13":"product-type-variable"},"yoast_head":"<!-- This site is optimized with the Yoast SEO plugin v27.2 - https:\/\/yoast.com\/product\/yoast-seo-wordpress\/ -->\n<title>DRY SUIT hoses SMOOTH - Soprassub<\/title>\n<meta name=\"robots\" content=\"index, follow, max-snippet:-1, max-image-preview:large, max-video-preview:-1\" \/>\n<link rel=\"canonical\" href=\"https:\/\/soprassub.com\/cs\/shop\/dry-suit-hoses-smooth\/\" \/>\n<meta property=\"og:locale\" content=\"cs_CZ\" \/>\n<meta property=\"og:type\" content=\"article\" \/>\n<meta property=\"og:title\" content=\"DRY SUIT hoses SMOOTH - Soprassub\" \/>\n<meta property=\"og:description\" content=\"Our line of hoses named SMOOTH is particularly resistant to temperature variations and very cold waters. The hose fittings is specifically designed for dry suit valves and have a larger ring for an easier grip and are available in lengths from 35cm for SM and of 80 and 90cm for backmount.. Connection: 3\/8\u201d male UNF&hellip;&nbsp;\u010c\u00edst d\u00e1le &raquo;DRY SUIT hoses SMOOTH\" \/>\n<meta property=\"og:url\" content=\"https:\/\/soprassub.com\/cs\/shop\/dry-suit-hoses-smooth\/\" \/>\n<meta property=\"og:site_name\" content=\"Soprassub\" \/>\n<meta name=\"twitter:card\" content=\"summary_large_image\" \/>\n<script type=\"application\/ld+json\" class=\"yoast-schema-graph\">{\"@context\":\"https:\/\/schema.org\",\"@graph\":[{\"@type\":\"WebPage\",\"@id\":\"https:\/\/soprassub.com\/cs\/shop\/dry-suit-hoses-smooth\/\",\"url\":\"https:\/\/soprassub.com\/cs\/shop\/dry-suit-hoses-smooth\/\",\"name\":\"DRY SUIT hoses SMOOTH - Soprassub\",\"isPartOf\":{\"@id\":\"https:\/\/soprassub.com\/#website\"},\"primaryImageOfPage\":{\"@id\":\"https:\/\/soprassub.com\/cs\/shop\/dry-suit-hoses-smooth\/#primaryimage\"},\"image\":{\"@id\":\"https:\/\/soprassub.com\/cs\/shop\/dry-suit-hoses-smooth\/#primaryimage\"},\"thumbnailUrl\":\"https:\/\/soprassub.com\/wp-content\/uploads\/2025\/11\/Dry-Suit-smooth.jpg\",\"datePublished\":\"2025-11-09T19:54:38+00:00\",\"breadcrumb\":{\"@id\":\"https:\/\/soprassub.com\/cs\/shop\/dry-suit-hoses-smooth\/#breadcrumb\"},\"inLanguage\":\"cs\",\"potentialAction\":[{\"@type\":\"ReadAction\",\"target\":[\"https:\/\/soprassub.com\/cs\/shop\/dry-suit-hoses-smooth\/\"]}]},{\"@type\":\"ImageObject\",\"inLanguage\":\"cs\",\"@id\":\"https:\/\/soprassub.com\/cs\/shop\/dry-suit-hoses-smooth\/#primaryimage\",\"url\":\"https:\/\/soprassub.com\/wp-content\/uploads\/2025\/11\/Dry-Suit-smooth.jpg\",\"contentUrl\":\"https:\/\/soprassub.com\/wp-content\/uploads\/2025\/11\/Dry-Suit-smooth.jpg\",\"width\":1500,\"height\":1500},{\"@type\":\"BreadcrumbList\",\"@id\":\"https:\/\/soprassub.com\/cs\/shop\/dry-suit-hoses-smooth\/#breadcrumb\",\"itemListElement\":[{\"@type\":\"ListItem\",\"position\":1,\"name\":\"Home\",\"item\":\"https:\/\/soprassub.com\/cs\/\"},{\"@type\":\"ListItem\",\"position\":2,\"name\":\"Shop\",\"item\":\"https:\/\/soprassub.com\/shop\/\"},{\"@type\":\"ListItem\",\"position\":3,\"name\":\"DRY SUIT hoses SMOOTH\"}]},{\"@type\":\"WebSite\",\"@id\":\"https:\/\/soprassub.com\/#website\",\"url\":\"https:\/\/soprassub.com\/\",\"name\":\"Soprassub\",\"description\":\"Recreational diving\",\"potentialAction\":[{\"@type\":\"SearchAction\",\"target\":{\"@type\":\"EntryPoint\",\"urlTemplate\":\"https:\/\/soprassub.com\/?s={search_term_string}\"},\"query-input\":{\"@type\":\"PropertyValueSpecification\",\"valueRequired\":true,\"valueName\":\"search_term_string\"}}],\"inLanguage\":\"cs\"}]}<\/script>\n<!-- \/ Yoast SEO plugin. -->","yoast_head_json":{"title":"DRY SUIT hoses SMOOTH - Soprassub","robots":{"index":"index","follow":"follow","max-snippet":"max-snippet:-1","max-image-preview":"max-image-preview:large","max-video-preview":"max-video-preview:-1"},"canonical":"https:\/\/soprassub.com\/cs\/shop\/dry-suit-hoses-smooth\/","og_locale":"cs_CZ","og_type":"article","og_title":"DRY SUIT hoses SMOOTH - Soprassub","og_description":"Our line of hoses named SMOOTH is particularly resistant to temperature variations and very cold waters. The hose fittings is specifically designed for dry suit valves and have a larger ring for an easier grip and are available in lengths from 35cm for SM and of 80 and 90cm for backmount.. Connection: 3\/8\u201d male UNF&hellip;&nbsp;\u010c\u00edst d\u00e1le &raquo;DRY SUIT hoses SMOOTH","og_url":"https:\/\/soprassub.com\/cs\/shop\/dry-suit-hoses-smooth\/","og_site_name":"Soprassub","twitter_card":"summary_large_image","schema":{"@context":"https:\/\/schema.org","@graph":[{"@type":"WebPage","@id":"https:\/\/soprassub.com\/cs\/shop\/dry-suit-hoses-smooth\/","url":"https:\/\/soprassub.com\/cs\/shop\/dry-suit-hoses-smooth\/","name":"DRY SUIT hoses SMOOTH - Soprassub","isPartOf":{"@id":"https:\/\/soprassub.com\/#website"},"primaryImageOfPage":{"@id":"https:\/\/soprassub.com\/cs\/shop\/dry-suit-hoses-smooth\/#primaryimage"},"image":{"@id":"https:\/\/soprassub.com\/cs\/shop\/dry-suit-hoses-smooth\/#primaryimage"},"thumbnailUrl":"https:\/\/soprassub.com\/wp-content\/uploads\/2025\/11\/Dry-Suit-smooth.jpg","datePublished":"2025-11-09T19:54:38+00:00","breadcrumb":{"@id":"https:\/\/soprassub.com\/cs\/shop\/dry-suit-hoses-smooth\/#breadcrumb"},"inLanguage":"cs","potentialAction":[{"@type":"ReadAction","target":["https:\/\/soprassub.com\/cs\/shop\/dry-suit-hoses-smooth\/"]}]},{"@type":"ImageObject","inLanguage":"cs","@id":"https:\/\/soprassub.com\/cs\/shop\/dry-suit-hoses-smooth\/#primaryimage","url":"https:\/\/soprassub.com\/wp-content\/uploads\/2025\/11\/Dry-Suit-smooth.jpg","contentUrl":"https:\/\/soprassub.com\/wp-content\/uploads\/2025\/11\/Dry-Suit-smooth.jpg","width":1500,"height":1500},{"@type":"BreadcrumbList","@id":"https:\/\/soprassub.com\/cs\/shop\/dry-suit-hoses-smooth\/#breadcrumb","itemListElement":[{"@type":"ListItem","position":1,"name":"Home","item":"https:\/\/soprassub.com\/cs\/"},{"@type":"ListItem","position":2,"name":"Shop","item":"https:\/\/soprassub.com\/shop\/"},{"@type":"ListItem","position":3,"name":"DRY SUIT hoses SMOOTH"}]},{"@type":"WebSite","@id":"https:\/\/soprassub.com\/#website","url":"https:\/\/soprassub.com\/","name":"Soprassub","description":"Recreational diving","potentialAction":[{"@type":"SearchAction","target":{"@type":"EntryPoint","urlTemplate":"https:\/\/soprassub.com\/?s={search_term_string}"},"query-input":{"@type":"PropertyValueSpecification","valueRequired":true,"valueName":"search_term_string"}}],"inLanguage":"cs"}]}},"uagb_featured_image_src":{"full":["https:\/\/soprassub.com\/wp-content\/uploads\/2025\/11\/Dry-Suit-smooth.jpg",1500,1500,false],"thumbnail":["https:\/\/soprassub.com\/wp-content\/uploads\/2025\/11\/Dry-Suit-smooth-150x150.jpg",150,150,true],"medium":["https:\/\/soprassub.com\/wp-content\/uploads\/2025\/11\/Dry-Suit-smooth-300x300.jpg",300,300,true],"medium_large":["https:\/\/soprassub.com\/wp-content\/uploads\/2025\/11\/Dry-Suit-smooth-768x768.jpg",768,768,true],"large":["https:\/\/soprassub.com\/wp-content\/uploads\/2025\/11\/Dry-Suit-smooth-1024x1024.jpg",1024,1024,true],"1536x1536":["https:\/\/soprassub.com\/wp-content\/uploads\/2025\/11\/Dry-Suit-smooth.jpg",1500,1500,false],"2048x2048":["https:\/\/soprassub.com\/wp-content\/uploads\/2025\/11\/Dry-Suit-smooth.jpg",1500,1500,false],"neve-blog":["https:\/\/soprassub.com\/wp-content\/uploads\/2025\/11\/Dry-Suit-smooth-930x620.jpg",930,620,true],"mailpoet_newsletter_max":["https:\/\/soprassub.com\/wp-content\/uploads\/2025\/11\/Dry-Suit-smooth-1320x1320.jpg",1320,1320,true],"woocommerce_thumbnail":["https:\/\/soprassub.com\/wp-content\/uploads\/2025\/11\/Dry-Suit-smooth-300x300.jpg",300,300,true],"woocommerce_single":["https:\/\/soprassub.com\/wp-content\/uploads\/2025\/11\/Dry-Suit-smooth-600x600.jpg",600,600,true],"woocommerce_gallery_thumbnail":["https:\/\/soprassub.com\/wp-content\/uploads\/2025\/11\/Dry-Suit-smooth-100x100.jpg",100,100,true]},"uagb_author_info":{"display_name":"sobkova","author_link":"https:\/\/soprassub.com\/cs\/author\/"},"uagb_comment_info":0,"uagb_excerpt":"Our line of hoses named SMOOTH is particularly resistant to temperature variations and very cold waters. The hose fittings is specifically designed for dry suit valves and have a larger ring for an easier grip and are available in lengths from 35cm for SM and of 80 and 90cm for backmount.. Connection: 3\/8\u201d male UNF&hellip;&nbsp;\u010c\u00edst&hellip;","_links":{"self":[{"href":"https:\/\/soprassub.com\/cs\/wp-json\/wp\/v2\/product\/17170","targetHints":{"allow":["GET"]}}],"collection":[{"href":"https:\/\/soprassub.com\/cs\/wp-json\/wp\/v2\/product"}],"about":[{"href":"https:\/\/soprassub.com\/cs\/wp-json\/wp\/v2\/types\/product"}],"replies":[{"embeddable":true,"href":"https:\/\/soprassub.com\/cs\/wp-json\/wp\/v2\/comments?post=17170"}],"wp:featuredmedia":[{"embeddable":true,"href":"https:\/\/soprassub.com\/cs\/wp-json\/wp\/v2\/media\/16628"}],"wp:attachment":[{"href":"https:\/\/soprassub.com\/cs\/wp-json\/wp\/v2\/media?parent=17170"}],"wp:term":[{"taxonomy":"product_brand","embeddable":true,"href":"https:\/\/soprassub.com\/cs\/wp-json\/wp\/v2\/product_brand?post=17170"},{"taxonomy":"product_cat","embeddable":true,"href":"https:\/\/soprassub.com\/cs\/wp-json\/wp\/v2\/product_cat?post=17170"},{"taxonomy":"product_tag","embeddable":true,"href":"https:\/\/soprassub.com\/cs\/wp-json\/wp\/v2\/product_tag?post=17170"}],"curies":[{"name":"wp","href":"https:\/\/api.w.org\/{rel}","templated":true}]}}