{"id":17210,"date":"2025-10-10T19:33:02","date_gmt":"2025-10-10T18:33:02","guid":{"rendered":"https:\/\/soprassub.com\/shop\/cannes-man\/"},"modified":"2025-10-10T19:33:02","modified_gmt":"2025-10-10T18:33:02","slug":"cannes-man","status":"publish","type":"product","link":"https:\/\/soprassub.com\/cs\/shop\/cannes-man\/","title":{"rendered":"Cannes Man"},"content":{"rendered":"<p>Cannes is a very stretchy 5mm suit with thermo plush inside and nylon lining on the outside. Double seals at ankle and wrists with zipper ensure easy donning and doffing with a perfect water isolation if used with gloves and boots. Anatomically preformed elbow and knee increase the fit. Kneepad and shoulder reinforcement with PU coating.<\/p>\n<p>Sizes S\u00a0to XXL<\/p>\n<table width=\"957\">\n<tbody>\n<tr>\n<td width=\"201\"><strong>SIZE CHART CANNES<\/strong><\/td>\n<td width=\"64\"><strong>S<\/strong><\/td>\n<td width=\"64\"><strong>M<\/strong><\/td>\n<td width=\"64\"><strong>L<\/strong><\/td>\n<td width=\"81\"><strong>XL<\/strong><\/td>\n<td width=\"64\"><strong>XXL<\/strong><\/td>\n<\/tr>\n<tr>\n<td width=\"201\"><strong>sizes\/cm<\/strong><\/td>\n<td width=\"64\"><strong>2*<\/strong><\/td>\n<td width=\"64\"><strong>3*<\/strong><\/td>\n<td width=\"64\"><strong>4*<\/strong><\/td>\n<td width=\"81\"><strong>5*<\/strong><\/td>\n<td width=\"64\"><strong>6*<\/strong><\/td>\n<\/tr>\n<tr>\n<td width=\"201\">Chest circumference<\/td>\n<td width=\"64\">92\/96<\/td>\n<td width=\"64\">97\/102<\/td>\n<td width=\"64\">103\/108<\/td>\n<td width=\"81\">109\/113<\/td>\n<td width=\"64\">115\/121<\/td>\n<\/tr>\n<tr>\n<td width=\"201\">Waist circumference<\/td>\n<td width=\"64\">78\/83<\/td>\n<td width=\"64\">83\/89<\/td>\n<td width=\"64\">89\/96<\/td>\n<td width=\"81\">95\/103<\/td>\n<td width=\"64\">105\/117<\/td>\n<\/tr>\n<tr>\n<td width=\"201\">Hips circumference<\/td>\n<td width=\"64\">88\/94<\/td>\n<td width=\"64\">92\/98<\/td>\n<td width=\"64\">96\/103<\/td>\n<td width=\"81\">102\/105<\/td>\n<td width=\"64\">104\/113<\/td>\n<\/tr>\n<tr>\n<td width=\"201\">Full height<\/td>\n<td width=\"64\">172\/176<\/td>\n<td width=\"64\">175\/182<\/td>\n<td width=\"64\">182\/187<\/td>\n<td width=\"81\">186\/191<\/td>\n<td width=\"64\">191\/196<\/td>\n<\/tr>\n<tr>\n<td width=\"201\">Weight<\/td>\n<td width=\"64\">68\/73<\/td>\n<td width=\"64\">74\/79<\/td>\n<td width=\"64\">80\/87<\/td>\n<td width=\"81\">90\/102<\/td>\n<td width=\"64\">101\/115<\/td>\n<\/tr>\n<\/tbody>\n<\/table>\n","protected":false},"excerpt":{"rendered":"<p>Cannes is a very stretchy 5mm suit with thermo plush inside and nylon lining on the outside. Double seals at ankle and wrists with zipper ensure easy donning and doffing with a perfect water isolation if used with gloves and boots. Anatomically preformed elbow and knee increase the fit. Kneepad and shoulder reinforcement with PU&hellip;&nbsp;<a href=\"https:\/\/soprassub.com\/cs\/shop\/cannes-man\/\" rel=\"bookmark\">\u010c\u00edst d\u00e1le &raquo;<span class=\"screen-reader-text\">Cannes Man<\/span><\/a><\/p>\n","protected":false},"featured_media":16509,"comment_status":"open","ping_status":"closed","template":"","meta":{"_uag_custom_page_level_css":"","neve_meta_sidebar":"","neve_meta_container":"","neve_meta_enable_content_width":"off","neve_meta_content_width":100,"neve_meta_title_alignment":"","neve_meta_author_avatar":"","neve_post_elements_order":"","neve_meta_disable_header":"","neve_meta_disable_footer":"","neve_meta_disable_title":""},"product_brand":[],"product_cat":[902],"product_tag":[954],"class_list":{"0":"post-17210","1":"product","2":"type-product","3":"status-publish","4":"has-post-thumbnail","6":"product_cat-neoprenove-obleky-5-7mm","7":"product_tag-new-cs","9":"first","10":"instock","11":"taxable","12":"shipping-taxable","13":"purchasable","14":"product-type-variable"},"yoast_head":"<!-- This site is optimized with the Yoast SEO plugin v27.2 - https:\/\/yoast.com\/product\/yoast-seo-wordpress\/ -->\n<title>Cannes Man - Soprassub<\/title>\n<meta name=\"robots\" content=\"index, follow, max-snippet:-1, max-image-preview:large, max-video-preview:-1\" \/>\n<link rel=\"canonical\" href=\"https:\/\/soprassub.com\/cs\/shop\/cannes-man\/\" \/>\n<meta property=\"og:locale\" content=\"cs_CZ\" \/>\n<meta property=\"og:type\" content=\"article\" \/>\n<meta property=\"og:title\" content=\"Cannes Man - Soprassub\" \/>\n<meta property=\"og:description\" content=\"Cannes is a very stretchy 5mm suit with thermo plush inside and nylon lining on the outside. Double seals at ankle and wrists with zipper ensure easy donning and doffing with a perfect water isolation if used with gloves and boots. Anatomically preformed elbow and knee increase the fit. Kneepad and shoulder reinforcement with PU&hellip;&nbsp;\u010c\u00edst d\u00e1le &raquo;Cannes Man\" \/>\n<meta property=\"og:url\" content=\"https:\/\/soprassub.com\/cs\/shop\/cannes-man\/\" \/>\n<meta property=\"og:site_name\" content=\"Soprassub\" \/>\n<meta name=\"twitter:card\" content=\"summary_large_image\" \/>\n<script type=\"application\/ld+json\" class=\"yoast-schema-graph\">{\"@context\":\"https:\/\/schema.org\",\"@graph\":[{\"@type\":\"WebPage\",\"@id\":\"https:\/\/soprassub.com\/cs\/shop\/cannes-man\/\",\"url\":\"https:\/\/soprassub.com\/cs\/shop\/cannes-man\/\",\"name\":\"Cannes Man - Soprassub\",\"isPartOf\":{\"@id\":\"https:\/\/soprassub.com\/#website\"},\"primaryImageOfPage\":{\"@id\":\"https:\/\/soprassub.com\/cs\/shop\/cannes-man\/#primaryimage\"},\"image\":{\"@id\":\"https:\/\/soprassub.com\/cs\/shop\/cannes-man\/#primaryimage\"},\"thumbnailUrl\":\"https:\/\/soprassub.com\/wp-content\/uploads\/2025\/10\/102820-4-Cannes.jpg\",\"datePublished\":\"2025-10-10T18:33:02+00:00\",\"breadcrumb\":{\"@id\":\"https:\/\/soprassub.com\/cs\/shop\/cannes-man\/#breadcrumb\"},\"inLanguage\":\"cs\",\"potentialAction\":[{\"@type\":\"ReadAction\",\"target\":[\"https:\/\/soprassub.com\/cs\/shop\/cannes-man\/\"]}]},{\"@type\":\"ImageObject\",\"inLanguage\":\"cs\",\"@id\":\"https:\/\/soprassub.com\/cs\/shop\/cannes-man\/#primaryimage\",\"url\":\"https:\/\/soprassub.com\/wp-content\/uploads\/2025\/10\/102820-4-Cannes.jpg\",\"contentUrl\":\"https:\/\/soprassub.com\/wp-content\/uploads\/2025\/10\/102820-4-Cannes.jpg\",\"width\":1500,\"height\":1500},{\"@type\":\"BreadcrumbList\",\"@id\":\"https:\/\/soprassub.com\/cs\/shop\/cannes-man\/#breadcrumb\",\"itemListElement\":[{\"@type\":\"ListItem\",\"position\":1,\"name\":\"Home\",\"item\":\"https:\/\/soprassub.com\/cs\/\"},{\"@type\":\"ListItem\",\"position\":2,\"name\":\"Shop\",\"item\":\"https:\/\/soprassub.com\/shop\/\"},{\"@type\":\"ListItem\",\"position\":3,\"name\":\"Cannes Man\"}]},{\"@type\":\"WebSite\",\"@id\":\"https:\/\/soprassub.com\/#website\",\"url\":\"https:\/\/soprassub.com\/\",\"name\":\"Soprassub\",\"description\":\"Recreational diving\",\"potentialAction\":[{\"@type\":\"SearchAction\",\"target\":{\"@type\":\"EntryPoint\",\"urlTemplate\":\"https:\/\/soprassub.com\/?s={search_term_string}\"},\"query-input\":{\"@type\":\"PropertyValueSpecification\",\"valueRequired\":true,\"valueName\":\"search_term_string\"}}],\"inLanguage\":\"cs\"}]}<\/script>\n<!-- \/ Yoast SEO plugin. -->","yoast_head_json":{"title":"Cannes Man - Soprassub","robots":{"index":"index","follow":"follow","max-snippet":"max-snippet:-1","max-image-preview":"max-image-preview:large","max-video-preview":"max-video-preview:-1"},"canonical":"https:\/\/soprassub.com\/cs\/shop\/cannes-man\/","og_locale":"cs_CZ","og_type":"article","og_title":"Cannes Man - Soprassub","og_description":"Cannes is a very stretchy 5mm suit with thermo plush inside and nylon lining on the outside. Double seals at ankle and wrists with zipper ensure easy donning and doffing with a perfect water isolation if used with gloves and boots. Anatomically preformed elbow and knee increase the fit. Kneepad and shoulder reinforcement with PU&hellip;&nbsp;\u010c\u00edst d\u00e1le &raquo;Cannes Man","og_url":"https:\/\/soprassub.com\/cs\/shop\/cannes-man\/","og_site_name":"Soprassub","twitter_card":"summary_large_image","schema":{"@context":"https:\/\/schema.org","@graph":[{"@type":"WebPage","@id":"https:\/\/soprassub.com\/cs\/shop\/cannes-man\/","url":"https:\/\/soprassub.com\/cs\/shop\/cannes-man\/","name":"Cannes Man - Soprassub","isPartOf":{"@id":"https:\/\/soprassub.com\/#website"},"primaryImageOfPage":{"@id":"https:\/\/soprassub.com\/cs\/shop\/cannes-man\/#primaryimage"},"image":{"@id":"https:\/\/soprassub.com\/cs\/shop\/cannes-man\/#primaryimage"},"thumbnailUrl":"https:\/\/soprassub.com\/wp-content\/uploads\/2025\/10\/102820-4-Cannes.jpg","datePublished":"2025-10-10T18:33:02+00:00","breadcrumb":{"@id":"https:\/\/soprassub.com\/cs\/shop\/cannes-man\/#breadcrumb"},"inLanguage":"cs","potentialAction":[{"@type":"ReadAction","target":["https:\/\/soprassub.com\/cs\/shop\/cannes-man\/"]}]},{"@type":"ImageObject","inLanguage":"cs","@id":"https:\/\/soprassub.com\/cs\/shop\/cannes-man\/#primaryimage","url":"https:\/\/soprassub.com\/wp-content\/uploads\/2025\/10\/102820-4-Cannes.jpg","contentUrl":"https:\/\/soprassub.com\/wp-content\/uploads\/2025\/10\/102820-4-Cannes.jpg","width":1500,"height":1500},{"@type":"BreadcrumbList","@id":"https:\/\/soprassub.com\/cs\/shop\/cannes-man\/#breadcrumb","itemListElement":[{"@type":"ListItem","position":1,"name":"Home","item":"https:\/\/soprassub.com\/cs\/"},{"@type":"ListItem","position":2,"name":"Shop","item":"https:\/\/soprassub.com\/shop\/"},{"@type":"ListItem","position":3,"name":"Cannes Man"}]},{"@type":"WebSite","@id":"https:\/\/soprassub.com\/#website","url":"https:\/\/soprassub.com\/","name":"Soprassub","description":"Recreational diving","potentialAction":[{"@type":"SearchAction","target":{"@type":"EntryPoint","urlTemplate":"https:\/\/soprassub.com\/?s={search_term_string}"},"query-input":{"@type":"PropertyValueSpecification","valueRequired":true,"valueName":"search_term_string"}}],"inLanguage":"cs"}]}},"uagb_featured_image_src":{"full":["https:\/\/soprassub.com\/wp-content\/uploads\/2025\/10\/102820-4-Cannes.jpg",1500,1500,false],"thumbnail":["https:\/\/soprassub.com\/wp-content\/uploads\/2025\/10\/102820-4-Cannes-150x150.jpg",150,150,true],"medium":["https:\/\/soprassub.com\/wp-content\/uploads\/2025\/10\/102820-4-Cannes-300x300.jpg",300,300,true],"medium_large":["https:\/\/soprassub.com\/wp-content\/uploads\/2025\/10\/102820-4-Cannes-768x768.jpg",768,768,true],"large":["https:\/\/soprassub.com\/wp-content\/uploads\/2025\/10\/102820-4-Cannes-1024x1024.jpg",1024,1024,true],"1536x1536":["https:\/\/soprassub.com\/wp-content\/uploads\/2025\/10\/102820-4-Cannes.jpg",1500,1500,false],"2048x2048":["https:\/\/soprassub.com\/wp-content\/uploads\/2025\/10\/102820-4-Cannes.jpg",1500,1500,false],"neve-blog":["https:\/\/soprassub.com\/wp-content\/uploads\/2025\/10\/102820-4-Cannes-930x620.jpg",930,620,true],"mailpoet_newsletter_max":["https:\/\/soprassub.com\/wp-content\/uploads\/2025\/10\/102820-4-Cannes-1320x1320.jpg",1320,1320,true],"woocommerce_thumbnail":["https:\/\/soprassub.com\/wp-content\/uploads\/2025\/10\/102820-4-Cannes-300x300.jpg",300,300,true],"woocommerce_single":["https:\/\/soprassub.com\/wp-content\/uploads\/2025\/10\/102820-4-Cannes-600x600.jpg",600,600,true],"woocommerce_gallery_thumbnail":["https:\/\/soprassub.com\/wp-content\/uploads\/2025\/10\/102820-4-Cannes-100x100.jpg",100,100,true]},"uagb_author_info":{"display_name":"sobkova","author_link":"https:\/\/soprassub.com\/cs\/author\/"},"uagb_comment_info":0,"uagb_excerpt":"Cannes is a very stretchy 5mm suit with thermo plush inside and nylon lining on the outside. Double seals at ankle and wrists with zipper ensure easy donning and doffing with a perfect water isolation if used with gloves and boots. Anatomically preformed elbow and knee increase the fit. Kneepad and shoulder reinforcement with PU&hellip;&nbsp;\u010c\u00edst&hellip;","_links":{"self":[{"href":"https:\/\/soprassub.com\/cs\/wp-json\/wp\/v2\/product\/17210","targetHints":{"allow":["GET"]}}],"collection":[{"href":"https:\/\/soprassub.com\/cs\/wp-json\/wp\/v2\/product"}],"about":[{"href":"https:\/\/soprassub.com\/cs\/wp-json\/wp\/v2\/types\/product"}],"replies":[{"embeddable":true,"href":"https:\/\/soprassub.com\/cs\/wp-json\/wp\/v2\/comments?post=17210"}],"wp:featuredmedia":[{"embeddable":true,"href":"https:\/\/soprassub.com\/cs\/wp-json\/wp\/v2\/media\/16509"}],"wp:attachment":[{"href":"https:\/\/soprassub.com\/cs\/wp-json\/wp\/v2\/media?parent=17210"}],"wp:term":[{"taxonomy":"product_brand","embeddable":true,"href":"https:\/\/soprassub.com\/cs\/wp-json\/wp\/v2\/product_brand?post=17210"},{"taxonomy":"product_cat","embeddable":true,"href":"https:\/\/soprassub.com\/cs\/wp-json\/wp\/v2\/product_cat?post=17210"},{"taxonomy":"product_tag","embeddable":true,"href":"https:\/\/soprassub.com\/cs\/wp-json\/wp\/v2\/product_tag?post=17210"}],"curies":[{"name":"wp","href":"https:\/\/api.w.org\/{rel}","templated":true}]}}