{"id":17216,"date":"2025-10-06T18:17:10","date_gmt":"2025-10-06T17:17:10","guid":{"rendered":"https:\/\/soprassub.com\/shop\/alaska-semi-dry-man\/"},"modified":"2025-10-06T18:17:10","modified_gmt":"2025-10-06T17:17:10","slug":"alaska-semi-dry-man","status":"publish","type":"product","link":"https:\/\/soprassub.com\/cs\/shop\/alaska-semi-dry-man\/","title":{"rendered":"Alaska semi dry man"},"content":{"rendered":"<p>Alaska is a semi dry suit with dry Tizip zipper at the back. The suit has a warm thermoplush lining in the inside and extrastretch nylon on the outside. Also features double seals at wrists and ankles and warm neoprene seal at the neck level. A hood is included. Pocket with zipper on the right hand side.<\/p>\n<p>Size S, M, L<\/p>\n<table style=\"height: 456px;\" width=\"823\">\n<tbody>\n<tr>\n<td width=\"279\"><strong>SIZE CHART ALASKA SEMI DRY<\/strong><\/td>\n<td width=\"64\"><strong>S<\/strong><\/td>\n<td width=\"64\"><strong>M<\/strong><\/td>\n<td width=\"64\"><strong>L<\/strong><\/td>\n<\/tr>\n<tr>\n<td width=\"279\"><strong>sizes\/cm<\/strong><\/td>\n<td width=\"64\"><strong>2*<\/strong><\/td>\n<td width=\"64\"><strong>3*<\/strong><\/td>\n<td width=\"64\"><strong>4*<\/strong><\/td>\n<\/tr>\n<tr>\n<td width=\"279\">Chest circumference<\/td>\n<td width=\"64\">91\/94<\/td>\n<td width=\"64\">93\/99<\/td>\n<td width=\"64\">99\/103<\/td>\n<\/tr>\n<tr>\n<td width=\"279\">Waist circumference<\/td>\n<td width=\"64\">78\/81<\/td>\n<td width=\"64\">83\/86<\/td>\n<td width=\"64\">89\/93<\/td>\n<\/tr>\n<tr>\n<td width=\"279\">Hips circumference<\/td>\n<td width=\"64\">88\/90<\/td>\n<td width=\"64\">92\/94<\/td>\n<td width=\"64\">96\/99<\/td>\n<\/tr>\n<tr>\n<td width=\"279\">Full height<\/td>\n<td width=\"64\">172\/173<\/td>\n<td width=\"64\">175\/180<\/td>\n<td width=\"64\">182\/185<\/td>\n<\/tr>\n<tr>\n<td width=\"279\">Weight<\/td>\n<td width=\"64\">64\/70<\/td>\n<td width=\"64\">71\/74<\/td>\n<td width=\"64\">75\/82<\/td>\n<\/tr>\n<\/tbody>\n<\/table>\n<p>&nbsp;<\/p>\n","protected":false},"excerpt":{"rendered":"<p>Alaska is a semi dry suit with dry Tizip zipper at the back. The suit has a warm thermoplush lining in the inside and extrastretch nylon on the outside. Also features double seals at wrists and ankles and warm neoprene seal at the neck level. A hood is included. Pocket with zipper on the right&hellip;&nbsp;<a href=\"https:\/\/soprassub.com\/cs\/shop\/alaska-semi-dry-man\/\" rel=\"bookmark\">\u010c\u00edst d\u00e1le &raquo;<span class=\"screen-reader-text\">Alaska semi dry man<\/span><\/a><\/p>\n","protected":false},"featured_media":16473,"comment_status":"open","ping_status":"closed","template":"","meta":{"_uag_custom_page_level_css":"","neve_meta_sidebar":"","neve_meta_container":"","neve_meta_enable_content_width":"off","neve_meta_content_width":100,"neve_meta_title_alignment":"","neve_meta_author_avatar":"","neve_post_elements_order":"","neve_meta_disable_header":"","neve_meta_disable_footer":"","neve_meta_disable_title":""},"product_brand":[],"product_cat":[1228],"product_tag":[],"class_list":{"0":"post-17216","1":"product","2":"type-product","3":"status-publish","4":"has-post-thumbnail","6":"product_cat-neoprene-suits-6-7mm-cs","8":"first","9":"instock","10":"taxable","11":"shipping-taxable","12":"purchasable","13":"product-type-variable"},"yoast_head":"<!-- This site is optimized with the Yoast SEO plugin v27.2 - https:\/\/yoast.com\/product\/yoast-seo-wordpress\/ -->\n<title>Alaska semi dry man - Soprassub<\/title>\n<meta name=\"robots\" content=\"index, follow, max-snippet:-1, max-image-preview:large, max-video-preview:-1\" \/>\n<link rel=\"canonical\" href=\"https:\/\/soprassub.com\/cs\/shop\/alaska-semi-dry-man\/\" \/>\n<meta property=\"og:locale\" content=\"cs_CZ\" \/>\n<meta property=\"og:type\" content=\"article\" \/>\n<meta property=\"og:title\" content=\"Alaska semi dry man - Soprassub\" \/>\n<meta property=\"og:description\" content=\"Alaska is a semi dry suit with dry Tizip zipper at the back. The suit has a warm thermoplush lining in the inside and extrastretch nylon on the outside. Also features double seals at wrists and ankles and warm neoprene seal at the neck level. A hood is included. Pocket with zipper on the right&hellip;&nbsp;\u010c\u00edst d\u00e1le &raquo;Alaska semi dry man\" \/>\n<meta property=\"og:url\" content=\"https:\/\/soprassub.com\/cs\/shop\/alaska-semi-dry-man\/\" \/>\n<meta property=\"og:site_name\" content=\"Soprassub\" \/>\n<meta name=\"twitter:card\" content=\"summary_large_image\" \/>\n<script type=\"application\/ld+json\" class=\"yoast-schema-graph\">{\"@context\":\"https:\/\/schema.org\",\"@graph\":[{\"@type\":\"WebPage\",\"@id\":\"https:\/\/soprassub.com\/cs\/shop\/alaska-semi-dry-man\/\",\"url\":\"https:\/\/soprassub.com\/cs\/shop\/alaska-semi-dry-man\/\",\"name\":\"Alaska semi dry man - Soprassub\",\"isPartOf\":{\"@id\":\"https:\/\/soprassub.com\/#website\"},\"primaryImageOfPage\":{\"@id\":\"https:\/\/soprassub.com\/cs\/shop\/alaska-semi-dry-man\/#primaryimage\"},\"image\":{\"@id\":\"https:\/\/soprassub.com\/cs\/shop\/alaska-semi-dry-man\/#primaryimage\"},\"thumbnailUrl\":\"https:\/\/soprassub.com\/wp-content\/uploads\/2025\/10\/alaska-semi-dry.jpg\",\"datePublished\":\"2025-10-06T17:17:10+00:00\",\"breadcrumb\":{\"@id\":\"https:\/\/soprassub.com\/cs\/shop\/alaska-semi-dry-man\/#breadcrumb\"},\"inLanguage\":\"cs\",\"potentialAction\":[{\"@type\":\"ReadAction\",\"target\":[\"https:\/\/soprassub.com\/cs\/shop\/alaska-semi-dry-man\/\"]}]},{\"@type\":\"ImageObject\",\"inLanguage\":\"cs\",\"@id\":\"https:\/\/soprassub.com\/cs\/shop\/alaska-semi-dry-man\/#primaryimage\",\"url\":\"https:\/\/soprassub.com\/wp-content\/uploads\/2025\/10\/alaska-semi-dry.jpg\",\"contentUrl\":\"https:\/\/soprassub.com\/wp-content\/uploads\/2025\/10\/alaska-semi-dry.jpg\",\"width\":1500,\"height\":1500},{\"@type\":\"BreadcrumbList\",\"@id\":\"https:\/\/soprassub.com\/cs\/shop\/alaska-semi-dry-man\/#breadcrumb\",\"itemListElement\":[{\"@type\":\"ListItem\",\"position\":1,\"name\":\"Home\",\"item\":\"https:\/\/soprassub.com\/cs\/\"},{\"@type\":\"ListItem\",\"position\":2,\"name\":\"Shop\",\"item\":\"https:\/\/soprassub.com\/shop\/\"},{\"@type\":\"ListItem\",\"position\":3,\"name\":\"Alaska semi dry man\"}]},{\"@type\":\"WebSite\",\"@id\":\"https:\/\/soprassub.com\/#website\",\"url\":\"https:\/\/soprassub.com\/\",\"name\":\"Soprassub\",\"description\":\"Recreational diving\",\"potentialAction\":[{\"@type\":\"SearchAction\",\"target\":{\"@type\":\"EntryPoint\",\"urlTemplate\":\"https:\/\/soprassub.com\/?s={search_term_string}\"},\"query-input\":{\"@type\":\"PropertyValueSpecification\",\"valueRequired\":true,\"valueName\":\"search_term_string\"}}],\"inLanguage\":\"cs\"}]}<\/script>\n<!-- \/ Yoast SEO plugin. -->","yoast_head_json":{"title":"Alaska semi dry man - Soprassub","robots":{"index":"index","follow":"follow","max-snippet":"max-snippet:-1","max-image-preview":"max-image-preview:large","max-video-preview":"max-video-preview:-1"},"canonical":"https:\/\/soprassub.com\/cs\/shop\/alaska-semi-dry-man\/","og_locale":"cs_CZ","og_type":"article","og_title":"Alaska semi dry man - Soprassub","og_description":"Alaska is a semi dry suit with dry Tizip zipper at the back. The suit has a warm thermoplush lining in the inside and extrastretch nylon on the outside. Also features double seals at wrists and ankles and warm neoprene seal at the neck level. A hood is included. Pocket with zipper on the right&hellip;&nbsp;\u010c\u00edst d\u00e1le &raquo;Alaska semi dry man","og_url":"https:\/\/soprassub.com\/cs\/shop\/alaska-semi-dry-man\/","og_site_name":"Soprassub","twitter_card":"summary_large_image","schema":{"@context":"https:\/\/schema.org","@graph":[{"@type":"WebPage","@id":"https:\/\/soprassub.com\/cs\/shop\/alaska-semi-dry-man\/","url":"https:\/\/soprassub.com\/cs\/shop\/alaska-semi-dry-man\/","name":"Alaska semi dry man - Soprassub","isPartOf":{"@id":"https:\/\/soprassub.com\/#website"},"primaryImageOfPage":{"@id":"https:\/\/soprassub.com\/cs\/shop\/alaska-semi-dry-man\/#primaryimage"},"image":{"@id":"https:\/\/soprassub.com\/cs\/shop\/alaska-semi-dry-man\/#primaryimage"},"thumbnailUrl":"https:\/\/soprassub.com\/wp-content\/uploads\/2025\/10\/alaska-semi-dry.jpg","datePublished":"2025-10-06T17:17:10+00:00","breadcrumb":{"@id":"https:\/\/soprassub.com\/cs\/shop\/alaska-semi-dry-man\/#breadcrumb"},"inLanguage":"cs","potentialAction":[{"@type":"ReadAction","target":["https:\/\/soprassub.com\/cs\/shop\/alaska-semi-dry-man\/"]}]},{"@type":"ImageObject","inLanguage":"cs","@id":"https:\/\/soprassub.com\/cs\/shop\/alaska-semi-dry-man\/#primaryimage","url":"https:\/\/soprassub.com\/wp-content\/uploads\/2025\/10\/alaska-semi-dry.jpg","contentUrl":"https:\/\/soprassub.com\/wp-content\/uploads\/2025\/10\/alaska-semi-dry.jpg","width":1500,"height":1500},{"@type":"BreadcrumbList","@id":"https:\/\/soprassub.com\/cs\/shop\/alaska-semi-dry-man\/#breadcrumb","itemListElement":[{"@type":"ListItem","position":1,"name":"Home","item":"https:\/\/soprassub.com\/cs\/"},{"@type":"ListItem","position":2,"name":"Shop","item":"https:\/\/soprassub.com\/shop\/"},{"@type":"ListItem","position":3,"name":"Alaska semi dry man"}]},{"@type":"WebSite","@id":"https:\/\/soprassub.com\/#website","url":"https:\/\/soprassub.com\/","name":"Soprassub","description":"Recreational diving","potentialAction":[{"@type":"SearchAction","target":{"@type":"EntryPoint","urlTemplate":"https:\/\/soprassub.com\/?s={search_term_string}"},"query-input":{"@type":"PropertyValueSpecification","valueRequired":true,"valueName":"search_term_string"}}],"inLanguage":"cs"}]}},"uagb_featured_image_src":{"full":["https:\/\/soprassub.com\/wp-content\/uploads\/2025\/10\/alaska-semi-dry.jpg",1500,1500,false],"thumbnail":["https:\/\/soprassub.com\/wp-content\/uploads\/2025\/10\/alaska-semi-dry-150x150.jpg",150,150,true],"medium":["https:\/\/soprassub.com\/wp-content\/uploads\/2025\/10\/alaska-semi-dry-300x300.jpg",300,300,true],"medium_large":["https:\/\/soprassub.com\/wp-content\/uploads\/2025\/10\/alaska-semi-dry-768x768.jpg",768,768,true],"large":["https:\/\/soprassub.com\/wp-content\/uploads\/2025\/10\/alaska-semi-dry-1024x1024.jpg",1024,1024,true],"1536x1536":["https:\/\/soprassub.com\/wp-content\/uploads\/2025\/10\/alaska-semi-dry.jpg",1500,1500,false],"2048x2048":["https:\/\/soprassub.com\/wp-content\/uploads\/2025\/10\/alaska-semi-dry.jpg",1500,1500,false],"neve-blog":["https:\/\/soprassub.com\/wp-content\/uploads\/2025\/10\/alaska-semi-dry-930x620.jpg",930,620,true],"mailpoet_newsletter_max":["https:\/\/soprassub.com\/wp-content\/uploads\/2025\/10\/alaska-semi-dry-1320x1320.jpg",1320,1320,true],"woocommerce_thumbnail":["https:\/\/soprassub.com\/wp-content\/uploads\/2025\/10\/alaska-semi-dry-300x300.jpg",300,300,true],"woocommerce_single":["https:\/\/soprassub.com\/wp-content\/uploads\/2025\/10\/alaska-semi-dry-600x600.jpg",600,600,true],"woocommerce_gallery_thumbnail":["https:\/\/soprassub.com\/wp-content\/uploads\/2025\/10\/alaska-semi-dry-100x100.jpg",100,100,true]},"uagb_author_info":{"display_name":"sobkova","author_link":"https:\/\/soprassub.com\/cs\/author\/"},"uagb_comment_info":0,"uagb_excerpt":"Alaska is a semi dry suit with dry Tizip zipper at the back. The suit has a warm thermoplush lining in the inside and extrastretch nylon on the outside. Also features double seals at wrists and ankles and warm neoprene seal at the neck level. A hood is included. Pocket with zipper on the right&hellip;&nbsp;\u010c\u00edst&hellip;","_links":{"self":[{"href":"https:\/\/soprassub.com\/cs\/wp-json\/wp\/v2\/product\/17216","targetHints":{"allow":["GET"]}}],"collection":[{"href":"https:\/\/soprassub.com\/cs\/wp-json\/wp\/v2\/product"}],"about":[{"href":"https:\/\/soprassub.com\/cs\/wp-json\/wp\/v2\/types\/product"}],"replies":[{"embeddable":true,"href":"https:\/\/soprassub.com\/cs\/wp-json\/wp\/v2\/comments?post=17216"}],"wp:featuredmedia":[{"embeddable":true,"href":"https:\/\/soprassub.com\/cs\/wp-json\/wp\/v2\/media\/16473"}],"wp:attachment":[{"href":"https:\/\/soprassub.com\/cs\/wp-json\/wp\/v2\/media?parent=17216"}],"wp:term":[{"taxonomy":"product_brand","embeddable":true,"href":"https:\/\/soprassub.com\/cs\/wp-json\/wp\/v2\/product_brand?post=17216"},{"taxonomy":"product_cat","embeddable":true,"href":"https:\/\/soprassub.com\/cs\/wp-json\/wp\/v2\/product_cat?post=17216"},{"taxonomy":"product_tag","embeddable":true,"href":"https:\/\/soprassub.com\/cs\/wp-json\/wp\/v2\/product_tag?post=17216"}],"curies":[{"name":"wp","href":"https:\/\/api.w.org\/{rel}","templated":true}]}}