{"id":17263,"date":"2025-04-26T13:45:16","date_gmt":"2025-04-26T12:45:16","guid":{"rendered":"https:\/\/soprassub.com\/shop\/deco-lifting-buoy-defl-infl-valve\/"},"modified":"2025-04-26T13:45:16","modified_gmt":"2025-04-26T12:45:16","slug":"deco-lifting-buoy-defl-infl-valve","status":"publish","type":"product","link":"https:\/\/soprassub.com\/cs\/shop\/deco-lifting-buoy-defl-infl-valve\/","title":{"rendered":"DECO\/Lifting buoy (defl\/infl valve)"},"content":{"rendered":"<p>New DECO\/Lifting buoy with size 185x15cm available in 4 colours and equipped with our new all in one inflation\/deflation valve, lead weight on bottom, small D ring and bungy as well as Velcro for storing. This valve allows inflation via your mouth as well as with the inflator LP hose and also deflation by pulling the cord. The low profile of the valve plus the fact that no additional inflation tube is needed allows a much smaller volume of the SMB when rolled up. For this see the last picture and the video here: <a href=\"https:\/\/youtube.com\/shorts\/9B-0U7Fxp6k\">https:\/\/youtube.com\/shorts\/9B-0U7Fxp6k<\/a>. This buoy allows inflation\/deflation also via the duckbill.<\/p>\n","protected":false},"excerpt":{"rendered":"<p>New DECO\/Lifting buoy with size 185x15cm available in 4 colours and equipped with our new all in one inflation\/deflation valve, lead weight on bottom, small D ring and bungy as well as Velcro for storing. This valve allows inflation via your mouth as well as with the inflator LP hose and also deflation by pulling&hellip;&nbsp;<a href=\"https:\/\/soprassub.com\/cs\/shop\/deco-lifting-buoy-defl-infl-valve\/\" rel=\"bookmark\">\u010c\u00edst d\u00e1le &raquo;<span class=\"screen-reader-text\">DECO\/Lifting buoy (defl\/infl valve)<\/span><\/a><\/p>\n","protected":false},"featured_media":16185,"comment_status":"open","ping_status":"closed","template":"","meta":{"_uag_custom_page_level_css":"","neve_meta_sidebar":"","neve_meta_container":"","neve_meta_enable_content_width":"off","neve_meta_content_width":100,"neve_meta_title_alignment":"","neve_meta_author_avatar":"","neve_post_elements_order":"","neve_meta_disable_header":"","neve_meta_disable_footer":"","neve_meta_disable_title":""},"product_brand":[],"product_cat":[938],"product_tag":[954],"class_list":{"0":"post-17263","1":"product","2":"type-product","3":"status-publish","4":"has-post-thumbnail","6":"product_cat-zvedaci-vaky-a-boje","7":"product_tag-new-cs","9":"first","10":"instock","11":"taxable","12":"shipping-taxable","13":"purchasable","14":"product-type-variable"},"yoast_head":"<!-- This site is optimized with the Yoast SEO plugin v27.2 - https:\/\/yoast.com\/product\/yoast-seo-wordpress\/ -->\n<title>DECO\/Lifting buoy (defl\/infl valve) - Soprassub<\/title>\n<meta name=\"robots\" content=\"index, follow, max-snippet:-1, max-image-preview:large, max-video-preview:-1\" \/>\n<link rel=\"canonical\" href=\"https:\/\/soprassub.com\/cs\/shop\/deco-lifting-buoy-defl-infl-valve\/\" \/>\n<meta property=\"og:locale\" content=\"cs_CZ\" \/>\n<meta property=\"og:type\" content=\"article\" \/>\n<meta property=\"og:title\" content=\"DECO\/Lifting buoy (defl\/infl valve) - Soprassub\" \/>\n<meta property=\"og:description\" content=\"New DECO\/Lifting buoy with size 185x15cm available in 4 colours and equipped with our new all in one inflation\/deflation valve, lead weight on bottom, small D ring and bungy as well as Velcro for storing. This valve allows inflation via your mouth as well as with the inflator LP hose and also deflation by pulling&hellip;&nbsp;\u010c\u00edst d\u00e1le &raquo;DECO\/Lifting buoy (defl\/infl valve)\" \/>\n<meta property=\"og:url\" content=\"https:\/\/soprassub.com\/cs\/shop\/deco-lifting-buoy-defl-infl-valve\/\" \/>\n<meta property=\"og:site_name\" content=\"Soprassub\" \/>\n<meta name=\"twitter:card\" content=\"summary_large_image\" \/>\n<meta name=\"twitter:label1\" content=\"Odhadovan\u00e1 doba \u010dten\u00ed\" \/>\n\t<meta name=\"twitter:data1\" content=\"1 minuta\" \/>\n<script type=\"application\/ld+json\" class=\"yoast-schema-graph\">{\"@context\":\"https:\/\/schema.org\",\"@graph\":[{\"@type\":\"WebPage\",\"@id\":\"https:\/\/soprassub.com\/cs\/shop\/deco-lifting-buoy-defl-infl-valve\/\",\"url\":\"https:\/\/soprassub.com\/cs\/shop\/deco-lifting-buoy-defl-infl-valve\/\",\"name\":\"DECO\/Lifting buoy (defl\/infl valve) - Soprassub\",\"isPartOf\":{\"@id\":\"https:\/\/soprassub.com\/#website\"},\"primaryImageOfPage\":{\"@id\":\"https:\/\/soprassub.com\/cs\/shop\/deco-lifting-buoy-defl-infl-valve\/#primaryimage\"},\"image\":{\"@id\":\"https:\/\/soprassub.com\/cs\/shop\/deco-lifting-buoy-defl-infl-valve\/#primaryimage\"},\"thumbnailUrl\":\"https:\/\/soprassub.com\/wp-content\/uploads\/2025\/04\/85274-YPOK.jpg\",\"datePublished\":\"2025-04-26T12:45:16+00:00\",\"breadcrumb\":{\"@id\":\"https:\/\/soprassub.com\/cs\/shop\/deco-lifting-buoy-defl-infl-valve\/#breadcrumb\"},\"inLanguage\":\"cs\",\"potentialAction\":[{\"@type\":\"ReadAction\",\"target\":[\"https:\/\/soprassub.com\/cs\/shop\/deco-lifting-buoy-defl-infl-valve\/\"]}]},{\"@type\":\"ImageObject\",\"inLanguage\":\"cs\",\"@id\":\"https:\/\/soprassub.com\/cs\/shop\/deco-lifting-buoy-defl-infl-valve\/#primaryimage\",\"url\":\"https:\/\/soprassub.com\/wp-content\/uploads\/2025\/04\/85274-YPOK.jpg\",\"contentUrl\":\"https:\/\/soprassub.com\/wp-content\/uploads\/2025\/04\/85274-YPOK.jpg\",\"width\":1500,\"height\":1500},{\"@type\":\"BreadcrumbList\",\"@id\":\"https:\/\/soprassub.com\/cs\/shop\/deco-lifting-buoy-defl-infl-valve\/#breadcrumb\",\"itemListElement\":[{\"@type\":\"ListItem\",\"position\":1,\"name\":\"Home\",\"item\":\"https:\/\/soprassub.com\/cs\/\"},{\"@type\":\"ListItem\",\"position\":2,\"name\":\"Shop\",\"item\":\"https:\/\/soprassub.com\/shop\/\"},{\"@type\":\"ListItem\",\"position\":3,\"name\":\"DECO\/Lifting buoy (defl\/infl valve)\"}]},{\"@type\":\"WebSite\",\"@id\":\"https:\/\/soprassub.com\/#website\",\"url\":\"https:\/\/soprassub.com\/\",\"name\":\"Soprassub\",\"description\":\"Recreational diving\",\"potentialAction\":[{\"@type\":\"SearchAction\",\"target\":{\"@type\":\"EntryPoint\",\"urlTemplate\":\"https:\/\/soprassub.com\/?s={search_term_string}\"},\"query-input\":{\"@type\":\"PropertyValueSpecification\",\"valueRequired\":true,\"valueName\":\"search_term_string\"}}],\"inLanguage\":\"cs\"}]}<\/script>\n<!-- \/ Yoast SEO plugin. -->","yoast_head_json":{"title":"DECO\/Lifting buoy (defl\/infl valve) - Soprassub","robots":{"index":"index","follow":"follow","max-snippet":"max-snippet:-1","max-image-preview":"max-image-preview:large","max-video-preview":"max-video-preview:-1"},"canonical":"https:\/\/soprassub.com\/cs\/shop\/deco-lifting-buoy-defl-infl-valve\/","og_locale":"cs_CZ","og_type":"article","og_title":"DECO\/Lifting buoy (defl\/infl valve) - Soprassub","og_description":"New DECO\/Lifting buoy with size 185x15cm available in 4 colours and equipped with our new all in one inflation\/deflation valve, lead weight on bottom, small D ring and bungy as well as Velcro for storing. This valve allows inflation via your mouth as well as with the inflator LP hose and also deflation by pulling&hellip;&nbsp;\u010c\u00edst d\u00e1le &raquo;DECO\/Lifting buoy (defl\/infl valve)","og_url":"https:\/\/soprassub.com\/cs\/shop\/deco-lifting-buoy-defl-infl-valve\/","og_site_name":"Soprassub","twitter_card":"summary_large_image","twitter_misc":{"Odhadovan\u00e1 doba \u010dten\u00ed":"1 minuta"},"schema":{"@context":"https:\/\/schema.org","@graph":[{"@type":"WebPage","@id":"https:\/\/soprassub.com\/cs\/shop\/deco-lifting-buoy-defl-infl-valve\/","url":"https:\/\/soprassub.com\/cs\/shop\/deco-lifting-buoy-defl-infl-valve\/","name":"DECO\/Lifting buoy (defl\/infl valve) - Soprassub","isPartOf":{"@id":"https:\/\/soprassub.com\/#website"},"primaryImageOfPage":{"@id":"https:\/\/soprassub.com\/cs\/shop\/deco-lifting-buoy-defl-infl-valve\/#primaryimage"},"image":{"@id":"https:\/\/soprassub.com\/cs\/shop\/deco-lifting-buoy-defl-infl-valve\/#primaryimage"},"thumbnailUrl":"https:\/\/soprassub.com\/wp-content\/uploads\/2025\/04\/85274-YPOK.jpg","datePublished":"2025-04-26T12:45:16+00:00","breadcrumb":{"@id":"https:\/\/soprassub.com\/cs\/shop\/deco-lifting-buoy-defl-infl-valve\/#breadcrumb"},"inLanguage":"cs","potentialAction":[{"@type":"ReadAction","target":["https:\/\/soprassub.com\/cs\/shop\/deco-lifting-buoy-defl-infl-valve\/"]}]},{"@type":"ImageObject","inLanguage":"cs","@id":"https:\/\/soprassub.com\/cs\/shop\/deco-lifting-buoy-defl-infl-valve\/#primaryimage","url":"https:\/\/soprassub.com\/wp-content\/uploads\/2025\/04\/85274-YPOK.jpg","contentUrl":"https:\/\/soprassub.com\/wp-content\/uploads\/2025\/04\/85274-YPOK.jpg","width":1500,"height":1500},{"@type":"BreadcrumbList","@id":"https:\/\/soprassub.com\/cs\/shop\/deco-lifting-buoy-defl-infl-valve\/#breadcrumb","itemListElement":[{"@type":"ListItem","position":1,"name":"Home","item":"https:\/\/soprassub.com\/cs\/"},{"@type":"ListItem","position":2,"name":"Shop","item":"https:\/\/soprassub.com\/shop\/"},{"@type":"ListItem","position":3,"name":"DECO\/Lifting buoy (defl\/infl valve)"}]},{"@type":"WebSite","@id":"https:\/\/soprassub.com\/#website","url":"https:\/\/soprassub.com\/","name":"Soprassub","description":"Recreational diving","potentialAction":[{"@type":"SearchAction","target":{"@type":"EntryPoint","urlTemplate":"https:\/\/soprassub.com\/?s={search_term_string}"},"query-input":{"@type":"PropertyValueSpecification","valueRequired":true,"valueName":"search_term_string"}}],"inLanguage":"cs"}]}},"uagb_featured_image_src":{"full":["https:\/\/soprassub.com\/wp-content\/uploads\/2025\/04\/85274-YPOK.jpg",1500,1500,false],"thumbnail":["https:\/\/soprassub.com\/wp-content\/uploads\/2025\/04\/85274-YPOK-150x150.jpg",150,150,true],"medium":["https:\/\/soprassub.com\/wp-content\/uploads\/2025\/04\/85274-YPOK-300x300.jpg",300,300,true],"medium_large":["https:\/\/soprassub.com\/wp-content\/uploads\/2025\/04\/85274-YPOK-768x768.jpg",768,768,true],"large":["https:\/\/soprassub.com\/wp-content\/uploads\/2025\/04\/85274-YPOK-1024x1024.jpg",1024,1024,true],"1536x1536":["https:\/\/soprassub.com\/wp-content\/uploads\/2025\/04\/85274-YPOK.jpg",1500,1500,false],"2048x2048":["https:\/\/soprassub.com\/wp-content\/uploads\/2025\/04\/85274-YPOK.jpg",1500,1500,false],"neve-blog":["https:\/\/soprassub.com\/wp-content\/uploads\/2025\/04\/85274-YPOK-930x620.jpg",930,620,true],"mailpoet_newsletter_max":["https:\/\/soprassub.com\/wp-content\/uploads\/2025\/04\/85274-YPOK-1320x1320.jpg",1320,1320,true],"woocommerce_thumbnail":["https:\/\/soprassub.com\/wp-content\/uploads\/2025\/04\/85274-YPOK-300x300.jpg",300,300,true],"woocommerce_single":["https:\/\/soprassub.com\/wp-content\/uploads\/2025\/04\/85274-YPOK-600x600.jpg",600,600,true],"woocommerce_gallery_thumbnail":["https:\/\/soprassub.com\/wp-content\/uploads\/2025\/04\/85274-YPOK-100x100.jpg",100,100,true]},"uagb_author_info":{"display_name":"sobkova","author_link":"https:\/\/soprassub.com\/cs\/author\/"},"uagb_comment_info":0,"uagb_excerpt":"New DECO\/Lifting buoy with size 185x15cm available in 4 colours and equipped with our new all in one inflation\/deflation valve, lead weight on bottom, small D ring and bungy as well as Velcro for storing. This valve allows inflation via your mouth as well as with the inflator LP hose and also deflation by pulling&hellip;&nbsp;\u010c\u00edst&hellip;","_links":{"self":[{"href":"https:\/\/soprassub.com\/cs\/wp-json\/wp\/v2\/product\/17263","targetHints":{"allow":["GET"]}}],"collection":[{"href":"https:\/\/soprassub.com\/cs\/wp-json\/wp\/v2\/product"}],"about":[{"href":"https:\/\/soprassub.com\/cs\/wp-json\/wp\/v2\/types\/product"}],"replies":[{"embeddable":true,"href":"https:\/\/soprassub.com\/cs\/wp-json\/wp\/v2\/comments?post=17263"}],"wp:featuredmedia":[{"embeddable":true,"href":"https:\/\/soprassub.com\/cs\/wp-json\/wp\/v2\/media\/16185"}],"wp:attachment":[{"href":"https:\/\/soprassub.com\/cs\/wp-json\/wp\/v2\/media?parent=17263"}],"wp:term":[{"taxonomy":"product_brand","embeddable":true,"href":"https:\/\/soprassub.com\/cs\/wp-json\/wp\/v2\/product_brand?post=17263"},{"taxonomy":"product_cat","embeddable":true,"href":"https:\/\/soprassub.com\/cs\/wp-json\/wp\/v2\/product_cat?post=17263"},{"taxonomy":"product_tag","embeddable":true,"href":"https:\/\/soprassub.com\/cs\/wp-json\/wp\/v2\/product_tag?post=17263"}],"curies":[{"name":"wp","href":"https:\/\/api.w.org\/{rel}","templated":true}]}}