{"id":17351,"date":"2024-02-06T18:22:48","date_gmt":"2024-02-06T17:22:48","guid":{"rendered":"https:\/\/soprassub.com\/shop\/scuba-service-tool-kit\/"},"modified":"2024-02-06T18:22:48","modified_gmt":"2024-02-06T17:22:48","slug":"scuba-service-tool-kit","status":"publish","type":"product","link":"https:\/\/soprassub.com\/cs\/shop\/scuba-service-tool-kit\/","title":{"rendered":"Scuba service tool kit"},"content":{"rendered":"<p>All the needed instruments at one hand in a handy luggage folder including the main o rings. Here\u2019s what you find and need:<\/p>\n<ol>\n<li>\u201d +\u201d SCREW DRIVER x 1PC<\/li>\n<li>\u201c- \u201d SCREW DRIVER x 1PC<\/li>\n<li>CUP TOOL x 1PC<\/li>\n<li>SPANNER WRENCH(3\/4\u2033-2\u2033) x 1PC<\/li>\n<li>O-RING TOOL x 3PCS<\/li>\n<li>TWO HEAD DRIVER FOR KNOB OF TANK VALVE x 1PC<\/li>\n<li>STANDARD REG. ADJUSTING TOOL x 1PC<\/li>\n<li>SWIVEL REG. ADJUSTING TOOL x 1PC<\/li>\n<li>POPPET TOOL 3 HEAD x 1PC<\/li>\n<\/ol>\n<ol start=\"10\">\n<li>POPPET TOOL 4 HEAD x 1PC<\/li>\n<li>DT-203 MULTI TOOL(14 IN ONE) x 1PC<\/li>\n<li>\u201cS\u201d SHAPE WRENCH x 2PCS<\/li>\n<li>HANDLE BAR(FIRST STAGE, HP&amp; LP PORT)<\/li>\n<li>SILICONE GREASE x 1PC<\/li>\n<li>O-RING:<\/li>\n<\/ol>\n<p>AS568-010 x 10PCS<\/p>\n<p>AS568-011 x 10PCS<\/p>\n<p>AS568-012 x 5PCS<\/p>\n<p>AS568-014 x 10PCS<\/p>\n<p>AS568-015 x 5PCS<\/p>\n<p>AS568-112 x 10PCS<\/p>\n<p>&nbsp;<\/p>\n","protected":false},"excerpt":{"rendered":"<p>All the needed instruments at one hand in a handy luggage folder including the main o rings. Here\u2019s what you find and need: \u201d +\u201d SCREW DRIVER x 1PC \u201c- \u201d SCREW DRIVER x 1PC CUP TOOL x 1PC SPANNER WRENCH(3\/4\u2033-2\u2033) x 1PC O-RING TOOL x 3PCS TWO HEAD DRIVER FOR KNOB OF TANK VALVE&hellip;&nbsp;<a href=\"https:\/\/soprassub.com\/cs\/shop\/scuba-service-tool-kit\/\" rel=\"bookmark\">\u010c\u00edst d\u00e1le &raquo;<span class=\"screen-reader-text\">Scuba service tool kit<\/span><\/a><\/p>\n","protected":false},"featured_media":13445,"comment_status":"open","ping_status":"closed","template":"","meta":{"_uag_custom_page_level_css":"","neve_meta_sidebar":"","neve_meta_container":"","neve_meta_enable_content_width":"off","neve_meta_content_width":100,"neve_meta_title_alignment":"","neve_meta_author_avatar":"","neve_post_elements_order":"","neve_meta_disable_header":"","neve_meta_disable_footer":"","neve_meta_disable_title":""},"product_brand":[],"product_cat":[903,911],"product_tag":[954],"class_list":{"0":"post-17351","1":"product","2":"type-product","3":"status-publish","4":"has-post-thumbnail","6":"product_cat-regulatory-automatiky","7":"product_cat-udrzba-a-servis-regulatoru","8":"product_tag-new-cs","10":"first","11":"instock","12":"taxable","13":"shipping-taxable","14":"purchasable","15":"product-type-simple"},"yoast_head":"<!-- This site is optimized with the Yoast SEO plugin v27.4 - https:\/\/yoast.com\/product\/yoast-seo-wordpress\/ -->\n<title>Scuba service tool kit - Soprassub<\/title>\n<meta name=\"robots\" content=\"index, follow, max-snippet:-1, max-image-preview:large, max-video-preview:-1\" \/>\n<link rel=\"canonical\" href=\"https:\/\/soprassub.com\/cs\/shop\/scuba-service-tool-kit\/\" \/>\n<meta property=\"og:locale\" content=\"cs_CZ\" \/>\n<meta property=\"og:type\" content=\"article\" \/>\n<meta property=\"og:title\" content=\"Scuba service tool kit - Soprassub\" \/>\n<meta property=\"og:description\" content=\"All the needed instruments at one hand in a handy luggage folder including the main o rings. Here\u2019s what you find and need: \u201d +\u201d SCREW DRIVER x 1PC \u201c- \u201d SCREW DRIVER x 1PC CUP TOOL x 1PC SPANNER WRENCH(3\/4\u2033-2\u2033) x 1PC O-RING TOOL x 3PCS TWO HEAD DRIVER FOR KNOB OF TANK VALVE&hellip;&nbsp;\u010c\u00edst d\u00e1le &raquo;Scuba service tool kit\" \/>\n<meta property=\"og:url\" content=\"https:\/\/soprassub.com\/cs\/shop\/scuba-service-tool-kit\/\" \/>\n<meta property=\"og:site_name\" content=\"Soprassub\" \/>\n<meta name=\"twitter:card\" content=\"summary_large_image\" \/>\n<meta name=\"twitter:label1\" content=\"Odhadovan\u00e1 doba \u010dten\u00ed\" \/>\n\t<meta name=\"twitter:data1\" content=\"1 minuta\" \/>\n<script type=\"application\/ld+json\" class=\"yoast-schema-graph\">{\"@context\":\"https:\\\/\\\/schema.org\",\"@graph\":[{\"@type\":\"WebPage\",\"@id\":\"https:\\\/\\\/soprassub.com\\\/cs\\\/shop\\\/scuba-service-tool-kit\\\/\",\"url\":\"https:\\\/\\\/soprassub.com\\\/cs\\\/shop\\\/scuba-service-tool-kit\\\/\",\"name\":\"Scuba service tool kit - Soprassub\",\"isPartOf\":{\"@id\":\"https:\\\/\\\/soprassub.com\\\/#website\"},\"primaryImageOfPage\":{\"@id\":\"https:\\\/\\\/soprassub.com\\\/cs\\\/shop\\\/scuba-service-tool-kit\\\/#primaryimage\"},\"image\":{\"@id\":\"https:\\\/\\\/soprassub.com\\\/cs\\\/shop\\\/scuba-service-tool-kit\\\/#primaryimage\"},\"thumbnailUrl\":\"https:\\\/\\\/soprassub.com\\\/wp-content\\\/uploads\\\/2024\\\/02\\\/653002-scuba-tool-kit-1.jpg\",\"datePublished\":\"2024-02-06T17:22:48+00:00\",\"breadcrumb\":{\"@id\":\"https:\\\/\\\/soprassub.com\\\/cs\\\/shop\\\/scuba-service-tool-kit\\\/#breadcrumb\"},\"inLanguage\":\"cs\",\"potentialAction\":[{\"@type\":\"ReadAction\",\"target\":[\"https:\\\/\\\/soprassub.com\\\/cs\\\/shop\\\/scuba-service-tool-kit\\\/\"]}]},{\"@type\":\"ImageObject\",\"inLanguage\":\"cs\",\"@id\":\"https:\\\/\\\/soprassub.com\\\/cs\\\/shop\\\/scuba-service-tool-kit\\\/#primaryimage\",\"url\":\"https:\\\/\\\/soprassub.com\\\/wp-content\\\/uploads\\\/2024\\\/02\\\/653002-scuba-tool-kit-1.jpg\",\"contentUrl\":\"https:\\\/\\\/soprassub.com\\\/wp-content\\\/uploads\\\/2024\\\/02\\\/653002-scuba-tool-kit-1.jpg\",\"width\":1500,\"height\":1500},{\"@type\":\"BreadcrumbList\",\"@id\":\"https:\\\/\\\/soprassub.com\\\/cs\\\/shop\\\/scuba-service-tool-kit\\\/#breadcrumb\",\"itemListElement\":[{\"@type\":\"ListItem\",\"position\":1,\"name\":\"Home\",\"item\":\"https:\\\/\\\/soprassub.com\\\/cs\\\/\"},{\"@type\":\"ListItem\",\"position\":2,\"name\":\"Shop\",\"item\":\"https:\\\/\\\/soprassub.com\\\/shop\\\/\"},{\"@type\":\"ListItem\",\"position\":3,\"name\":\"Scuba service tool kit\"}]},{\"@type\":\"WebSite\",\"@id\":\"https:\\\/\\\/soprassub.com\\\/#website\",\"url\":\"https:\\\/\\\/soprassub.com\\\/\",\"name\":\"Soprassub\",\"description\":\"Recreational diving\",\"potentialAction\":[{\"@type\":\"SearchAction\",\"target\":{\"@type\":\"EntryPoint\",\"urlTemplate\":\"https:\\\/\\\/soprassub.com\\\/?s={search_term_string}\"},\"query-input\":{\"@type\":\"PropertyValueSpecification\",\"valueRequired\":true,\"valueName\":\"search_term_string\"}}],\"inLanguage\":\"cs\"}]}<\/script>\n<!-- \/ Yoast SEO plugin. -->","yoast_head_json":{"title":"Scuba service tool kit - Soprassub","robots":{"index":"index","follow":"follow","max-snippet":"max-snippet:-1","max-image-preview":"max-image-preview:large","max-video-preview":"max-video-preview:-1"},"canonical":"https:\/\/soprassub.com\/cs\/shop\/scuba-service-tool-kit\/","og_locale":"cs_CZ","og_type":"article","og_title":"Scuba service tool kit - Soprassub","og_description":"All the needed instruments at one hand in a handy luggage folder including the main o rings. Here\u2019s what you find and need: \u201d +\u201d SCREW DRIVER x 1PC \u201c- \u201d SCREW DRIVER x 1PC CUP TOOL x 1PC SPANNER WRENCH(3\/4\u2033-2\u2033) x 1PC O-RING TOOL x 3PCS TWO HEAD DRIVER FOR KNOB OF TANK VALVE&hellip;&nbsp;\u010c\u00edst d\u00e1le &raquo;Scuba service tool kit","og_url":"https:\/\/soprassub.com\/cs\/shop\/scuba-service-tool-kit\/","og_site_name":"Soprassub","twitter_card":"summary_large_image","twitter_misc":{"Odhadovan\u00e1 doba \u010dten\u00ed":"1 minuta"},"schema":{"@context":"https:\/\/schema.org","@graph":[{"@type":"WebPage","@id":"https:\/\/soprassub.com\/cs\/shop\/scuba-service-tool-kit\/","url":"https:\/\/soprassub.com\/cs\/shop\/scuba-service-tool-kit\/","name":"Scuba service tool kit - Soprassub","isPartOf":{"@id":"https:\/\/soprassub.com\/#website"},"primaryImageOfPage":{"@id":"https:\/\/soprassub.com\/cs\/shop\/scuba-service-tool-kit\/#primaryimage"},"image":{"@id":"https:\/\/soprassub.com\/cs\/shop\/scuba-service-tool-kit\/#primaryimage"},"thumbnailUrl":"https:\/\/soprassub.com\/wp-content\/uploads\/2024\/02\/653002-scuba-tool-kit-1.jpg","datePublished":"2024-02-06T17:22:48+00:00","breadcrumb":{"@id":"https:\/\/soprassub.com\/cs\/shop\/scuba-service-tool-kit\/#breadcrumb"},"inLanguage":"cs","potentialAction":[{"@type":"ReadAction","target":["https:\/\/soprassub.com\/cs\/shop\/scuba-service-tool-kit\/"]}]},{"@type":"ImageObject","inLanguage":"cs","@id":"https:\/\/soprassub.com\/cs\/shop\/scuba-service-tool-kit\/#primaryimage","url":"https:\/\/soprassub.com\/wp-content\/uploads\/2024\/02\/653002-scuba-tool-kit-1.jpg","contentUrl":"https:\/\/soprassub.com\/wp-content\/uploads\/2024\/02\/653002-scuba-tool-kit-1.jpg","width":1500,"height":1500},{"@type":"BreadcrumbList","@id":"https:\/\/soprassub.com\/cs\/shop\/scuba-service-tool-kit\/#breadcrumb","itemListElement":[{"@type":"ListItem","position":1,"name":"Home","item":"https:\/\/soprassub.com\/cs\/"},{"@type":"ListItem","position":2,"name":"Shop","item":"https:\/\/soprassub.com\/shop\/"},{"@type":"ListItem","position":3,"name":"Scuba service tool kit"}]},{"@type":"WebSite","@id":"https:\/\/soprassub.com\/#website","url":"https:\/\/soprassub.com\/","name":"Soprassub","description":"Recreational diving","potentialAction":[{"@type":"SearchAction","target":{"@type":"EntryPoint","urlTemplate":"https:\/\/soprassub.com\/?s={search_term_string}"},"query-input":{"@type":"PropertyValueSpecification","valueRequired":true,"valueName":"search_term_string"}}],"inLanguage":"cs"}]}},"uagb_featured_image_src":{"full":["https:\/\/soprassub.com\/wp-content\/uploads\/2024\/02\/653002-scuba-tool-kit-1.jpg",1500,1500,false],"thumbnail":["https:\/\/soprassub.com\/wp-content\/uploads\/2024\/02\/653002-scuba-tool-kit-1-150x150.jpg",150,150,true],"medium":["https:\/\/soprassub.com\/wp-content\/uploads\/2024\/02\/653002-scuba-tool-kit-1-300x300.jpg",300,300,true],"medium_large":["https:\/\/soprassub.com\/wp-content\/uploads\/2024\/02\/653002-scuba-tool-kit-1-768x768.jpg",768,768,true],"large":["https:\/\/soprassub.com\/wp-content\/uploads\/2024\/02\/653002-scuba-tool-kit-1-1024x1024.jpg",1024,1024,true],"1536x1536":["https:\/\/soprassub.com\/wp-content\/uploads\/2024\/02\/653002-scuba-tool-kit-1.jpg",1500,1500,false],"2048x2048":["https:\/\/soprassub.com\/wp-content\/uploads\/2024\/02\/653002-scuba-tool-kit-1.jpg",1500,1500,false],"neve-blog":["https:\/\/soprassub.com\/wp-content\/uploads\/2024\/02\/653002-scuba-tool-kit-1-930x620.jpg",930,620,true],"mailpoet_newsletter_max":["https:\/\/soprassub.com\/wp-content\/uploads\/2024\/02\/653002-scuba-tool-kit-1.jpg",1320,1320,false],"woocommerce_thumbnail":["https:\/\/soprassub.com\/wp-content\/uploads\/2024\/02\/653002-scuba-tool-kit-1-300x300.jpg",300,300,true],"woocommerce_single":["https:\/\/soprassub.com\/wp-content\/uploads\/2024\/02\/653002-scuba-tool-kit-1-600x600.jpg",600,600,true],"woocommerce_gallery_thumbnail":["https:\/\/soprassub.com\/wp-content\/uploads\/2024\/02\/653002-scuba-tool-kit-1-100x100.jpg",100,100,true]},"uagb_author_info":{"display_name":"sobkova","author_link":"https:\/\/soprassub.com\/cs\/author\/"},"uagb_comment_info":0,"uagb_excerpt":"All the needed instruments at one hand in a handy luggage folder including the main o rings. Here\u2019s what you find and need: \u201d +\u201d SCREW DRIVER x 1PC \u201c- \u201d SCREW DRIVER x 1PC CUP TOOL x 1PC SPANNER WRENCH(3\/4\u2033-2\u2033) x 1PC O-RING TOOL x 3PCS TWO HEAD DRIVER FOR KNOB OF TANK VALVE&hellip;&nbsp;\u010c\u00edst&hellip;","_links":{"self":[{"href":"https:\/\/soprassub.com\/cs\/wp-json\/wp\/v2\/product\/17351","targetHints":{"allow":["GET"]}}],"collection":[{"href":"https:\/\/soprassub.com\/cs\/wp-json\/wp\/v2\/product"}],"about":[{"href":"https:\/\/soprassub.com\/cs\/wp-json\/wp\/v2\/types\/product"}],"replies":[{"embeddable":true,"href":"https:\/\/soprassub.com\/cs\/wp-json\/wp\/v2\/comments?post=17351"}],"wp:featuredmedia":[{"embeddable":true,"href":"https:\/\/soprassub.com\/cs\/wp-json\/wp\/v2\/media\/13445"}],"wp:attachment":[{"href":"https:\/\/soprassub.com\/cs\/wp-json\/wp\/v2\/media?parent=17351"}],"wp:term":[{"taxonomy":"product_brand","embeddable":true,"href":"https:\/\/soprassub.com\/cs\/wp-json\/wp\/v2\/product_brand?post=17351"},{"taxonomy":"product_cat","embeddable":true,"href":"https:\/\/soprassub.com\/cs\/wp-json\/wp\/v2\/product_cat?post=17351"},{"taxonomy":"product_tag","embeddable":true,"href":"https:\/\/soprassub.com\/cs\/wp-json\/wp\/v2\/product_tag?post=17351"}],"curies":[{"name":"wp","href":"https:\/\/api.w.org\/{rel}","templated":true}]}}