{"id":17407,"date":"2021-09-24T09:50:40","date_gmt":"2021-09-24T08:50:40","guid":{"rendered":"https:\/\/soprassub.com\/shop\/excel-new\/"},"modified":"2026-04-19T13:38:30","modified_gmt":"2026-04-19T12:38:30","slug":"excel-new","status":"publish","type":"product","link":"https:\/\/soprassub.com\/cs\/shop\/excel-new\/","title":{"rendered":"Excel NEW"},"content":{"rendered":"<p>Excel NEW mask in black, white or blue silicone<br \/>\n1-glass mask<\/p>\n","protected":false},"excerpt":{"rendered":"<p>Excel NEW mask in black, white or blue silicone 1-glass mask<\/p>\n","protected":false},"featured_media":13344,"comment_status":"open","ping_status":"closed","template":"","meta":{"_uag_custom_page_level_css":"","neve_meta_sidebar":"","neve_meta_container":"","neve_meta_enable_content_width":"off","neve_meta_content_width":100,"neve_meta_title_alignment":"","neve_meta_author_avatar":"","neve_post_elements_order":"","neve_meta_disable_header":"","neve_meta_disable_footer":"","neve_meta_disable_title":""},"product_brand":[],"product_cat":[883],"product_tag":[1348],"class_list":{"0":"post-17407","1":"product","2":"type-product","3":"status-publish","4":"has-post-thumbnail","6":"product_cat-masky-jednozornikove","7":"product_tag-clearance","9":"first","10":"instock","11":"sale","12":"taxable","13":"shipping-taxable","14":"purchasable","15":"product-type-variable"},"yoast_head":"<!-- This site is optimized with the Yoast SEO plugin v27.4 - https:\/\/yoast.com\/product\/yoast-seo-wordpress\/ -->\n<title>Excel NEW - Soprassub<\/title>\n<meta name=\"robots\" content=\"index, follow, max-snippet:-1, max-image-preview:large, max-video-preview:-1\" \/>\n<link rel=\"canonical\" href=\"https:\/\/soprassub.com\/cs\/shop\/excel-new\/\" \/>\n<meta property=\"og:locale\" content=\"cs_CZ\" \/>\n<meta property=\"og:type\" content=\"article\" \/>\n<meta property=\"og:title\" content=\"Excel NEW - Soprassub\" \/>\n<meta property=\"og:description\" content=\"Excel NEW mask in black, white or blue silicone 1-glass mask\" \/>\n<meta property=\"og:url\" content=\"https:\/\/soprassub.com\/cs\/shop\/excel-new\/\" \/>\n<meta property=\"og:site_name\" content=\"Soprassub\" \/>\n<meta property=\"article:modified_time\" content=\"2026-04-19T12:38:30+00:00\" \/>\n<meta property=\"og:image\" content=\"https:\/\/soprassub.com\/wp-content\/uploads\/2021\/09\/Excel-new-edit-2.jpg\" \/>\n\t<meta property=\"og:image:width\" content=\"1500\" \/>\n\t<meta property=\"og:image:height\" content=\"1500\" \/>\n\t<meta property=\"og:image:type\" content=\"image\/jpeg\" \/>\n<meta name=\"twitter:card\" content=\"summary_large_image\" \/>\n<meta name=\"twitter:label1\" content=\"Odhadovan\u00e1 doba \u010dten\u00ed\" \/>\n\t<meta name=\"twitter:data1\" content=\"1 minuta\" \/>\n<script type=\"application\/ld+json\" class=\"yoast-schema-graph\">{\"@context\":\"https:\\\/\\\/schema.org\",\"@graph\":[{\"@type\":\"WebPage\",\"@id\":\"https:\\\/\\\/soprassub.com\\\/cs\\\/shop\\\/excel-new\\\/\",\"url\":\"https:\\\/\\\/soprassub.com\\\/cs\\\/shop\\\/excel-new\\\/\",\"name\":\"Excel NEW - Soprassub\",\"isPartOf\":{\"@id\":\"https:\\\/\\\/soprassub.com\\\/#website\"},\"primaryImageOfPage\":{\"@id\":\"https:\\\/\\\/soprassub.com\\\/cs\\\/shop\\\/excel-new\\\/#primaryimage\"},\"image\":{\"@id\":\"https:\\\/\\\/soprassub.com\\\/cs\\\/shop\\\/excel-new\\\/#primaryimage\"},\"thumbnailUrl\":\"https:\\\/\\\/soprassub.com\\\/wp-content\\\/uploads\\\/2021\\\/09\\\/Excel-new-edit-2.jpg\",\"datePublished\":\"2021-09-24T08:50:40+00:00\",\"dateModified\":\"2026-04-19T12:38:30+00:00\",\"breadcrumb\":{\"@id\":\"https:\\\/\\\/soprassub.com\\\/cs\\\/shop\\\/excel-new\\\/#breadcrumb\"},\"inLanguage\":\"cs\",\"potentialAction\":[{\"@type\":\"ReadAction\",\"target\":[\"https:\\\/\\\/soprassub.com\\\/cs\\\/shop\\\/excel-new\\\/\"]}]},{\"@type\":\"ImageObject\",\"inLanguage\":\"cs\",\"@id\":\"https:\\\/\\\/soprassub.com\\\/cs\\\/shop\\\/excel-new\\\/#primaryimage\",\"url\":\"https:\\\/\\\/soprassub.com\\\/wp-content\\\/uploads\\\/2021\\\/09\\\/Excel-new-edit-2.jpg\",\"contentUrl\":\"https:\\\/\\\/soprassub.com\\\/wp-content\\\/uploads\\\/2021\\\/09\\\/Excel-new-edit-2.jpg\",\"width\":1500,\"height\":1500},{\"@type\":\"BreadcrumbList\",\"@id\":\"https:\\\/\\\/soprassub.com\\\/cs\\\/shop\\\/excel-new\\\/#breadcrumb\",\"itemListElement\":[{\"@type\":\"ListItem\",\"position\":1,\"name\":\"Home\",\"item\":\"https:\\\/\\\/soprassub.com\\\/cs\\\/\"},{\"@type\":\"ListItem\",\"position\":2,\"name\":\"Shop\",\"item\":\"https:\\\/\\\/soprassub.com\\\/shop\\\/\"},{\"@type\":\"ListItem\",\"position\":3,\"name\":\"Excel NEW\"}]},{\"@type\":\"WebSite\",\"@id\":\"https:\\\/\\\/soprassub.com\\\/#website\",\"url\":\"https:\\\/\\\/soprassub.com\\\/\",\"name\":\"Soprassub\",\"description\":\"Recreational diving\",\"potentialAction\":[{\"@type\":\"SearchAction\",\"target\":{\"@type\":\"EntryPoint\",\"urlTemplate\":\"https:\\\/\\\/soprassub.com\\\/?s={search_term_string}\"},\"query-input\":{\"@type\":\"PropertyValueSpecification\",\"valueRequired\":true,\"valueName\":\"search_term_string\"}}],\"inLanguage\":\"cs\"}]}<\/script>\n<!-- \/ Yoast SEO plugin. -->","yoast_head_json":{"title":"Excel NEW - Soprassub","robots":{"index":"index","follow":"follow","max-snippet":"max-snippet:-1","max-image-preview":"max-image-preview:large","max-video-preview":"max-video-preview:-1"},"canonical":"https:\/\/soprassub.com\/cs\/shop\/excel-new\/","og_locale":"cs_CZ","og_type":"article","og_title":"Excel NEW - Soprassub","og_description":"Excel NEW mask in black, white or blue silicone 1-glass mask","og_url":"https:\/\/soprassub.com\/cs\/shop\/excel-new\/","og_site_name":"Soprassub","article_modified_time":"2026-04-19T12:38:30+00:00","og_image":[{"width":1500,"height":1500,"url":"https:\/\/soprassub.com\/wp-content\/uploads\/2021\/09\/Excel-new-edit-2.jpg","type":"image\/jpeg"}],"twitter_card":"summary_large_image","twitter_misc":{"Odhadovan\u00e1 doba \u010dten\u00ed":"1 minuta"},"schema":{"@context":"https:\/\/schema.org","@graph":[{"@type":"WebPage","@id":"https:\/\/soprassub.com\/cs\/shop\/excel-new\/","url":"https:\/\/soprassub.com\/cs\/shop\/excel-new\/","name":"Excel NEW - Soprassub","isPartOf":{"@id":"https:\/\/soprassub.com\/#website"},"primaryImageOfPage":{"@id":"https:\/\/soprassub.com\/cs\/shop\/excel-new\/#primaryimage"},"image":{"@id":"https:\/\/soprassub.com\/cs\/shop\/excel-new\/#primaryimage"},"thumbnailUrl":"https:\/\/soprassub.com\/wp-content\/uploads\/2021\/09\/Excel-new-edit-2.jpg","datePublished":"2021-09-24T08:50:40+00:00","dateModified":"2026-04-19T12:38:30+00:00","breadcrumb":{"@id":"https:\/\/soprassub.com\/cs\/shop\/excel-new\/#breadcrumb"},"inLanguage":"cs","potentialAction":[{"@type":"ReadAction","target":["https:\/\/soprassub.com\/cs\/shop\/excel-new\/"]}]},{"@type":"ImageObject","inLanguage":"cs","@id":"https:\/\/soprassub.com\/cs\/shop\/excel-new\/#primaryimage","url":"https:\/\/soprassub.com\/wp-content\/uploads\/2021\/09\/Excel-new-edit-2.jpg","contentUrl":"https:\/\/soprassub.com\/wp-content\/uploads\/2021\/09\/Excel-new-edit-2.jpg","width":1500,"height":1500},{"@type":"BreadcrumbList","@id":"https:\/\/soprassub.com\/cs\/shop\/excel-new\/#breadcrumb","itemListElement":[{"@type":"ListItem","position":1,"name":"Home","item":"https:\/\/soprassub.com\/cs\/"},{"@type":"ListItem","position":2,"name":"Shop","item":"https:\/\/soprassub.com\/shop\/"},{"@type":"ListItem","position":3,"name":"Excel NEW"}]},{"@type":"WebSite","@id":"https:\/\/soprassub.com\/#website","url":"https:\/\/soprassub.com\/","name":"Soprassub","description":"Recreational diving","potentialAction":[{"@type":"SearchAction","target":{"@type":"EntryPoint","urlTemplate":"https:\/\/soprassub.com\/?s={search_term_string}"},"query-input":{"@type":"PropertyValueSpecification","valueRequired":true,"valueName":"search_term_string"}}],"inLanguage":"cs"}]}},"uagb_featured_image_src":{"full":["https:\/\/soprassub.com\/wp-content\/uploads\/2021\/09\/Excel-new-edit-2.jpg",1500,1500,false],"thumbnail":["https:\/\/soprassub.com\/wp-content\/uploads\/2021\/09\/Excel-new-edit-2-150x150.jpg",150,150,true],"medium":["https:\/\/soprassub.com\/wp-content\/uploads\/2021\/09\/Excel-new-edit-2-300x300.jpg",300,300,true],"medium_large":["https:\/\/soprassub.com\/wp-content\/uploads\/2021\/09\/Excel-new-edit-2-768x768.jpg",768,768,true],"large":["https:\/\/soprassub.com\/wp-content\/uploads\/2021\/09\/Excel-new-edit-2-1024x1024.jpg",1024,1024,true],"1536x1536":["https:\/\/soprassub.com\/wp-content\/uploads\/2021\/09\/Excel-new-edit-2.jpg",1500,1500,false],"2048x2048":["https:\/\/soprassub.com\/wp-content\/uploads\/2021\/09\/Excel-new-edit-2.jpg",1500,1500,false],"neve-blog":["https:\/\/soprassub.com\/wp-content\/uploads\/2021\/09\/Excel-new-edit-2-930x620.jpg",930,620,true],"mailpoet_newsletter_max":["https:\/\/soprassub.com\/wp-content\/uploads\/2021\/09\/Excel-new-edit-2.jpg",1320,1320,false],"woocommerce_thumbnail":["https:\/\/soprassub.com\/wp-content\/uploads\/2021\/09\/Excel-new-edit-2-300x300.jpg",300,300,true],"woocommerce_single":["https:\/\/soprassub.com\/wp-content\/uploads\/2021\/09\/Excel-new-edit-2-600x600.jpg",600,600,true],"woocommerce_gallery_thumbnail":["https:\/\/soprassub.com\/wp-content\/uploads\/2021\/09\/Excel-new-edit-2-100x100.jpg",100,100,true]},"uagb_author_info":{"display_name":"sobkova","author_link":"https:\/\/soprassub.com\/cs\/author\/"},"uagb_comment_info":0,"uagb_excerpt":"Excel NEW mask in black, white or blue silicone 1-glass mask","_links":{"self":[{"href":"https:\/\/soprassub.com\/cs\/wp-json\/wp\/v2\/product\/17407","targetHints":{"allow":["GET"]}}],"collection":[{"href":"https:\/\/soprassub.com\/cs\/wp-json\/wp\/v2\/product"}],"about":[{"href":"https:\/\/soprassub.com\/cs\/wp-json\/wp\/v2\/types\/product"}],"replies":[{"embeddable":true,"href":"https:\/\/soprassub.com\/cs\/wp-json\/wp\/v2\/comments?post=17407"}],"wp:featuredmedia":[{"embeddable":true,"href":"https:\/\/soprassub.com\/cs\/wp-json\/wp\/v2\/media\/13344"}],"wp:attachment":[{"href":"https:\/\/soprassub.com\/cs\/wp-json\/wp\/v2\/media?parent=17407"}],"wp:term":[{"taxonomy":"product_brand","embeddable":true,"href":"https:\/\/soprassub.com\/cs\/wp-json\/wp\/v2\/product_brand?post=17407"},{"taxonomy":"product_cat","embeddable":true,"href":"https:\/\/soprassub.com\/cs\/wp-json\/wp\/v2\/product_cat?post=17407"},{"taxonomy":"product_tag","embeddable":true,"href":"https:\/\/soprassub.com\/cs\/wp-json\/wp\/v2\/product_tag?post=17407"}],"curies":[{"name":"wp","href":"https:\/\/api.w.org\/{rel}","templated":true}]}}