{"id":17638,"date":"2018-03-22T10:11:48","date_gmt":"2018-03-22T09:11:48","guid":{"rendered":"https:\/\/soprassub.com\/shop\/nautilus\/"},"modified":"2018-03-22T10:11:48","modified_gmt":"2018-03-22T09:11:48","slug":"nautilus","status":"publish","type":"product","link":"https:\/\/soprassub.com\/cs\/shop\/nautilus\/","title":{"rendered":"NAUTILUS"},"content":{"rendered":"<p>Nautilus are professional multi-purpose fins, with quick adjusting, quick release buckles. The<br \/>\nanatomic soft foot pocket is made of thermoplastic and rubber with different thickness of sole, suitable<br \/>\nfor use with neoprene socks or boots. Laterally reinforced blade by large directional ribs to remove all<br \/>\nobstacles to the free flow of water. The blade is longer than usual to improve the thrust forward. The<br \/>\ncentral part is made of rubber to improve the transmission of power with less effort during the thrust.<br \/>\nSizes: S,M,L,XL<br \/>\nColours: yellow, blue, grey<\/p>\n","protected":false},"excerpt":{"rendered":"<p>Nautilus are professional multi-purpose fins, with quick adjusting, quick release buckles. The anatomic soft foot pocket is made of thermoplastic and rubber with different thickness of sole, suitable for use with neoprene socks or boots. Laterally reinforced blade by large directional ribs to remove all obstacles to the free flow of water. The blade is&hellip;&nbsp;<a href=\"https:\/\/soprassub.com\/cs\/shop\/nautilus\/\" rel=\"bookmark\">\u010c\u00edst d\u00e1le &raquo;<span class=\"screen-reader-text\">NAUTILUS<\/span><\/a><\/p>\n","protected":false},"featured_media":11576,"comment_status":"open","ping_status":"closed","template":"","meta":{"_uag_custom_page_level_css":"","neve_meta_sidebar":"","neve_meta_container":"","neve_meta_enable_content_width":"off","neve_meta_content_width":100,"neve_meta_title_alignment":"","neve_meta_author_avatar":"","neve_post_elements_order":"","neve_meta_disable_header":"","neve_meta_disable_footer":"","neve_meta_disable_title":""},"product_brand":[],"product_cat":[884],"product_tag":[],"class_list":{"0":"post-17638","1":"product","2":"type-product","3":"status-publish","4":"has-post-thumbnail","6":"product_cat-ploutve-s-paskem","8":"first","9":"instock","10":"taxable","11":"shipping-taxable","12":"purchasable","13":"product-type-variable"},"yoast_head":"<!-- This site is optimized with the Yoast SEO plugin v27.2 - https:\/\/yoast.com\/product\/yoast-seo-wordpress\/ -->\n<title>NAUTILUS - Soprassub<\/title>\n<meta name=\"robots\" content=\"index, follow, max-snippet:-1, max-image-preview:large, max-video-preview:-1\" \/>\n<link rel=\"canonical\" href=\"https:\/\/soprassub.com\/cs\/shop\/nautilus\/\" \/>\n<meta property=\"og:locale\" content=\"cs_CZ\" \/>\n<meta property=\"og:type\" content=\"article\" \/>\n<meta property=\"og:title\" content=\"NAUTILUS - Soprassub\" \/>\n<meta property=\"og:description\" content=\"Nautilus are professional multi-purpose fins, with quick adjusting, quick release buckles. The anatomic soft foot pocket is made of thermoplastic and rubber with different thickness of sole, suitable for use with neoprene socks or boots. Laterally reinforced blade by large directional ribs to remove all obstacles to the free flow of water. The blade is&hellip;&nbsp;\u010c\u00edst d\u00e1le &raquo;NAUTILUS\" \/>\n<meta property=\"og:url\" content=\"https:\/\/soprassub.com\/cs\/shop\/nautilus\/\" \/>\n<meta property=\"og:site_name\" content=\"Soprassub\" \/>\n<meta name=\"twitter:card\" content=\"summary_large_image\" \/>\n<script type=\"application\/ld+json\" class=\"yoast-schema-graph\">{\"@context\":\"https:\/\/schema.org\",\"@graph\":[{\"@type\":\"WebPage\",\"@id\":\"https:\/\/soprassub.com\/cs\/shop\/nautilus\/\",\"url\":\"https:\/\/soprassub.com\/cs\/shop\/nautilus\/\",\"name\":\"NAUTILUS - Soprassub\",\"isPartOf\":{\"@id\":\"https:\/\/soprassub.com\/#website\"},\"primaryImageOfPage\":{\"@id\":\"https:\/\/soprassub.com\/cs\/shop\/nautilus\/#primaryimage\"},\"image\":{\"@id\":\"https:\/\/soprassub.com\/cs\/shop\/nautilus\/#primaryimage\"},\"thumbnailUrl\":\"https:\/\/soprassub.com\/wp-content\/uploads\/2018\/03\/4300-Nautilus-blue.jpg\",\"datePublished\":\"2018-03-22T09:11:48+00:00\",\"breadcrumb\":{\"@id\":\"https:\/\/soprassub.com\/cs\/shop\/nautilus\/#breadcrumb\"},\"inLanguage\":\"cs\",\"potentialAction\":[{\"@type\":\"ReadAction\",\"target\":[\"https:\/\/soprassub.com\/cs\/shop\/nautilus\/\"]}]},{\"@type\":\"ImageObject\",\"inLanguage\":\"cs\",\"@id\":\"https:\/\/soprassub.com\/cs\/shop\/nautilus\/#primaryimage\",\"url\":\"https:\/\/soprassub.com\/wp-content\/uploads\/2018\/03\/4300-Nautilus-blue.jpg\",\"contentUrl\":\"https:\/\/soprassub.com\/wp-content\/uploads\/2018\/03\/4300-Nautilus-blue.jpg\",\"width\":1500,\"height\":1500},{\"@type\":\"BreadcrumbList\",\"@id\":\"https:\/\/soprassub.com\/cs\/shop\/nautilus\/#breadcrumb\",\"itemListElement\":[{\"@type\":\"ListItem\",\"position\":1,\"name\":\"Home\",\"item\":\"https:\/\/soprassub.com\/cs\/\"},{\"@type\":\"ListItem\",\"position\":2,\"name\":\"Shop\",\"item\":\"https:\/\/soprassub.com\/shop\/\"},{\"@type\":\"ListItem\",\"position\":3,\"name\":\"NAUTILUS\"}]},{\"@type\":\"WebSite\",\"@id\":\"https:\/\/soprassub.com\/#website\",\"url\":\"https:\/\/soprassub.com\/\",\"name\":\"Soprassub\",\"description\":\"Recreational diving\",\"potentialAction\":[{\"@type\":\"SearchAction\",\"target\":{\"@type\":\"EntryPoint\",\"urlTemplate\":\"https:\/\/soprassub.com\/?s={search_term_string}\"},\"query-input\":{\"@type\":\"PropertyValueSpecification\",\"valueRequired\":true,\"valueName\":\"search_term_string\"}}],\"inLanguage\":\"cs\"}]}<\/script>\n<!-- \/ Yoast SEO plugin. -->","yoast_head_json":{"title":"NAUTILUS - Soprassub","robots":{"index":"index","follow":"follow","max-snippet":"max-snippet:-1","max-image-preview":"max-image-preview:large","max-video-preview":"max-video-preview:-1"},"canonical":"https:\/\/soprassub.com\/cs\/shop\/nautilus\/","og_locale":"cs_CZ","og_type":"article","og_title":"NAUTILUS - Soprassub","og_description":"Nautilus are professional multi-purpose fins, with quick adjusting, quick release buckles. The anatomic soft foot pocket is made of thermoplastic and rubber with different thickness of sole, suitable for use with neoprene socks or boots. Laterally reinforced blade by large directional ribs to remove all obstacles to the free flow of water. The blade is&hellip;&nbsp;\u010c\u00edst d\u00e1le &raquo;NAUTILUS","og_url":"https:\/\/soprassub.com\/cs\/shop\/nautilus\/","og_site_name":"Soprassub","twitter_card":"summary_large_image","schema":{"@context":"https:\/\/schema.org","@graph":[{"@type":"WebPage","@id":"https:\/\/soprassub.com\/cs\/shop\/nautilus\/","url":"https:\/\/soprassub.com\/cs\/shop\/nautilus\/","name":"NAUTILUS - Soprassub","isPartOf":{"@id":"https:\/\/soprassub.com\/#website"},"primaryImageOfPage":{"@id":"https:\/\/soprassub.com\/cs\/shop\/nautilus\/#primaryimage"},"image":{"@id":"https:\/\/soprassub.com\/cs\/shop\/nautilus\/#primaryimage"},"thumbnailUrl":"https:\/\/soprassub.com\/wp-content\/uploads\/2018\/03\/4300-Nautilus-blue.jpg","datePublished":"2018-03-22T09:11:48+00:00","breadcrumb":{"@id":"https:\/\/soprassub.com\/cs\/shop\/nautilus\/#breadcrumb"},"inLanguage":"cs","potentialAction":[{"@type":"ReadAction","target":["https:\/\/soprassub.com\/cs\/shop\/nautilus\/"]}]},{"@type":"ImageObject","inLanguage":"cs","@id":"https:\/\/soprassub.com\/cs\/shop\/nautilus\/#primaryimage","url":"https:\/\/soprassub.com\/wp-content\/uploads\/2018\/03\/4300-Nautilus-blue.jpg","contentUrl":"https:\/\/soprassub.com\/wp-content\/uploads\/2018\/03\/4300-Nautilus-blue.jpg","width":1500,"height":1500},{"@type":"BreadcrumbList","@id":"https:\/\/soprassub.com\/cs\/shop\/nautilus\/#breadcrumb","itemListElement":[{"@type":"ListItem","position":1,"name":"Home","item":"https:\/\/soprassub.com\/cs\/"},{"@type":"ListItem","position":2,"name":"Shop","item":"https:\/\/soprassub.com\/shop\/"},{"@type":"ListItem","position":3,"name":"NAUTILUS"}]},{"@type":"WebSite","@id":"https:\/\/soprassub.com\/#website","url":"https:\/\/soprassub.com\/","name":"Soprassub","description":"Recreational diving","potentialAction":[{"@type":"SearchAction","target":{"@type":"EntryPoint","urlTemplate":"https:\/\/soprassub.com\/?s={search_term_string}"},"query-input":{"@type":"PropertyValueSpecification","valueRequired":true,"valueName":"search_term_string"}}],"inLanguage":"cs"}]}},"uagb_featured_image_src":{"full":["https:\/\/soprassub.com\/wp-content\/uploads\/2018\/03\/4300-Nautilus-blue.jpg",1500,1500,false],"thumbnail":["https:\/\/soprassub.com\/wp-content\/uploads\/2018\/03\/4300-Nautilus-blue.jpg",150,150,false],"medium":["https:\/\/soprassub.com\/wp-content\/uploads\/2018\/03\/4300-Nautilus-blue.jpg",300,300,false],"medium_large":["https:\/\/soprassub.com\/wp-content\/uploads\/2018\/03\/4300-Nautilus-blue.jpg",768,768,false],"large":["https:\/\/soprassub.com\/wp-content\/uploads\/2018\/03\/4300-Nautilus-blue.jpg",1024,1024,false],"1536x1536":["https:\/\/soprassub.com\/wp-content\/uploads\/2018\/03\/4300-Nautilus-blue.jpg",1500,1500,false],"2048x2048":["https:\/\/soprassub.com\/wp-content\/uploads\/2018\/03\/4300-Nautilus-blue.jpg",1500,1500,false],"neve-blog":["https:\/\/soprassub.com\/wp-content\/uploads\/2018\/03\/4300-Nautilus-blue.jpg",620,620,false],"mailpoet_newsletter_max":["https:\/\/soprassub.com\/wp-content\/uploads\/2018\/03\/4300-Nautilus-blue.jpg",1320,1320,false],"woocommerce_thumbnail":["https:\/\/soprassub.com\/wp-content\/uploads\/2018\/03\/4300-Nautilus-blue-300x300.jpg",300,300,true],"woocommerce_single":["https:\/\/soprassub.com\/wp-content\/uploads\/2018\/03\/4300-Nautilus-blue-600x600.jpg",600,600,true],"woocommerce_gallery_thumbnail":["https:\/\/soprassub.com\/wp-content\/uploads\/2018\/03\/4300-Nautilus-blue-100x100.jpg",100,100,true]},"uagb_author_info":{"display_name":"sobkova","author_link":"https:\/\/soprassub.com\/cs\/author\/"},"uagb_comment_info":0,"uagb_excerpt":"Nautilus are professional multi-purpose fins, with quick adjusting, quick release buckles. The anatomic soft foot pocket is made of thermoplastic and rubber with different thickness of sole, suitable for use with neoprene socks or boots. Laterally reinforced blade by large directional ribs to remove all obstacles to the free flow of water. The blade is&hellip;&nbsp;\u010c\u00edst&hellip;","_links":{"self":[{"href":"https:\/\/soprassub.com\/cs\/wp-json\/wp\/v2\/product\/17638","targetHints":{"allow":["GET"]}}],"collection":[{"href":"https:\/\/soprassub.com\/cs\/wp-json\/wp\/v2\/product"}],"about":[{"href":"https:\/\/soprassub.com\/cs\/wp-json\/wp\/v2\/types\/product"}],"replies":[{"embeddable":true,"href":"https:\/\/soprassub.com\/cs\/wp-json\/wp\/v2\/comments?post=17638"}],"wp:featuredmedia":[{"embeddable":true,"href":"https:\/\/soprassub.com\/cs\/wp-json\/wp\/v2\/media\/11576"}],"wp:attachment":[{"href":"https:\/\/soprassub.com\/cs\/wp-json\/wp\/v2\/media?parent=17638"}],"wp:term":[{"taxonomy":"product_brand","embeddable":true,"href":"https:\/\/soprassub.com\/cs\/wp-json\/wp\/v2\/product_brand?post=17638"},{"taxonomy":"product_cat","embeddable":true,"href":"https:\/\/soprassub.com\/cs\/wp-json\/wp\/v2\/product_cat?post=17638"},{"taxonomy":"product_tag","embeddable":true,"href":"https:\/\/soprassub.com\/cs\/wp-json\/wp\/v2\/product_tag?post=17638"}],"curies":[{"name":"wp","href":"https:\/\/api.w.org\/{rel}","templated":true}]}}