{"id":17886,"date":"2018-03-08T11:40:21","date_gmt":"2018-03-08T10:40:21","guid":{"rendered":"https:\/\/soprassub.com\/shop\/speleo-1500-tec-wings\/"},"modified":"2018-03-08T11:40:21","modified_gmt":"2018-03-08T10:40:21","slug":"speleo-1500-tec-wings","status":"publish","type":"product","link":"https:\/\/soprassub.com\/cs\/shop\/speleo-1500-tec-wings\/","title":{"rendered":"SPELEO 1500 TEC WINGS"},"content":{"rendered":"<p>High volume single bladder made of Cordura 1000. Padded hard back pack. Cummerbund adjustable in<br \/>\n3 positions \u2022 8 stainless steel AISI 316 rings for equipment fitting \u2022 Inflator with integrated valve \u2022 Overpressure \/ dump valves placed on shoulder and lower rear \u2022 Small zip-pocket in cummerband. Two weight<br \/>\ndump pockets of maximum 5kg \/ 22lb each. IWS.<br \/>\nLifting capacity: 22 kg \/ 48 lb<br \/>\nSizes: XS\/S, M\/L, XL\/XXL<br \/>\nCE certified<\/p>\n","protected":false},"excerpt":{"rendered":"<p>High volume single bladder made of Cordura 1000. Padded hard back pack. Cummerbund adjustable in 3 positions \u2022 8 stainless steel AISI 316 rings for equipment fitting \u2022 Inflator with integrated valve \u2022 Overpressure \/ dump valves placed on shoulder and lower rear \u2022 Small zip-pocket in cummerband. Two weight dump pockets of maximum 5kg&hellip;&nbsp;<a href=\"https:\/\/soprassub.com\/cs\/shop\/speleo-1500-tec-wings\/\" rel=\"bookmark\">\u010c\u00edst d\u00e1le &raquo;<span class=\"screen-reader-text\">SPELEO 1500 TEC WINGS<\/span><\/a><\/p>\n","protected":false},"featured_media":13772,"comment_status":"open","ping_status":"closed","template":"","meta":{"_uag_custom_page_level_css":"","neve_meta_sidebar":"","neve_meta_container":"","neve_meta_enable_content_width":"off","neve_meta_content_width":100,"neve_meta_title_alignment":"","neve_meta_author_avatar":"","neve_post_elements_order":"","neve_meta_disable_header":"","neve_meta_disable_footer":"","neve_meta_disable_title":""},"product_brand":[],"product_cat":[942],"product_tag":[],"class_list":{"0":"post-17886","1":"product","2":"type-product","3":"status-publish","4":"has-post-thumbnail","6":"product_cat-kompletni-potapecske-zakety","8":"first","9":"instock","10":"taxable","11":"shipping-taxable","12":"purchasable","13":"product-type-variable"},"yoast_head":"<!-- This site is optimized with the Yoast SEO plugin v27.2 - https:\/\/yoast.com\/product\/yoast-seo-wordpress\/ -->\n<title>SPELEO 1500 TEC WINGS - Soprassub<\/title>\n<meta name=\"robots\" content=\"index, follow, max-snippet:-1, max-image-preview:large, max-video-preview:-1\" \/>\n<link rel=\"canonical\" href=\"https:\/\/soprassub.com\/cs\/shop\/speleo-1500-tec-wings\/\" \/>\n<meta property=\"og:locale\" content=\"cs_CZ\" \/>\n<meta property=\"og:type\" content=\"article\" \/>\n<meta property=\"og:title\" content=\"SPELEO 1500 TEC WINGS - Soprassub\" \/>\n<meta property=\"og:description\" content=\"High volume single bladder made of Cordura 1000. Padded hard back pack. Cummerbund adjustable in 3 positions \u2022 8 stainless steel AISI 316 rings for equipment fitting \u2022 Inflator with integrated valve \u2022 Overpressure \/ dump valves placed on shoulder and lower rear \u2022 Small zip-pocket in cummerband. Two weight dump pockets of maximum 5kg&hellip;&nbsp;\u010c\u00edst d\u00e1le &raquo;SPELEO 1500 TEC WINGS\" \/>\n<meta property=\"og:url\" content=\"https:\/\/soprassub.com\/cs\/shop\/speleo-1500-tec-wings\/\" \/>\n<meta property=\"og:site_name\" content=\"Soprassub\" \/>\n<meta name=\"twitter:card\" content=\"summary_large_image\" \/>\n<script type=\"application\/ld+json\" class=\"yoast-schema-graph\">{\"@context\":\"https:\/\/schema.org\",\"@graph\":[{\"@type\":\"WebPage\",\"@id\":\"https:\/\/soprassub.com\/cs\/shop\/speleo-1500-tec-wings\/\",\"url\":\"https:\/\/soprassub.com\/cs\/shop\/speleo-1500-tec-wings\/\",\"name\":\"SPELEO 1500 TEC WINGS - Soprassub\",\"isPartOf\":{\"@id\":\"https:\/\/soprassub.com\/#website\"},\"primaryImageOfPage\":{\"@id\":\"https:\/\/soprassub.com\/cs\/shop\/speleo-1500-tec-wings\/#primaryimage\"},\"image\":{\"@id\":\"https:\/\/soprassub.com\/cs\/shop\/speleo-1500-tec-wings\/#primaryimage\"},\"thumbnailUrl\":\"https:\/\/soprassub.com\/wp-content\/uploads\/2018\/03\/speleo-hlavni.jpg\",\"datePublished\":\"2018-03-08T10:40:21+00:00\",\"breadcrumb\":{\"@id\":\"https:\/\/soprassub.com\/cs\/shop\/speleo-1500-tec-wings\/#breadcrumb\"},\"inLanguage\":\"cs\",\"potentialAction\":[{\"@type\":\"ReadAction\",\"target\":[\"https:\/\/soprassub.com\/cs\/shop\/speleo-1500-tec-wings\/\"]}]},{\"@type\":\"ImageObject\",\"inLanguage\":\"cs\",\"@id\":\"https:\/\/soprassub.com\/cs\/shop\/speleo-1500-tec-wings\/#primaryimage\",\"url\":\"https:\/\/soprassub.com\/wp-content\/uploads\/2018\/03\/speleo-hlavni.jpg\",\"contentUrl\":\"https:\/\/soprassub.com\/wp-content\/uploads\/2018\/03\/speleo-hlavni.jpg\",\"width\":1500,\"height\":1500},{\"@type\":\"BreadcrumbList\",\"@id\":\"https:\/\/soprassub.com\/cs\/shop\/speleo-1500-tec-wings\/#breadcrumb\",\"itemListElement\":[{\"@type\":\"ListItem\",\"position\":1,\"name\":\"Home\",\"item\":\"https:\/\/soprassub.com\/cs\/\"},{\"@type\":\"ListItem\",\"position\":2,\"name\":\"Shop\",\"item\":\"https:\/\/soprassub.com\/shop\/\"},{\"@type\":\"ListItem\",\"position\":3,\"name\":\"SPELEO 1500 TEC WINGS\"}]},{\"@type\":\"WebSite\",\"@id\":\"https:\/\/soprassub.com\/#website\",\"url\":\"https:\/\/soprassub.com\/\",\"name\":\"Soprassub\",\"description\":\"Recreational diving\",\"potentialAction\":[{\"@type\":\"SearchAction\",\"target\":{\"@type\":\"EntryPoint\",\"urlTemplate\":\"https:\/\/soprassub.com\/?s={search_term_string}\"},\"query-input\":{\"@type\":\"PropertyValueSpecification\",\"valueRequired\":true,\"valueName\":\"search_term_string\"}}],\"inLanguage\":\"cs\"}]}<\/script>\n<!-- \/ Yoast SEO plugin. -->","yoast_head_json":{"title":"SPELEO 1500 TEC WINGS - Soprassub","robots":{"index":"index","follow":"follow","max-snippet":"max-snippet:-1","max-image-preview":"max-image-preview:large","max-video-preview":"max-video-preview:-1"},"canonical":"https:\/\/soprassub.com\/cs\/shop\/speleo-1500-tec-wings\/","og_locale":"cs_CZ","og_type":"article","og_title":"SPELEO 1500 TEC WINGS - Soprassub","og_description":"High volume single bladder made of Cordura 1000. Padded hard back pack. Cummerbund adjustable in 3 positions \u2022 8 stainless steel AISI 316 rings for equipment fitting \u2022 Inflator with integrated valve \u2022 Overpressure \/ dump valves placed on shoulder and lower rear \u2022 Small zip-pocket in cummerband. Two weight dump pockets of maximum 5kg&hellip;&nbsp;\u010c\u00edst d\u00e1le &raquo;SPELEO 1500 TEC WINGS","og_url":"https:\/\/soprassub.com\/cs\/shop\/speleo-1500-tec-wings\/","og_site_name":"Soprassub","twitter_card":"summary_large_image","schema":{"@context":"https:\/\/schema.org","@graph":[{"@type":"WebPage","@id":"https:\/\/soprassub.com\/cs\/shop\/speleo-1500-tec-wings\/","url":"https:\/\/soprassub.com\/cs\/shop\/speleo-1500-tec-wings\/","name":"SPELEO 1500 TEC WINGS - Soprassub","isPartOf":{"@id":"https:\/\/soprassub.com\/#website"},"primaryImageOfPage":{"@id":"https:\/\/soprassub.com\/cs\/shop\/speleo-1500-tec-wings\/#primaryimage"},"image":{"@id":"https:\/\/soprassub.com\/cs\/shop\/speleo-1500-tec-wings\/#primaryimage"},"thumbnailUrl":"https:\/\/soprassub.com\/wp-content\/uploads\/2018\/03\/speleo-hlavni.jpg","datePublished":"2018-03-08T10:40:21+00:00","breadcrumb":{"@id":"https:\/\/soprassub.com\/cs\/shop\/speleo-1500-tec-wings\/#breadcrumb"},"inLanguage":"cs","potentialAction":[{"@type":"ReadAction","target":["https:\/\/soprassub.com\/cs\/shop\/speleo-1500-tec-wings\/"]}]},{"@type":"ImageObject","inLanguage":"cs","@id":"https:\/\/soprassub.com\/cs\/shop\/speleo-1500-tec-wings\/#primaryimage","url":"https:\/\/soprassub.com\/wp-content\/uploads\/2018\/03\/speleo-hlavni.jpg","contentUrl":"https:\/\/soprassub.com\/wp-content\/uploads\/2018\/03\/speleo-hlavni.jpg","width":1500,"height":1500},{"@type":"BreadcrumbList","@id":"https:\/\/soprassub.com\/cs\/shop\/speleo-1500-tec-wings\/#breadcrumb","itemListElement":[{"@type":"ListItem","position":1,"name":"Home","item":"https:\/\/soprassub.com\/cs\/"},{"@type":"ListItem","position":2,"name":"Shop","item":"https:\/\/soprassub.com\/shop\/"},{"@type":"ListItem","position":3,"name":"SPELEO 1500 TEC WINGS"}]},{"@type":"WebSite","@id":"https:\/\/soprassub.com\/#website","url":"https:\/\/soprassub.com\/","name":"Soprassub","description":"Recreational diving","potentialAction":[{"@type":"SearchAction","target":{"@type":"EntryPoint","urlTemplate":"https:\/\/soprassub.com\/?s={search_term_string}"},"query-input":{"@type":"PropertyValueSpecification","valueRequired":true,"valueName":"search_term_string"}}],"inLanguage":"cs"}]}},"uagb_featured_image_src":{"full":["https:\/\/soprassub.com\/wp-content\/uploads\/2018\/03\/speleo-hlavni.jpg",1500,1500,false],"thumbnail":["https:\/\/soprassub.com\/wp-content\/uploads\/2018\/03\/speleo-hlavni-150x150.jpg",150,150,true],"medium":["https:\/\/soprassub.com\/wp-content\/uploads\/2018\/03\/speleo-hlavni-300x300.jpg",300,300,true],"medium_large":["https:\/\/soprassub.com\/wp-content\/uploads\/2018\/03\/speleo-hlavni-768x768.jpg",768,768,true],"large":["https:\/\/soprassub.com\/wp-content\/uploads\/2018\/03\/speleo-hlavni-1024x1024.jpg",1024,1024,true],"1536x1536":["https:\/\/soprassub.com\/wp-content\/uploads\/2018\/03\/speleo-hlavni.jpg",1500,1500,false],"2048x2048":["https:\/\/soprassub.com\/wp-content\/uploads\/2018\/03\/speleo-hlavni.jpg",1500,1500,false],"neve-blog":["https:\/\/soprassub.com\/wp-content\/uploads\/2018\/03\/speleo-hlavni-930x620.jpg",930,620,true],"mailpoet_newsletter_max":["https:\/\/soprassub.com\/wp-content\/uploads\/2018\/03\/speleo-hlavni.jpg",1320,1320,false],"woocommerce_thumbnail":["https:\/\/soprassub.com\/wp-content\/uploads\/2018\/03\/speleo-hlavni-300x300.jpg",300,300,true],"woocommerce_single":["https:\/\/soprassub.com\/wp-content\/uploads\/2018\/03\/speleo-hlavni-600x600.jpg",600,600,true],"woocommerce_gallery_thumbnail":["https:\/\/soprassub.com\/wp-content\/uploads\/2018\/03\/speleo-hlavni-100x100.jpg",100,100,true]},"uagb_author_info":{"display_name":"sobkova","author_link":"https:\/\/soprassub.com\/cs\/author\/"},"uagb_comment_info":0,"uagb_excerpt":"High volume single bladder made of Cordura 1000. Padded hard back pack. Cummerbund adjustable in 3 positions \u2022 8 stainless steel AISI 316 rings for equipment fitting \u2022 Inflator with integrated valve \u2022 Overpressure \/ dump valves placed on shoulder and lower rear \u2022 Small zip-pocket in cummerband. Two weight dump pockets of maximum 5kg&hellip;&nbsp;\u010c\u00edst&hellip;","_links":{"self":[{"href":"https:\/\/soprassub.com\/cs\/wp-json\/wp\/v2\/product\/17886","targetHints":{"allow":["GET"]}}],"collection":[{"href":"https:\/\/soprassub.com\/cs\/wp-json\/wp\/v2\/product"}],"about":[{"href":"https:\/\/soprassub.com\/cs\/wp-json\/wp\/v2\/types\/product"}],"replies":[{"embeddable":true,"href":"https:\/\/soprassub.com\/cs\/wp-json\/wp\/v2\/comments?post=17886"}],"wp:featuredmedia":[{"embeddable":true,"href":"https:\/\/soprassub.com\/cs\/wp-json\/wp\/v2\/media\/13772"}],"wp:attachment":[{"href":"https:\/\/soprassub.com\/cs\/wp-json\/wp\/v2\/media?parent=17886"}],"wp:term":[{"taxonomy":"product_brand","embeddable":true,"href":"https:\/\/soprassub.com\/cs\/wp-json\/wp\/v2\/product_brand?post=17886"},{"taxonomy":"product_cat","embeddable":true,"href":"https:\/\/soprassub.com\/cs\/wp-json\/wp\/v2\/product_cat?post=17886"},{"taxonomy":"product_tag","embeddable":true,"href":"https:\/\/soprassub.com\/cs\/wp-json\/wp\/v2\/product_tag?post=17886"}],"curies":[{"name":"wp","href":"https:\/\/api.w.org\/{rel}","templated":true}]}}