{"id":17911,"date":"2018-03-08T11:23:56","date_gmt":"2018-03-08T10:23:56","guid":{"rendered":"https:\/\/soprassub.com\/shop\/px-500\/"},"modified":"2018-03-08T11:23:56","modified_gmt":"2018-03-08T10:23:56","slug":"px-500","status":"publish","type":"product","link":"https:\/\/soprassub.com\/cs\/shop\/px-500\/","title":{"rendered":"PX 500"},"content":{"rendered":"<p>Basic jacket style BCD with bladders from 15 up to 20litres of volume in Nylon 420 fabric.<br \/>\nTwo large pockets on the sides, adjustable cummerband, handy slot for positioning an octopus regulator.<br \/>\nSizes: S \/ 11,5 kg \/ 25 lb, M \/ 14,5 kg \/ 32 lb, L , XL \/ 19,9 kg \/ 44 lb<br \/>\nCE certified<\/p>\n","protected":false},"excerpt":{"rendered":"<p>Basic jacket style BCD with bladders from 15 up to 20litres of volume in Nylon 420 fabric. Two large pockets on the sides, adjustable cummerband, handy slot for positioning an octopus regulator. Sizes: S \/ 11,5 kg \/ 25 lb, M \/ 14,5 kg \/ 32 lb, L , XL \/ 19,9 kg \/ 44&hellip;&nbsp;<a href=\"https:\/\/soprassub.com\/cs\/shop\/px-500\/\" rel=\"bookmark\">\u010c\u00edst d\u00e1le &raquo;<span class=\"screen-reader-text\">PX 500<\/span><\/a><\/p>\n","protected":false},"featured_media":11534,"comment_status":"open","ping_status":"closed","template":"","meta":{"_uag_custom_page_level_css":"","neve_meta_sidebar":"","neve_meta_container":"","neve_meta_enable_content_width":"","neve_meta_content_width":0,"neve_meta_title_alignment":"","neve_meta_author_avatar":"","neve_post_elements_order":"","neve_meta_disable_header":"","neve_meta_disable_footer":"","neve_meta_disable_title":""},"product_brand":[],"product_cat":[942],"product_tag":[],"class_list":{"0":"post-17911","1":"product","2":"type-product","3":"status-publish","4":"has-post-thumbnail","6":"product_cat-kompletni-potapecske-zakety","8":"first","9":"instock","10":"taxable","11":"shipping-taxable","12":"purchasable","13":"product-type-variable"},"yoast_head":"<!-- This site is optimized with the Yoast SEO plugin v27.2 - https:\/\/yoast.com\/product\/yoast-seo-wordpress\/ -->\n<title>PX 500 - Soprassub<\/title>\n<meta name=\"robots\" content=\"index, follow, max-snippet:-1, max-image-preview:large, max-video-preview:-1\" \/>\n<link rel=\"canonical\" href=\"https:\/\/soprassub.com\/cs\/shop\/px-500\/\" \/>\n<meta property=\"og:locale\" content=\"cs_CZ\" \/>\n<meta property=\"og:type\" content=\"article\" \/>\n<meta property=\"og:title\" content=\"PX 500 - Soprassub\" \/>\n<meta property=\"og:description\" content=\"Basic jacket style BCD with bladders from 15 up to 20litres of volume in Nylon 420 fabric. Two large pockets on the sides, adjustable cummerband, handy slot for positioning an octopus regulator. Sizes: S \/ 11,5 kg \/ 25 lb, M \/ 14,5 kg \/ 32 lb, L , XL \/ 19,9 kg \/ 44&hellip;&nbsp;\u010c\u00edst d\u00e1le &raquo;PX 500\" \/>\n<meta property=\"og:url\" content=\"https:\/\/soprassub.com\/cs\/shop\/px-500\/\" \/>\n<meta property=\"og:site_name\" content=\"Soprassub\" \/>\n<meta name=\"twitter:card\" content=\"summary_large_image\" \/>\n<script type=\"application\/ld+json\" class=\"yoast-schema-graph\">{\"@context\":\"https:\/\/schema.org\",\"@graph\":[{\"@type\":\"WebPage\",\"@id\":\"https:\/\/soprassub.com\/cs\/shop\/px-500\/\",\"url\":\"https:\/\/soprassub.com\/cs\/shop\/px-500\/\",\"name\":\"PX 500 - Soprassub\",\"isPartOf\":{\"@id\":\"https:\/\/soprassub.com\/#website\"},\"primaryImageOfPage\":{\"@id\":\"https:\/\/soprassub.com\/cs\/shop\/px-500\/#primaryimage\"},\"image\":{\"@id\":\"https:\/\/soprassub.com\/cs\/shop\/px-500\/#primaryimage\"},\"thumbnailUrl\":\"https:\/\/soprassub.com\/wp-content\/uploads\/2018\/03\/20240-PX-500.jpg\",\"datePublished\":\"2018-03-08T10:23:56+00:00\",\"breadcrumb\":{\"@id\":\"https:\/\/soprassub.com\/cs\/shop\/px-500\/#breadcrumb\"},\"inLanguage\":\"cs\",\"potentialAction\":[{\"@type\":\"ReadAction\",\"target\":[\"https:\/\/soprassub.com\/cs\/shop\/px-500\/\"]}]},{\"@type\":\"ImageObject\",\"inLanguage\":\"cs\",\"@id\":\"https:\/\/soprassub.com\/cs\/shop\/px-500\/#primaryimage\",\"url\":\"https:\/\/soprassub.com\/wp-content\/uploads\/2018\/03\/20240-PX-500.jpg\",\"contentUrl\":\"https:\/\/soprassub.com\/wp-content\/uploads\/2018\/03\/20240-PX-500.jpg\",\"width\":1500,\"height\":1500},{\"@type\":\"BreadcrumbList\",\"@id\":\"https:\/\/soprassub.com\/cs\/shop\/px-500\/#breadcrumb\",\"itemListElement\":[{\"@type\":\"ListItem\",\"position\":1,\"name\":\"Home\",\"item\":\"https:\/\/soprassub.com\/cs\/\"},{\"@type\":\"ListItem\",\"position\":2,\"name\":\"Shop\",\"item\":\"https:\/\/soprassub.com\/shop\/\"},{\"@type\":\"ListItem\",\"position\":3,\"name\":\"PX 500\"}]},{\"@type\":\"WebSite\",\"@id\":\"https:\/\/soprassub.com\/#website\",\"url\":\"https:\/\/soprassub.com\/\",\"name\":\"Soprassub\",\"description\":\"Recreational diving\",\"potentialAction\":[{\"@type\":\"SearchAction\",\"target\":{\"@type\":\"EntryPoint\",\"urlTemplate\":\"https:\/\/soprassub.com\/?s={search_term_string}\"},\"query-input\":{\"@type\":\"PropertyValueSpecification\",\"valueRequired\":true,\"valueName\":\"search_term_string\"}}],\"inLanguage\":\"cs\"}]}<\/script>\n<!-- \/ Yoast SEO plugin. -->","yoast_head_json":{"title":"PX 500 - Soprassub","robots":{"index":"index","follow":"follow","max-snippet":"max-snippet:-1","max-image-preview":"max-image-preview:large","max-video-preview":"max-video-preview:-1"},"canonical":"https:\/\/soprassub.com\/cs\/shop\/px-500\/","og_locale":"cs_CZ","og_type":"article","og_title":"PX 500 - Soprassub","og_description":"Basic jacket style BCD with bladders from 15 up to 20litres of volume in Nylon 420 fabric. Two large pockets on the sides, adjustable cummerband, handy slot for positioning an octopus regulator. Sizes: S \/ 11,5 kg \/ 25 lb, M \/ 14,5 kg \/ 32 lb, L , XL \/ 19,9 kg \/ 44&hellip;&nbsp;\u010c\u00edst d\u00e1le &raquo;PX 500","og_url":"https:\/\/soprassub.com\/cs\/shop\/px-500\/","og_site_name":"Soprassub","twitter_card":"summary_large_image","schema":{"@context":"https:\/\/schema.org","@graph":[{"@type":"WebPage","@id":"https:\/\/soprassub.com\/cs\/shop\/px-500\/","url":"https:\/\/soprassub.com\/cs\/shop\/px-500\/","name":"PX 500 - Soprassub","isPartOf":{"@id":"https:\/\/soprassub.com\/#website"},"primaryImageOfPage":{"@id":"https:\/\/soprassub.com\/cs\/shop\/px-500\/#primaryimage"},"image":{"@id":"https:\/\/soprassub.com\/cs\/shop\/px-500\/#primaryimage"},"thumbnailUrl":"https:\/\/soprassub.com\/wp-content\/uploads\/2018\/03\/20240-PX-500.jpg","datePublished":"2018-03-08T10:23:56+00:00","breadcrumb":{"@id":"https:\/\/soprassub.com\/cs\/shop\/px-500\/#breadcrumb"},"inLanguage":"cs","potentialAction":[{"@type":"ReadAction","target":["https:\/\/soprassub.com\/cs\/shop\/px-500\/"]}]},{"@type":"ImageObject","inLanguage":"cs","@id":"https:\/\/soprassub.com\/cs\/shop\/px-500\/#primaryimage","url":"https:\/\/soprassub.com\/wp-content\/uploads\/2018\/03\/20240-PX-500.jpg","contentUrl":"https:\/\/soprassub.com\/wp-content\/uploads\/2018\/03\/20240-PX-500.jpg","width":1500,"height":1500},{"@type":"BreadcrumbList","@id":"https:\/\/soprassub.com\/cs\/shop\/px-500\/#breadcrumb","itemListElement":[{"@type":"ListItem","position":1,"name":"Home","item":"https:\/\/soprassub.com\/cs\/"},{"@type":"ListItem","position":2,"name":"Shop","item":"https:\/\/soprassub.com\/shop\/"},{"@type":"ListItem","position":3,"name":"PX 500"}]},{"@type":"WebSite","@id":"https:\/\/soprassub.com\/#website","url":"https:\/\/soprassub.com\/","name":"Soprassub","description":"Recreational diving","potentialAction":[{"@type":"SearchAction","target":{"@type":"EntryPoint","urlTemplate":"https:\/\/soprassub.com\/?s={search_term_string}"},"query-input":{"@type":"PropertyValueSpecification","valueRequired":true,"valueName":"search_term_string"}}],"inLanguage":"cs"}]}},"uagb_featured_image_src":{"full":["https:\/\/soprassub.com\/wp-content\/uploads\/2018\/03\/20240-PX-500.jpg",1500,1500,false],"thumbnail":["https:\/\/soprassub.com\/wp-content\/uploads\/2018\/03\/20240-PX-500.jpg",150,150,false],"medium":["https:\/\/soprassub.com\/wp-content\/uploads\/2018\/03\/20240-PX-500.jpg",300,300,false],"medium_large":["https:\/\/soprassub.com\/wp-content\/uploads\/2018\/03\/20240-PX-500.jpg",768,768,false],"large":["https:\/\/soprassub.com\/wp-content\/uploads\/2018\/03\/20240-PX-500.jpg",1024,1024,false],"1536x1536":["https:\/\/soprassub.com\/wp-content\/uploads\/2018\/03\/20240-PX-500.jpg",1500,1500,false],"2048x2048":["https:\/\/soprassub.com\/wp-content\/uploads\/2018\/03\/20240-PX-500.jpg",1500,1500,false],"neve-blog":["https:\/\/soprassub.com\/wp-content\/uploads\/2018\/03\/20240-PX-500.jpg",620,620,false],"mailpoet_newsletter_max":["https:\/\/soprassub.com\/wp-content\/uploads\/2018\/03\/20240-PX-500.jpg",1320,1320,false],"woocommerce_thumbnail":["https:\/\/soprassub.com\/wp-content\/uploads\/2018\/03\/20240-PX-500-300x300.jpg",300,300,true],"woocommerce_single":["https:\/\/soprassub.com\/wp-content\/uploads\/2018\/03\/20240-PX-500-600x600.jpg",600,600,true],"woocommerce_gallery_thumbnail":["https:\/\/soprassub.com\/wp-content\/uploads\/2018\/03\/20240-PX-500-100x100.jpg",100,100,true]},"uagb_author_info":{"display_name":"sobkova","author_link":"https:\/\/soprassub.com\/cs\/author\/"},"uagb_comment_info":0,"uagb_excerpt":"Basic jacket style BCD with bladders from 15 up to 20litres of volume in Nylon 420 fabric. Two large pockets on the sides, adjustable cummerband, handy slot for positioning an octopus regulator. Sizes: S \/ 11,5 kg \/ 25 lb, M \/ 14,5 kg \/ 32 lb, L , XL \/ 19,9 kg \/ 44&hellip;&nbsp;\u010c\u00edst&hellip;","_links":{"self":[{"href":"https:\/\/soprassub.com\/cs\/wp-json\/wp\/v2\/product\/17911","targetHints":{"allow":["GET"]}}],"collection":[{"href":"https:\/\/soprassub.com\/cs\/wp-json\/wp\/v2\/product"}],"about":[{"href":"https:\/\/soprassub.com\/cs\/wp-json\/wp\/v2\/types\/product"}],"replies":[{"embeddable":true,"href":"https:\/\/soprassub.com\/cs\/wp-json\/wp\/v2\/comments?post=17911"}],"wp:featuredmedia":[{"embeddable":true,"href":"https:\/\/soprassub.com\/cs\/wp-json\/wp\/v2\/media\/11534"}],"wp:attachment":[{"href":"https:\/\/soprassub.com\/cs\/wp-json\/wp\/v2\/media?parent=17911"}],"wp:term":[{"taxonomy":"product_brand","embeddable":true,"href":"https:\/\/soprassub.com\/cs\/wp-json\/wp\/v2\/product_brand?post=17911"},{"taxonomy":"product_cat","embeddable":true,"href":"https:\/\/soprassub.com\/cs\/wp-json\/wp\/v2\/product_cat?post=17911"},{"taxonomy":"product_tag","embeddable":true,"href":"https:\/\/soprassub.com\/cs\/wp-json\/wp\/v2\/product_tag?post=17911"}],"curies":[{"name":"wp","href":"https:\/\/api.w.org\/{rel}","templated":true}]}}