{"id":18006,"date":"2018-03-06T10:49:09","date_gmt":"2018-03-06T09:49:09","guid":{"rendered":"https:\/\/soprassub.com\/shop\/whale-skinsuit-5mm\/"},"modified":"2018-03-06T10:49:09","modified_gmt":"2018-03-06T09:49:09","slug":"whale-skinsuit-5mm","status":"publish","type":"product","link":"https:\/\/soprassub.com\/cs\/shop\/whale-skinsuit-5mm\/","title":{"rendered":"WHALE skinsuit 5mm"},"content":{"rendered":"<p>Our new Whale skinsuits have been especially designed for all water sports, in and outside of the water.<br \/>\nWhale CQQ (55% POLYESTER, 36% NYLON, 8% SPANDEX, 1% PU) is a completely new fabric developed with the aim to minimize thermal loss, thanks to a high quality super warm fleece for the inside layer, and keep you dry thanks to a water repellent outside lining. Thanks to these properties Whale fabric is just ideal for scuba diving, freediving, surfing, windsurfing, sailing, kayaking\u2026and everywhere it\u2019s wet or windy.<br \/>\nIn scuba diving our Whale skinsuits can be used both as a garment under your dry or even neoprene suit as well as a standalone protective suit equivalent to a 5 mm neoprene suit with the advantage of being neutrally buoyant and extremely fast in drying thanks to the water repellent outer layer. Furthermore,<br \/>\nthanks to its flexibility and elasticity our skinsuits will not at all constrain your movements and therefore will make your dive much more comfortable.<br \/>\nMateri\u00e1l: thermoplush\/nylon+supratex<br \/>\nOne piece suit<br \/>\nSizes: 3 &#8211; 8<\/p>\n","protected":false},"excerpt":{"rendered":"<p>Our new Whale skinsuits have been especially designed for all water sports, in and outside of the water. Whale CQQ (55% POLYESTER, 36% NYLON, 8% SPANDEX, 1% PU) is a completely new fabric developed with the aim to minimize thermal loss, thanks to a high quality super warm fleece for the inside layer, and keep&hellip;&nbsp;<a href=\"https:\/\/soprassub.com\/cs\/shop\/whale-skinsuit-5mm\/\" rel=\"bookmark\">\u010c\u00edst d\u00e1le &raquo;<span class=\"screen-reader-text\">WHALE skinsuit 5mm<\/span><\/a><\/p>\n","protected":false},"featured_media":10771,"comment_status":"open","ping_status":"closed","template":"","meta":{"_uag_custom_page_level_css":"","neve_meta_sidebar":"","neve_meta_container":"","neve_meta_enable_content_width":"","neve_meta_content_width":0,"neve_meta_title_alignment":"","neve_meta_author_avatar":"","neve_post_elements_order":"","neve_meta_disable_header":"","neve_meta_disable_footer":"","neve_meta_disable_title":""},"product_brand":[],"product_cat":[902],"product_tag":[],"class_list":{"0":"post-18006","1":"product","2":"type-product","3":"status-publish","4":"has-post-thumbnail","6":"product_cat-neoprenove-obleky-5-7mm","8":"first","9":"instock","10":"taxable","11":"shipping-taxable","12":"purchasable","13":"product-type-variable"},"yoast_head":"<!-- This site is optimized with the Yoast SEO plugin v27.2 - https:\/\/yoast.com\/product\/yoast-seo-wordpress\/ -->\n<title>WHALE skinsuit 5mm - Soprassub<\/title>\n<meta name=\"robots\" content=\"index, follow, max-snippet:-1, max-image-preview:large, max-video-preview:-1\" \/>\n<link rel=\"canonical\" href=\"https:\/\/soprassub.com\/cs\/shop\/whale-skinsuit-5mm\/\" \/>\n<meta property=\"og:locale\" content=\"cs_CZ\" \/>\n<meta property=\"og:type\" content=\"article\" \/>\n<meta property=\"og:title\" content=\"WHALE skinsuit 5mm - Soprassub\" \/>\n<meta property=\"og:description\" content=\"Our new Whale skinsuits have been especially designed for all water sports, in and outside of the water. Whale CQQ (55% POLYESTER, 36% NYLON, 8% SPANDEX, 1% PU) is a completely new fabric developed with the aim to minimize thermal loss, thanks to a high quality super warm fleece for the inside layer, and keep&hellip;&nbsp;\u010c\u00edst d\u00e1le &raquo;WHALE skinsuit 5mm\" \/>\n<meta property=\"og:url\" content=\"https:\/\/soprassub.com\/cs\/shop\/whale-skinsuit-5mm\/\" \/>\n<meta property=\"og:site_name\" content=\"Soprassub\" \/>\n<meta name=\"twitter:card\" content=\"summary_large_image\" \/>\n<meta name=\"twitter:label1\" content=\"Odhadovan\u00e1 doba \u010dten\u00ed\" \/>\n\t<meta name=\"twitter:data1\" content=\"1 minuta\" \/>\n<script type=\"application\/ld+json\" class=\"yoast-schema-graph\">{\"@context\":\"https:\/\/schema.org\",\"@graph\":[{\"@type\":\"WebPage\",\"@id\":\"https:\/\/soprassub.com\/cs\/shop\/whale-skinsuit-5mm\/\",\"url\":\"https:\/\/soprassub.com\/cs\/shop\/whale-skinsuit-5mm\/\",\"name\":\"WHALE skinsuit 5mm - Soprassub\",\"isPartOf\":{\"@id\":\"https:\/\/soprassub.com\/#website\"},\"primaryImageOfPage\":{\"@id\":\"https:\/\/soprassub.com\/cs\/shop\/whale-skinsuit-5mm\/#primaryimage\"},\"image\":{\"@id\":\"https:\/\/soprassub.com\/cs\/shop\/whale-skinsuit-5mm\/#primaryimage\"},\"thumbnailUrl\":\"https:\/\/soprassub.com\/wp-content\/uploads\/2018\/03\/Whale-skinsuit.jpg\",\"datePublished\":\"2018-03-06T09:49:09+00:00\",\"breadcrumb\":{\"@id\":\"https:\/\/soprassub.com\/cs\/shop\/whale-skinsuit-5mm\/#breadcrumb\"},\"inLanguage\":\"cs\",\"potentialAction\":[{\"@type\":\"ReadAction\",\"target\":[\"https:\/\/soprassub.com\/cs\/shop\/whale-skinsuit-5mm\/\"]}]},{\"@type\":\"ImageObject\",\"inLanguage\":\"cs\",\"@id\":\"https:\/\/soprassub.com\/cs\/shop\/whale-skinsuit-5mm\/#primaryimage\",\"url\":\"https:\/\/soprassub.com\/wp-content\/uploads\/2018\/03\/Whale-skinsuit.jpg\",\"contentUrl\":\"https:\/\/soprassub.com\/wp-content\/uploads\/2018\/03\/Whale-skinsuit.jpg\",\"width\":1500,\"height\":1500},{\"@type\":\"BreadcrumbList\",\"@id\":\"https:\/\/soprassub.com\/cs\/shop\/whale-skinsuit-5mm\/#breadcrumb\",\"itemListElement\":[{\"@type\":\"ListItem\",\"position\":1,\"name\":\"Home\",\"item\":\"https:\/\/soprassub.com\/cs\/\"},{\"@type\":\"ListItem\",\"position\":2,\"name\":\"Shop\",\"item\":\"https:\/\/soprassub.com\/shop\/\"},{\"@type\":\"ListItem\",\"position\":3,\"name\":\"WHALE skinsuit 5mm\"}]},{\"@type\":\"WebSite\",\"@id\":\"https:\/\/soprassub.com\/#website\",\"url\":\"https:\/\/soprassub.com\/\",\"name\":\"Soprassub\",\"description\":\"Recreational diving\",\"potentialAction\":[{\"@type\":\"SearchAction\",\"target\":{\"@type\":\"EntryPoint\",\"urlTemplate\":\"https:\/\/soprassub.com\/?s={search_term_string}\"},\"query-input\":{\"@type\":\"PropertyValueSpecification\",\"valueRequired\":true,\"valueName\":\"search_term_string\"}}],\"inLanguage\":\"cs\"}]}<\/script>\n<!-- \/ Yoast SEO plugin. -->","yoast_head_json":{"title":"WHALE skinsuit 5mm - Soprassub","robots":{"index":"index","follow":"follow","max-snippet":"max-snippet:-1","max-image-preview":"max-image-preview:large","max-video-preview":"max-video-preview:-1"},"canonical":"https:\/\/soprassub.com\/cs\/shop\/whale-skinsuit-5mm\/","og_locale":"cs_CZ","og_type":"article","og_title":"WHALE skinsuit 5mm - Soprassub","og_description":"Our new Whale skinsuits have been especially designed for all water sports, in and outside of the water. Whale CQQ (55% POLYESTER, 36% NYLON, 8% SPANDEX, 1% PU) is a completely new fabric developed with the aim to minimize thermal loss, thanks to a high quality super warm fleece for the inside layer, and keep&hellip;&nbsp;\u010c\u00edst d\u00e1le &raquo;WHALE skinsuit 5mm","og_url":"https:\/\/soprassub.com\/cs\/shop\/whale-skinsuit-5mm\/","og_site_name":"Soprassub","twitter_card":"summary_large_image","twitter_misc":{"Odhadovan\u00e1 doba \u010dten\u00ed":"1 minuta"},"schema":{"@context":"https:\/\/schema.org","@graph":[{"@type":"WebPage","@id":"https:\/\/soprassub.com\/cs\/shop\/whale-skinsuit-5mm\/","url":"https:\/\/soprassub.com\/cs\/shop\/whale-skinsuit-5mm\/","name":"WHALE skinsuit 5mm - Soprassub","isPartOf":{"@id":"https:\/\/soprassub.com\/#website"},"primaryImageOfPage":{"@id":"https:\/\/soprassub.com\/cs\/shop\/whale-skinsuit-5mm\/#primaryimage"},"image":{"@id":"https:\/\/soprassub.com\/cs\/shop\/whale-skinsuit-5mm\/#primaryimage"},"thumbnailUrl":"https:\/\/soprassub.com\/wp-content\/uploads\/2018\/03\/Whale-skinsuit.jpg","datePublished":"2018-03-06T09:49:09+00:00","breadcrumb":{"@id":"https:\/\/soprassub.com\/cs\/shop\/whale-skinsuit-5mm\/#breadcrumb"},"inLanguage":"cs","potentialAction":[{"@type":"ReadAction","target":["https:\/\/soprassub.com\/cs\/shop\/whale-skinsuit-5mm\/"]}]},{"@type":"ImageObject","inLanguage":"cs","@id":"https:\/\/soprassub.com\/cs\/shop\/whale-skinsuit-5mm\/#primaryimage","url":"https:\/\/soprassub.com\/wp-content\/uploads\/2018\/03\/Whale-skinsuit.jpg","contentUrl":"https:\/\/soprassub.com\/wp-content\/uploads\/2018\/03\/Whale-skinsuit.jpg","width":1500,"height":1500},{"@type":"BreadcrumbList","@id":"https:\/\/soprassub.com\/cs\/shop\/whale-skinsuit-5mm\/#breadcrumb","itemListElement":[{"@type":"ListItem","position":1,"name":"Home","item":"https:\/\/soprassub.com\/cs\/"},{"@type":"ListItem","position":2,"name":"Shop","item":"https:\/\/soprassub.com\/shop\/"},{"@type":"ListItem","position":3,"name":"WHALE skinsuit 5mm"}]},{"@type":"WebSite","@id":"https:\/\/soprassub.com\/#website","url":"https:\/\/soprassub.com\/","name":"Soprassub","description":"Recreational diving","potentialAction":[{"@type":"SearchAction","target":{"@type":"EntryPoint","urlTemplate":"https:\/\/soprassub.com\/?s={search_term_string}"},"query-input":{"@type":"PropertyValueSpecification","valueRequired":true,"valueName":"search_term_string"}}],"inLanguage":"cs"}]}},"uagb_featured_image_src":{"full":["https:\/\/soprassub.com\/wp-content\/uploads\/2018\/03\/Whale-skinsuit.jpg",1500,1500,false],"thumbnail":["https:\/\/soprassub.com\/wp-content\/uploads\/2018\/03\/Whale-skinsuit.jpg",150,150,false],"medium":["https:\/\/soprassub.com\/wp-content\/uploads\/2018\/03\/Whale-skinsuit.jpg",300,300,false],"medium_large":["https:\/\/soprassub.com\/wp-content\/uploads\/2018\/03\/Whale-skinsuit.jpg",768,768,false],"large":["https:\/\/soprassub.com\/wp-content\/uploads\/2018\/03\/Whale-skinsuit.jpg",1024,1024,false],"1536x1536":["https:\/\/soprassub.com\/wp-content\/uploads\/2018\/03\/Whale-skinsuit.jpg",1500,1500,false],"2048x2048":["https:\/\/soprassub.com\/wp-content\/uploads\/2018\/03\/Whale-skinsuit.jpg",1500,1500,false],"neve-blog":["https:\/\/soprassub.com\/wp-content\/uploads\/2018\/03\/Whale-skinsuit.jpg",620,620,false],"mailpoet_newsletter_max":["https:\/\/soprassub.com\/wp-content\/uploads\/2018\/03\/Whale-skinsuit.jpg",1320,1320,false],"woocommerce_thumbnail":["https:\/\/soprassub.com\/wp-content\/uploads\/2018\/03\/Whale-skinsuit-300x300.jpg",300,300,true],"woocommerce_single":["https:\/\/soprassub.com\/wp-content\/uploads\/2018\/03\/Whale-skinsuit-600x600.jpg",600,600,true],"woocommerce_gallery_thumbnail":["https:\/\/soprassub.com\/wp-content\/uploads\/2018\/03\/Whale-skinsuit-100x100.jpg",100,100,true]},"uagb_author_info":{"display_name":"sobkova","author_link":"https:\/\/soprassub.com\/cs\/author\/"},"uagb_comment_info":0,"uagb_excerpt":"Our new Whale skinsuits have been especially designed for all water sports, in and outside of the water. Whale CQQ (55% POLYESTER, 36% NYLON, 8% SPANDEX, 1% PU) is a completely new fabric developed with the aim to minimize thermal loss, thanks to a high quality super warm fleece for the inside layer, and keep&hellip;&nbsp;\u010c\u00edst&hellip;","_links":{"self":[{"href":"https:\/\/soprassub.com\/cs\/wp-json\/wp\/v2\/product\/18006","targetHints":{"allow":["GET"]}}],"collection":[{"href":"https:\/\/soprassub.com\/cs\/wp-json\/wp\/v2\/product"}],"about":[{"href":"https:\/\/soprassub.com\/cs\/wp-json\/wp\/v2\/types\/product"}],"replies":[{"embeddable":true,"href":"https:\/\/soprassub.com\/cs\/wp-json\/wp\/v2\/comments?post=18006"}],"wp:featuredmedia":[{"embeddable":true,"href":"https:\/\/soprassub.com\/cs\/wp-json\/wp\/v2\/media\/10771"}],"wp:attachment":[{"href":"https:\/\/soprassub.com\/cs\/wp-json\/wp\/v2\/media?parent=18006"}],"wp:term":[{"taxonomy":"product_brand","embeddable":true,"href":"https:\/\/soprassub.com\/cs\/wp-json\/wp\/v2\/product_brand?post=18006"},{"taxonomy":"product_cat","embeddable":true,"href":"https:\/\/soprassub.com\/cs\/wp-json\/wp\/v2\/product_cat?post=18006"},{"taxonomy":"product_tag","embeddable":true,"href":"https:\/\/soprassub.com\/cs\/wp-json\/wp\/v2\/product_tag?post=18006"}],"curies":[{"name":"wp","href":"https:\/\/api.w.org\/{rel}","templated":true}]}}