{"id":18070,"date":"2018-02-27T18:01:41","date_gmt":"2018-02-27T17:01:41","guid":{"rendered":"https:\/\/soprassub.com\/shop\/lifting-bag-pvc-30-3000kg\/"},"modified":"2018-02-27T18:01:41","modified_gmt":"2018-02-27T17:01:41","slug":"lifting-bag-pvc-30-3000kg","status":"publish","type":"product","link":"https:\/\/soprassub.com\/cs\/shop\/lifting-bag-pvc-30-3000kg\/","title":{"rendered":"Lifting bag PVC 30 &#8211; 3000kg"},"content":{"rendered":"<p>Lifting bag in variation of 30 kg \/ 66 lb; 50 kg \/ 110 lb; 100 kg \/ 220 lb with valve; 200 kg \/ 440 lb with valve; 500 kg \/ 1100 lb with valve; 500 kg \/ 1100 lb with double valve; 1000 kg \/ 2200 lb with valve; 1000 kg \/ 2200 lb with double valve; 1500 kg \/ 3300 lb Extra Strong with valve ; 1500 kg \/ 3300 lb Extra Strong with double valve; 2000 kg \/ 4400 lb Extra Strong with valve; 2000 kg \/ 4400 lb Extra Strong with double valve; 2500 kg \/ 5500 lb Extra Strong with double valve; 3000 kg \/ 6600 lb Extra Strong with double valve<br \/>\nMateri\u00e1l: strong PVC<br \/>\nColour: white<\/p>\n","protected":false},"excerpt":{"rendered":"<p>Lifting bag in variation of 30 kg \/ 66 lb; 50 kg \/ 110 lb; 100 kg \/ 220 lb with valve; 200 kg \/ 440 lb with valve; 500 kg \/ 1100 lb with valve; 500 kg \/ 1100 lb with double valve; 1000 kg \/ 2200 lb with valve; 1000 kg \/ 2200&hellip;&nbsp;<a href=\"https:\/\/soprassub.com\/cs\/shop\/lifting-bag-pvc-30-3000kg\/\" rel=\"bookmark\">\u010c\u00edst d\u00e1le &raquo;<span class=\"screen-reader-text\">Lifting bag PVC 30 &#8211; 3000kg<\/span><\/a><\/p>\n","protected":false},"featured_media":10507,"comment_status":"open","ping_status":"closed","template":"","meta":{"_uag_custom_page_level_css":"","neve_meta_sidebar":"","neve_meta_container":"","neve_meta_enable_content_width":"","neve_meta_content_width":0,"neve_meta_title_alignment":"","neve_meta_author_avatar":"","neve_post_elements_order":"","neve_meta_disable_header":"","neve_meta_disable_footer":"","neve_meta_disable_title":""},"product_brand":[],"product_cat":[938],"product_tag":[],"class_list":{"0":"post-18070","1":"product","2":"type-product","3":"status-publish","4":"has-post-thumbnail","6":"product_cat-zvedaci-vaky-a-boje","8":"first","9":"instock","10":"taxable","11":"shipping-taxable","12":"purchasable","13":"product-type-variable"},"yoast_head":"<!-- This site is optimized with the Yoast SEO plugin v27.2 - https:\/\/yoast.com\/product\/yoast-seo-wordpress\/ -->\n<title>Lifting bag PVC 30 - 3000kg - Soprassub<\/title>\n<meta name=\"robots\" content=\"index, follow, max-snippet:-1, max-image-preview:large, max-video-preview:-1\" \/>\n<link rel=\"canonical\" href=\"https:\/\/soprassub.com\/cs\/shop\/lifting-bag-pvc-30-3000kg\/\" \/>\n<meta property=\"og:locale\" content=\"cs_CZ\" \/>\n<meta property=\"og:type\" content=\"article\" \/>\n<meta property=\"og:title\" content=\"Lifting bag PVC 30 - 3000kg - Soprassub\" \/>\n<meta property=\"og:description\" content=\"Lifting bag in variation of 30 kg \/ 66 lb; 50 kg \/ 110 lb; 100 kg \/ 220 lb with valve; 200 kg \/ 440 lb with valve; 500 kg \/ 1100 lb with valve; 500 kg \/ 1100 lb with double valve; 1000 kg \/ 2200 lb with valve; 1000 kg \/ 2200&hellip;&nbsp;\u010c\u00edst d\u00e1le &raquo;Lifting bag PVC 30 &#8211; 3000kg\" \/>\n<meta property=\"og:url\" content=\"https:\/\/soprassub.com\/cs\/shop\/lifting-bag-pvc-30-3000kg\/\" \/>\n<meta property=\"og:site_name\" content=\"Soprassub\" \/>\n<meta name=\"twitter:card\" content=\"summary_large_image\" \/>\n<script type=\"application\/ld+json\" class=\"yoast-schema-graph\">{\"@context\":\"https:\/\/schema.org\",\"@graph\":[{\"@type\":\"WebPage\",\"@id\":\"https:\/\/soprassub.com\/cs\/shop\/lifting-bag-pvc-30-3000kg\/\",\"url\":\"https:\/\/soprassub.com\/cs\/shop\/lifting-bag-pvc-30-3000kg\/\",\"name\":\"Lifting bag PVC 30 - 3000kg - Soprassub\",\"isPartOf\":{\"@id\":\"https:\/\/soprassub.com\/#website\"},\"primaryImageOfPage\":{\"@id\":\"https:\/\/soprassub.com\/cs\/shop\/lifting-bag-pvc-30-3000kg\/#primaryimage\"},\"image\":{\"@id\":\"https:\/\/soprassub.com\/cs\/shop\/lifting-bag-pvc-30-3000kg\/#primaryimage\"},\"thumbnailUrl\":\"https:\/\/soprassub.com\/wp-content\/uploads\/2018\/02\/85261186-lifting-bag-PVC.jpg\",\"datePublished\":\"2018-02-27T17:01:41+00:00\",\"breadcrumb\":{\"@id\":\"https:\/\/soprassub.com\/cs\/shop\/lifting-bag-pvc-30-3000kg\/#breadcrumb\"},\"inLanguage\":\"cs\",\"potentialAction\":[{\"@type\":\"ReadAction\",\"target\":[\"https:\/\/soprassub.com\/cs\/shop\/lifting-bag-pvc-30-3000kg\/\"]}]},{\"@type\":\"ImageObject\",\"inLanguage\":\"cs\",\"@id\":\"https:\/\/soprassub.com\/cs\/shop\/lifting-bag-pvc-30-3000kg\/#primaryimage\",\"url\":\"https:\/\/soprassub.com\/wp-content\/uploads\/2018\/02\/85261186-lifting-bag-PVC.jpg\",\"contentUrl\":\"https:\/\/soprassub.com\/wp-content\/uploads\/2018\/02\/85261186-lifting-bag-PVC.jpg\",\"width\":1500,\"height\":1500},{\"@type\":\"BreadcrumbList\",\"@id\":\"https:\/\/soprassub.com\/cs\/shop\/lifting-bag-pvc-30-3000kg\/#breadcrumb\",\"itemListElement\":[{\"@type\":\"ListItem\",\"position\":1,\"name\":\"Home\",\"item\":\"https:\/\/soprassub.com\/cs\/\"},{\"@type\":\"ListItem\",\"position\":2,\"name\":\"Shop\",\"item\":\"https:\/\/soprassub.com\/shop\/\"},{\"@type\":\"ListItem\",\"position\":3,\"name\":\"Lifting bag PVC 30 &#8211; 3000kg\"}]},{\"@type\":\"WebSite\",\"@id\":\"https:\/\/soprassub.com\/#website\",\"url\":\"https:\/\/soprassub.com\/\",\"name\":\"Soprassub\",\"description\":\"Recreational diving\",\"potentialAction\":[{\"@type\":\"SearchAction\",\"target\":{\"@type\":\"EntryPoint\",\"urlTemplate\":\"https:\/\/soprassub.com\/?s={search_term_string}\"},\"query-input\":{\"@type\":\"PropertyValueSpecification\",\"valueRequired\":true,\"valueName\":\"search_term_string\"}}],\"inLanguage\":\"cs\"}]}<\/script>\n<!-- \/ Yoast SEO plugin. -->","yoast_head_json":{"title":"Lifting bag PVC 30 - 3000kg - Soprassub","robots":{"index":"index","follow":"follow","max-snippet":"max-snippet:-1","max-image-preview":"max-image-preview:large","max-video-preview":"max-video-preview:-1"},"canonical":"https:\/\/soprassub.com\/cs\/shop\/lifting-bag-pvc-30-3000kg\/","og_locale":"cs_CZ","og_type":"article","og_title":"Lifting bag PVC 30 - 3000kg - Soprassub","og_description":"Lifting bag in variation of 30 kg \/ 66 lb; 50 kg \/ 110 lb; 100 kg \/ 220 lb with valve; 200 kg \/ 440 lb with valve; 500 kg \/ 1100 lb with valve; 500 kg \/ 1100 lb with double valve; 1000 kg \/ 2200 lb with valve; 1000 kg \/ 2200&hellip;&nbsp;\u010c\u00edst d\u00e1le &raquo;Lifting bag PVC 30 &#8211; 3000kg","og_url":"https:\/\/soprassub.com\/cs\/shop\/lifting-bag-pvc-30-3000kg\/","og_site_name":"Soprassub","twitter_card":"summary_large_image","schema":{"@context":"https:\/\/schema.org","@graph":[{"@type":"WebPage","@id":"https:\/\/soprassub.com\/cs\/shop\/lifting-bag-pvc-30-3000kg\/","url":"https:\/\/soprassub.com\/cs\/shop\/lifting-bag-pvc-30-3000kg\/","name":"Lifting bag PVC 30 - 3000kg - Soprassub","isPartOf":{"@id":"https:\/\/soprassub.com\/#website"},"primaryImageOfPage":{"@id":"https:\/\/soprassub.com\/cs\/shop\/lifting-bag-pvc-30-3000kg\/#primaryimage"},"image":{"@id":"https:\/\/soprassub.com\/cs\/shop\/lifting-bag-pvc-30-3000kg\/#primaryimage"},"thumbnailUrl":"https:\/\/soprassub.com\/wp-content\/uploads\/2018\/02\/85261186-lifting-bag-PVC.jpg","datePublished":"2018-02-27T17:01:41+00:00","breadcrumb":{"@id":"https:\/\/soprassub.com\/cs\/shop\/lifting-bag-pvc-30-3000kg\/#breadcrumb"},"inLanguage":"cs","potentialAction":[{"@type":"ReadAction","target":["https:\/\/soprassub.com\/cs\/shop\/lifting-bag-pvc-30-3000kg\/"]}]},{"@type":"ImageObject","inLanguage":"cs","@id":"https:\/\/soprassub.com\/cs\/shop\/lifting-bag-pvc-30-3000kg\/#primaryimage","url":"https:\/\/soprassub.com\/wp-content\/uploads\/2018\/02\/85261186-lifting-bag-PVC.jpg","contentUrl":"https:\/\/soprassub.com\/wp-content\/uploads\/2018\/02\/85261186-lifting-bag-PVC.jpg","width":1500,"height":1500},{"@type":"BreadcrumbList","@id":"https:\/\/soprassub.com\/cs\/shop\/lifting-bag-pvc-30-3000kg\/#breadcrumb","itemListElement":[{"@type":"ListItem","position":1,"name":"Home","item":"https:\/\/soprassub.com\/cs\/"},{"@type":"ListItem","position":2,"name":"Shop","item":"https:\/\/soprassub.com\/shop\/"},{"@type":"ListItem","position":3,"name":"Lifting bag PVC 30 &#8211; 3000kg"}]},{"@type":"WebSite","@id":"https:\/\/soprassub.com\/#website","url":"https:\/\/soprassub.com\/","name":"Soprassub","description":"Recreational diving","potentialAction":[{"@type":"SearchAction","target":{"@type":"EntryPoint","urlTemplate":"https:\/\/soprassub.com\/?s={search_term_string}"},"query-input":{"@type":"PropertyValueSpecification","valueRequired":true,"valueName":"search_term_string"}}],"inLanguage":"cs"}]}},"uagb_featured_image_src":{"full":["https:\/\/soprassub.com\/wp-content\/uploads\/2018\/02\/85261186-lifting-bag-PVC.jpg",1500,1500,false],"thumbnail":["https:\/\/soprassub.com\/wp-content\/uploads\/2018\/02\/85261186-lifting-bag-PVC.jpg",150,150,false],"medium":["https:\/\/soprassub.com\/wp-content\/uploads\/2018\/02\/85261186-lifting-bag-PVC.jpg",300,300,false],"medium_large":["https:\/\/soprassub.com\/wp-content\/uploads\/2018\/02\/85261186-lifting-bag-PVC.jpg",768,768,false],"large":["https:\/\/soprassub.com\/wp-content\/uploads\/2018\/02\/85261186-lifting-bag-PVC.jpg",1024,1024,false],"1536x1536":["https:\/\/soprassub.com\/wp-content\/uploads\/2018\/02\/85261186-lifting-bag-PVC.jpg",1500,1500,false],"2048x2048":["https:\/\/soprassub.com\/wp-content\/uploads\/2018\/02\/85261186-lifting-bag-PVC.jpg",1500,1500,false],"neve-blog":["https:\/\/soprassub.com\/wp-content\/uploads\/2018\/02\/85261186-lifting-bag-PVC.jpg",620,620,false],"mailpoet_newsletter_max":["https:\/\/soprassub.com\/wp-content\/uploads\/2018\/02\/85261186-lifting-bag-PVC.jpg",1320,1320,false],"woocommerce_thumbnail":["https:\/\/soprassub.com\/wp-content\/uploads\/2018\/02\/85261186-lifting-bag-PVC-300x300.jpg",300,300,true],"woocommerce_single":["https:\/\/soprassub.com\/wp-content\/uploads\/2018\/02\/85261186-lifting-bag-PVC-600x600.jpg",600,600,true],"woocommerce_gallery_thumbnail":["https:\/\/soprassub.com\/wp-content\/uploads\/2018\/02\/85261186-lifting-bag-PVC-100x100.jpg",100,100,true]},"uagb_author_info":{"display_name":"sobkova","author_link":"https:\/\/soprassub.com\/cs\/author\/"},"uagb_comment_info":0,"uagb_excerpt":"Lifting bag in variation of 30 kg \/ 66 lb; 50 kg \/ 110 lb; 100 kg \/ 220 lb with valve; 200 kg \/ 440 lb with valve; 500 kg \/ 1100 lb with valve; 500 kg \/ 1100 lb with double valve; 1000 kg \/ 2200 lb with valve; 1000 kg \/ 2200&hellip;&nbsp;\u010c\u00edst&hellip;","_links":{"self":[{"href":"https:\/\/soprassub.com\/cs\/wp-json\/wp\/v2\/product\/18070","targetHints":{"allow":["GET"]}}],"collection":[{"href":"https:\/\/soprassub.com\/cs\/wp-json\/wp\/v2\/product"}],"about":[{"href":"https:\/\/soprassub.com\/cs\/wp-json\/wp\/v2\/types\/product"}],"replies":[{"embeddable":true,"href":"https:\/\/soprassub.com\/cs\/wp-json\/wp\/v2\/comments?post=18070"}],"wp:featuredmedia":[{"embeddable":true,"href":"https:\/\/soprassub.com\/cs\/wp-json\/wp\/v2\/media\/10507"}],"wp:attachment":[{"href":"https:\/\/soprassub.com\/cs\/wp-json\/wp\/v2\/media?parent=18070"}],"wp:term":[{"taxonomy":"product_brand","embeddable":true,"href":"https:\/\/soprassub.com\/cs\/wp-json\/wp\/v2\/product_brand?post=18070"},{"taxonomy":"product_cat","embeddable":true,"href":"https:\/\/soprassub.com\/cs\/wp-json\/wp\/v2\/product_cat?post=18070"},{"taxonomy":"product_tag","embeddable":true,"href":"https:\/\/soprassub.com\/cs\/wp-json\/wp\/v2\/product_tag?post=18070"}],"curies":[{"name":"wp","href":"https:\/\/api.w.org\/{rel}","templated":true}]}}