{"id":18250,"date":"2018-02-10T11:19:28","date_gmt":"2018-02-10T10:19:28","guid":{"rendered":"https:\/\/soprassub.com\/shop\/nemo\/"},"modified":"2018-02-10T11:19:28","modified_gmt":"2018-02-10T10:19:28","slug":"nemo","status":"publish","type":"product","link":"https:\/\/soprassub.com\/cs\/shop\/nemo\/","title":{"rendered":"Nemo"},"content":{"rendered":"<p>Nemo are professional multi-purpose fins, with quick adjusting, quick release buckles. The anatomic soft foot pocket is made of thermoplastic and rubber with different thickness of sole, suitable for use with neoprene socks or boots. Laterally reinforced blade by large directional ribs to remove all obstacles to the free flow of water. The blade is longer than usual to improve the thrust forward. The central part is made of rubber to improve the transmission of power with less effort during the thrust.<br \/>\nColours -size S\/M = blue, white, pink, red; size L\/XL = blue, white, red<\/p>\n","protected":false},"excerpt":{"rendered":"<p>Nemo are professional multi-purpose fins, with quick adjusting, quick release buckles. The anatomic soft foot pocket is made of thermoplastic and rubber with different thickness of sole, suitable for use with neoprene socks or boots. Laterally reinforced blade by large directional ribs to remove all obstacles to the free flow of water. The blade is&hellip;&nbsp;<a href=\"https:\/\/soprassub.com\/cs\/shop\/nemo\/\" rel=\"bookmark\">\u010c\u00edst d\u00e1le &raquo;<span class=\"screen-reader-text\">Nemo<\/span><\/a><\/p>\n","protected":false},"featured_media":9358,"comment_status":"open","ping_status":"closed","template":"","meta":{"_uag_custom_page_level_css":"","neve_meta_sidebar":"","neve_meta_container":"","neve_meta_enable_content_width":"off","neve_meta_content_width":100,"neve_meta_title_alignment":"","neve_meta_author_avatar":"","neve_post_elements_order":"","neve_meta_disable_header":"","neve_meta_disable_footer":"","neve_meta_disable_title":""},"product_brand":[],"product_cat":[884],"product_tag":[988],"class_list":{"0":"post-18250","1":"product","2":"type-product","3":"status-publish","4":"has-post-thumbnail","6":"product_cat-ploutve-s-paskem","7":"product_tag-specials-cs","9":"first","10":"instock","11":"sale","12":"taxable","13":"shipping-taxable","14":"purchasable","15":"product-type-variable"},"yoast_head":"<!-- This site is optimized with the Yoast SEO plugin v27.2 - https:\/\/yoast.com\/product\/yoast-seo-wordpress\/ -->\n<title>Nemo - Soprassub<\/title>\n<meta name=\"robots\" content=\"index, follow, max-snippet:-1, max-image-preview:large, max-video-preview:-1\" \/>\n<link rel=\"canonical\" href=\"https:\/\/soprassub.com\/cs\/shop\/nemo\/\" \/>\n<meta property=\"og:locale\" content=\"cs_CZ\" \/>\n<meta property=\"og:type\" content=\"article\" \/>\n<meta property=\"og:title\" content=\"Nemo - Soprassub\" \/>\n<meta property=\"og:description\" content=\"Nemo are professional multi-purpose fins, with quick adjusting, quick release buckles. The anatomic soft foot pocket is made of thermoplastic and rubber with different thickness of sole, suitable for use with neoprene socks or boots. Laterally reinforced blade by large directional ribs to remove all obstacles to the free flow of water. The blade is&hellip;&nbsp;\u010c\u00edst d\u00e1le &raquo;Nemo\" \/>\n<meta property=\"og:url\" content=\"https:\/\/soprassub.com\/cs\/shop\/nemo\/\" \/>\n<meta property=\"og:site_name\" content=\"Soprassub\" \/>\n<meta name=\"twitter:card\" content=\"summary_large_image\" \/>\n<script type=\"application\/ld+json\" class=\"yoast-schema-graph\">{\"@context\":\"https:\/\/schema.org\",\"@graph\":[{\"@type\":\"WebPage\",\"@id\":\"https:\/\/soprassub.com\/cs\/shop\/nemo\/\",\"url\":\"https:\/\/soprassub.com\/cs\/shop\/nemo\/\",\"name\":\"Nemo - Soprassub\",\"isPartOf\":{\"@id\":\"https:\/\/soprassub.com\/#website\"},\"primaryImageOfPage\":{\"@id\":\"https:\/\/soprassub.com\/cs\/shop\/nemo\/#primaryimage\"},\"image\":{\"@id\":\"https:\/\/soprassub.com\/cs\/shop\/nemo\/#primaryimage\"},\"thumbnailUrl\":\"https:\/\/soprassub.com\/wp-content\/uploads\/2018\/02\/4160SL-NEMO-blue.jpg\",\"datePublished\":\"2018-02-10T10:19:28+00:00\",\"breadcrumb\":{\"@id\":\"https:\/\/soprassub.com\/cs\/shop\/nemo\/#breadcrumb\"},\"inLanguage\":\"cs\",\"potentialAction\":[{\"@type\":\"ReadAction\",\"target\":[\"https:\/\/soprassub.com\/cs\/shop\/nemo\/\"]}]},{\"@type\":\"ImageObject\",\"inLanguage\":\"cs\",\"@id\":\"https:\/\/soprassub.com\/cs\/shop\/nemo\/#primaryimage\",\"url\":\"https:\/\/soprassub.com\/wp-content\/uploads\/2018\/02\/4160SL-NEMO-blue.jpg\",\"contentUrl\":\"https:\/\/soprassub.com\/wp-content\/uploads\/2018\/02\/4160SL-NEMO-blue.jpg\",\"width\":1500,\"height\":1500},{\"@type\":\"BreadcrumbList\",\"@id\":\"https:\/\/soprassub.com\/cs\/shop\/nemo\/#breadcrumb\",\"itemListElement\":[{\"@type\":\"ListItem\",\"position\":1,\"name\":\"Home\",\"item\":\"https:\/\/soprassub.com\/cs\/\"},{\"@type\":\"ListItem\",\"position\":2,\"name\":\"Shop\",\"item\":\"https:\/\/soprassub.com\/shop\/\"},{\"@type\":\"ListItem\",\"position\":3,\"name\":\"Nemo\"}]},{\"@type\":\"WebSite\",\"@id\":\"https:\/\/soprassub.com\/#website\",\"url\":\"https:\/\/soprassub.com\/\",\"name\":\"Soprassub\",\"description\":\"Recreational diving\",\"potentialAction\":[{\"@type\":\"SearchAction\",\"target\":{\"@type\":\"EntryPoint\",\"urlTemplate\":\"https:\/\/soprassub.com\/?s={search_term_string}\"},\"query-input\":{\"@type\":\"PropertyValueSpecification\",\"valueRequired\":true,\"valueName\":\"search_term_string\"}}],\"inLanguage\":\"cs\"}]}<\/script>\n<!-- \/ Yoast SEO plugin. -->","yoast_head_json":{"title":"Nemo - Soprassub","robots":{"index":"index","follow":"follow","max-snippet":"max-snippet:-1","max-image-preview":"max-image-preview:large","max-video-preview":"max-video-preview:-1"},"canonical":"https:\/\/soprassub.com\/cs\/shop\/nemo\/","og_locale":"cs_CZ","og_type":"article","og_title":"Nemo - Soprassub","og_description":"Nemo are professional multi-purpose fins, with quick adjusting, quick release buckles. The anatomic soft foot pocket is made of thermoplastic and rubber with different thickness of sole, suitable for use with neoprene socks or boots. Laterally reinforced blade by large directional ribs to remove all obstacles to the free flow of water. The blade is&hellip;&nbsp;\u010c\u00edst d\u00e1le &raquo;Nemo","og_url":"https:\/\/soprassub.com\/cs\/shop\/nemo\/","og_site_name":"Soprassub","twitter_card":"summary_large_image","schema":{"@context":"https:\/\/schema.org","@graph":[{"@type":"WebPage","@id":"https:\/\/soprassub.com\/cs\/shop\/nemo\/","url":"https:\/\/soprassub.com\/cs\/shop\/nemo\/","name":"Nemo - Soprassub","isPartOf":{"@id":"https:\/\/soprassub.com\/#website"},"primaryImageOfPage":{"@id":"https:\/\/soprassub.com\/cs\/shop\/nemo\/#primaryimage"},"image":{"@id":"https:\/\/soprassub.com\/cs\/shop\/nemo\/#primaryimage"},"thumbnailUrl":"https:\/\/soprassub.com\/wp-content\/uploads\/2018\/02\/4160SL-NEMO-blue.jpg","datePublished":"2018-02-10T10:19:28+00:00","breadcrumb":{"@id":"https:\/\/soprassub.com\/cs\/shop\/nemo\/#breadcrumb"},"inLanguage":"cs","potentialAction":[{"@type":"ReadAction","target":["https:\/\/soprassub.com\/cs\/shop\/nemo\/"]}]},{"@type":"ImageObject","inLanguage":"cs","@id":"https:\/\/soprassub.com\/cs\/shop\/nemo\/#primaryimage","url":"https:\/\/soprassub.com\/wp-content\/uploads\/2018\/02\/4160SL-NEMO-blue.jpg","contentUrl":"https:\/\/soprassub.com\/wp-content\/uploads\/2018\/02\/4160SL-NEMO-blue.jpg","width":1500,"height":1500},{"@type":"BreadcrumbList","@id":"https:\/\/soprassub.com\/cs\/shop\/nemo\/#breadcrumb","itemListElement":[{"@type":"ListItem","position":1,"name":"Home","item":"https:\/\/soprassub.com\/cs\/"},{"@type":"ListItem","position":2,"name":"Shop","item":"https:\/\/soprassub.com\/shop\/"},{"@type":"ListItem","position":3,"name":"Nemo"}]},{"@type":"WebSite","@id":"https:\/\/soprassub.com\/#website","url":"https:\/\/soprassub.com\/","name":"Soprassub","description":"Recreational diving","potentialAction":[{"@type":"SearchAction","target":{"@type":"EntryPoint","urlTemplate":"https:\/\/soprassub.com\/?s={search_term_string}"},"query-input":{"@type":"PropertyValueSpecification","valueRequired":true,"valueName":"search_term_string"}}],"inLanguage":"cs"}]}},"uagb_featured_image_src":{"full":["https:\/\/soprassub.com\/wp-content\/uploads\/2018\/02\/4160SL-NEMO-blue.jpg",1500,1500,false],"thumbnail":["https:\/\/soprassub.com\/wp-content\/uploads\/2018\/02\/4160SL-NEMO-blue.jpg",150,150,false],"medium":["https:\/\/soprassub.com\/wp-content\/uploads\/2018\/02\/4160SL-NEMO-blue.jpg",300,300,false],"medium_large":["https:\/\/soprassub.com\/wp-content\/uploads\/2018\/02\/4160SL-NEMO-blue.jpg",768,768,false],"large":["https:\/\/soprassub.com\/wp-content\/uploads\/2018\/02\/4160SL-NEMO-blue.jpg",1024,1024,false],"1536x1536":["https:\/\/soprassub.com\/wp-content\/uploads\/2018\/02\/4160SL-NEMO-blue.jpg",1500,1500,false],"2048x2048":["https:\/\/soprassub.com\/wp-content\/uploads\/2018\/02\/4160SL-NEMO-blue.jpg",1500,1500,false],"neve-blog":["https:\/\/soprassub.com\/wp-content\/uploads\/2018\/02\/4160SL-NEMO-blue.jpg",620,620,false],"mailpoet_newsletter_max":["https:\/\/soprassub.com\/wp-content\/uploads\/2018\/02\/4160SL-NEMO-blue.jpg",1320,1320,false],"woocommerce_thumbnail":["https:\/\/soprassub.com\/wp-content\/uploads\/2018\/02\/4160SL-NEMO-blue-300x300.jpg",300,300,true],"woocommerce_single":["https:\/\/soprassub.com\/wp-content\/uploads\/2018\/02\/4160SL-NEMO-blue-600x600.jpg",600,600,true],"woocommerce_gallery_thumbnail":["https:\/\/soprassub.com\/wp-content\/uploads\/2018\/02\/4160SL-NEMO-blue-100x100.jpg",100,100,true]},"uagb_author_info":{"display_name":"sobkova","author_link":"https:\/\/soprassub.com\/cs\/author\/"},"uagb_comment_info":0,"uagb_excerpt":"Nemo are professional multi-purpose fins, with quick adjusting, quick release buckles. The anatomic soft foot pocket is made of thermoplastic and rubber with different thickness of sole, suitable for use with neoprene socks or boots. Laterally reinforced blade by large directional ribs to remove all obstacles to the free flow of water. The blade is&hellip;&nbsp;\u010c\u00edst&hellip;","_links":{"self":[{"href":"https:\/\/soprassub.com\/cs\/wp-json\/wp\/v2\/product\/18250","targetHints":{"allow":["GET"]}}],"collection":[{"href":"https:\/\/soprassub.com\/cs\/wp-json\/wp\/v2\/product"}],"about":[{"href":"https:\/\/soprassub.com\/cs\/wp-json\/wp\/v2\/types\/product"}],"replies":[{"embeddable":true,"href":"https:\/\/soprassub.com\/cs\/wp-json\/wp\/v2\/comments?post=18250"}],"wp:featuredmedia":[{"embeddable":true,"href":"https:\/\/soprassub.com\/cs\/wp-json\/wp\/v2\/media\/9358"}],"wp:attachment":[{"href":"https:\/\/soprassub.com\/cs\/wp-json\/wp\/v2\/media?parent=18250"}],"wp:term":[{"taxonomy":"product_brand","embeddable":true,"href":"https:\/\/soprassub.com\/cs\/wp-json\/wp\/v2\/product_brand?post=18250"},{"taxonomy":"product_cat","embeddable":true,"href":"https:\/\/soprassub.com\/cs\/wp-json\/wp\/v2\/product_cat?post=18250"},{"taxonomy":"product_tag","embeddable":true,"href":"https:\/\/soprassub.com\/cs\/wp-json\/wp\/v2\/product_tag?post=18250"}],"curies":[{"name":"wp","href":"https:\/\/api.w.org\/{rel}","templated":true}]}}