{"id":18329,"date":"2018-02-22T14:16:41","date_gmt":"2018-02-22T13:16:41","guid":{"rendered":"https:\/\/soprassub.com\/shop\/sopras-diving-trolley\/"},"modified":"2018-02-22T14:16:41","modified_gmt":"2018-02-22T13:16:41","slug":"sopras-diving-trolley","status":"publish","type":"product","link":"https:\/\/soprassub.com\/cs\/shop\/sopras-diving-trolley\/","title":{"rendered":"Sopras diving trolley"},"content":{"rendered":"<p>Our new trolley includes a detachable back pack in the front and two big bags for fins on the sides. On the bottom there is a handle for easy carrying that ensures also perfect stability whenstanding vertical on wheels. One side handle makes it much easier to carry it.<br \/>\nLight weight &#8211; 3,5kg only.<br \/>\nDimensions: 55 x 70 x 30 cm \/ 22x28x12&#8243;<br \/>\nMateri\u00e1l: PVC\/600D<br \/>\nVolume: 110 l \/ 240 lb<\/p>\n<p>Colours &#8211; black, pink, blue, green, purple<\/p>\n","protected":false},"excerpt":{"rendered":"<p>Our new trolley includes a detachable back pack in the front and two big bags for fins on the sides. On the bottom there is a handle for easy carrying that ensures also perfect stability whenstanding vertical on wheels. One side handle makes it much easier to carry it. Light weight &#8211; 3,5kg only. Dimensions:&hellip;&nbsp;<a href=\"https:\/\/soprassub.com\/cs\/shop\/sopras-diving-trolley\/\" rel=\"bookmark\">\u010c\u00edst d\u00e1le &raquo;<span class=\"screen-reader-text\">Sopras diving trolley<\/span><\/a><\/p>\n","protected":false},"featured_media":10499,"comment_status":"open","ping_status":"closed","template":"","meta":{"_uag_custom_page_level_css":"","neve_meta_sidebar":"","neve_meta_container":"","neve_meta_enable_content_width":"off","neve_meta_content_width":100,"neve_meta_title_alignment":"","neve_meta_author_avatar":"","neve_post_elements_order":"","neve_meta_disable_header":"","neve_meta_disable_footer":"","neve_meta_disable_title":""},"product_brand":[],"product_cat":[926,927],"product_tag":[954],"class_list":{"0":"post-18329","1":"product","2":"type-product","3":"status-publish","4":"has-post-thumbnail","6":"product_cat-potapecske-tasky","7":"product_cat-velke-cestovni-tasky","8":"product_tag-new-cs","10":"first","11":"instock","12":"taxable","13":"shipping-taxable","14":"purchasable","15":"product-type-variable"},"yoast_head":"<!-- This site is optimized with the Yoast SEO plugin v27.2 - https:\/\/yoast.com\/product\/yoast-seo-wordpress\/ -->\n<title>Sopras diving trolley - Soprassub<\/title>\n<meta name=\"robots\" content=\"index, follow, max-snippet:-1, max-image-preview:large, max-video-preview:-1\" \/>\n<link rel=\"canonical\" href=\"https:\/\/soprassub.com\/cs\/shop\/sopras-diving-trolley\/\" \/>\n<meta property=\"og:locale\" content=\"cs_CZ\" \/>\n<meta property=\"og:type\" content=\"article\" \/>\n<meta property=\"og:title\" content=\"Sopras diving trolley - Soprassub\" \/>\n<meta property=\"og:description\" content=\"Our new trolley includes a detachable back pack in the front and two big bags for fins on the sides. On the bottom there is a handle for easy carrying that ensures also perfect stability whenstanding vertical on wheels. One side handle makes it much easier to carry it. Light weight &#8211; 3,5kg only. Dimensions:&hellip;&nbsp;\u010c\u00edst d\u00e1le &raquo;Sopras diving trolley\" \/>\n<meta property=\"og:url\" content=\"https:\/\/soprassub.com\/cs\/shop\/sopras-diving-trolley\/\" \/>\n<meta property=\"og:site_name\" content=\"Soprassub\" \/>\n<meta name=\"twitter:card\" content=\"summary_large_image\" \/>\n<script type=\"application\/ld+json\" class=\"yoast-schema-graph\">{\"@context\":\"https:\/\/schema.org\",\"@graph\":[{\"@type\":\"WebPage\",\"@id\":\"https:\/\/soprassub.com\/cs\/shop\/sopras-diving-trolley\/\",\"url\":\"https:\/\/soprassub.com\/cs\/shop\/sopras-diving-trolley\/\",\"name\":\"Sopras diving trolley - Soprassub\",\"isPartOf\":{\"@id\":\"https:\/\/soprassub.com\/#website\"},\"primaryImageOfPage\":{\"@id\":\"https:\/\/soprassub.com\/cs\/shop\/sopras-diving-trolley\/#primaryimage\"},\"image\":{\"@id\":\"https:\/\/soprassub.com\/cs\/shop\/sopras-diving-trolley\/#primaryimage\"},\"thumbnailUrl\":\"https:\/\/soprassub.com\/wp-content\/uploads\/2018\/02\/851502-diving-trolley.jpg\",\"datePublished\":\"2018-02-22T13:16:41+00:00\",\"breadcrumb\":{\"@id\":\"https:\/\/soprassub.com\/cs\/shop\/sopras-diving-trolley\/#breadcrumb\"},\"inLanguage\":\"cs\",\"potentialAction\":[{\"@type\":\"ReadAction\",\"target\":[\"https:\/\/soprassub.com\/cs\/shop\/sopras-diving-trolley\/\"]}]},{\"@type\":\"ImageObject\",\"inLanguage\":\"cs\",\"@id\":\"https:\/\/soprassub.com\/cs\/shop\/sopras-diving-trolley\/#primaryimage\",\"url\":\"https:\/\/soprassub.com\/wp-content\/uploads\/2018\/02\/851502-diving-trolley.jpg\",\"contentUrl\":\"https:\/\/soprassub.com\/wp-content\/uploads\/2018\/02\/851502-diving-trolley.jpg\",\"width\":1500,\"height\":1500},{\"@type\":\"BreadcrumbList\",\"@id\":\"https:\/\/soprassub.com\/cs\/shop\/sopras-diving-trolley\/#breadcrumb\",\"itemListElement\":[{\"@type\":\"ListItem\",\"position\":1,\"name\":\"Home\",\"item\":\"https:\/\/soprassub.com\/cs\/\"},{\"@type\":\"ListItem\",\"position\":2,\"name\":\"Shop\",\"item\":\"https:\/\/soprassub.com\/shop\/\"},{\"@type\":\"ListItem\",\"position\":3,\"name\":\"Sopras diving trolley\"}]},{\"@type\":\"WebSite\",\"@id\":\"https:\/\/soprassub.com\/#website\",\"url\":\"https:\/\/soprassub.com\/\",\"name\":\"Soprassub\",\"description\":\"Recreational diving\",\"potentialAction\":[{\"@type\":\"SearchAction\",\"target\":{\"@type\":\"EntryPoint\",\"urlTemplate\":\"https:\/\/soprassub.com\/?s={search_term_string}\"},\"query-input\":{\"@type\":\"PropertyValueSpecification\",\"valueRequired\":true,\"valueName\":\"search_term_string\"}}],\"inLanguage\":\"cs\"}]}<\/script>\n<!-- \/ Yoast SEO plugin. -->","yoast_head_json":{"title":"Sopras diving trolley - Soprassub","robots":{"index":"index","follow":"follow","max-snippet":"max-snippet:-1","max-image-preview":"max-image-preview:large","max-video-preview":"max-video-preview:-1"},"canonical":"https:\/\/soprassub.com\/cs\/shop\/sopras-diving-trolley\/","og_locale":"cs_CZ","og_type":"article","og_title":"Sopras diving trolley - Soprassub","og_description":"Our new trolley includes a detachable back pack in the front and two big bags for fins on the sides. On the bottom there is a handle for easy carrying that ensures also perfect stability whenstanding vertical on wheels. One side handle makes it much easier to carry it. Light weight &#8211; 3,5kg only. Dimensions:&hellip;&nbsp;\u010c\u00edst d\u00e1le &raquo;Sopras diving trolley","og_url":"https:\/\/soprassub.com\/cs\/shop\/sopras-diving-trolley\/","og_site_name":"Soprassub","twitter_card":"summary_large_image","schema":{"@context":"https:\/\/schema.org","@graph":[{"@type":"WebPage","@id":"https:\/\/soprassub.com\/cs\/shop\/sopras-diving-trolley\/","url":"https:\/\/soprassub.com\/cs\/shop\/sopras-diving-trolley\/","name":"Sopras diving trolley - Soprassub","isPartOf":{"@id":"https:\/\/soprassub.com\/#website"},"primaryImageOfPage":{"@id":"https:\/\/soprassub.com\/cs\/shop\/sopras-diving-trolley\/#primaryimage"},"image":{"@id":"https:\/\/soprassub.com\/cs\/shop\/sopras-diving-trolley\/#primaryimage"},"thumbnailUrl":"https:\/\/soprassub.com\/wp-content\/uploads\/2018\/02\/851502-diving-trolley.jpg","datePublished":"2018-02-22T13:16:41+00:00","breadcrumb":{"@id":"https:\/\/soprassub.com\/cs\/shop\/sopras-diving-trolley\/#breadcrumb"},"inLanguage":"cs","potentialAction":[{"@type":"ReadAction","target":["https:\/\/soprassub.com\/cs\/shop\/sopras-diving-trolley\/"]}]},{"@type":"ImageObject","inLanguage":"cs","@id":"https:\/\/soprassub.com\/cs\/shop\/sopras-diving-trolley\/#primaryimage","url":"https:\/\/soprassub.com\/wp-content\/uploads\/2018\/02\/851502-diving-trolley.jpg","contentUrl":"https:\/\/soprassub.com\/wp-content\/uploads\/2018\/02\/851502-diving-trolley.jpg","width":1500,"height":1500},{"@type":"BreadcrumbList","@id":"https:\/\/soprassub.com\/cs\/shop\/sopras-diving-trolley\/#breadcrumb","itemListElement":[{"@type":"ListItem","position":1,"name":"Home","item":"https:\/\/soprassub.com\/cs\/"},{"@type":"ListItem","position":2,"name":"Shop","item":"https:\/\/soprassub.com\/shop\/"},{"@type":"ListItem","position":3,"name":"Sopras diving trolley"}]},{"@type":"WebSite","@id":"https:\/\/soprassub.com\/#website","url":"https:\/\/soprassub.com\/","name":"Soprassub","description":"Recreational diving","potentialAction":[{"@type":"SearchAction","target":{"@type":"EntryPoint","urlTemplate":"https:\/\/soprassub.com\/?s={search_term_string}"},"query-input":{"@type":"PropertyValueSpecification","valueRequired":true,"valueName":"search_term_string"}}],"inLanguage":"cs"}]}},"uagb_featured_image_src":{"full":["https:\/\/soprassub.com\/wp-content\/uploads\/2018\/02\/851502-diving-trolley.jpg",1500,1500,false],"thumbnail":["https:\/\/soprassub.com\/wp-content\/uploads\/2018\/02\/851502-diving-trolley.jpg",150,150,false],"medium":["https:\/\/soprassub.com\/wp-content\/uploads\/2018\/02\/851502-diving-trolley.jpg",300,300,false],"medium_large":["https:\/\/soprassub.com\/wp-content\/uploads\/2018\/02\/851502-diving-trolley.jpg",768,768,false],"large":["https:\/\/soprassub.com\/wp-content\/uploads\/2018\/02\/851502-diving-trolley.jpg",1024,1024,false],"1536x1536":["https:\/\/soprassub.com\/wp-content\/uploads\/2018\/02\/851502-diving-trolley.jpg",1500,1500,false],"2048x2048":["https:\/\/soprassub.com\/wp-content\/uploads\/2018\/02\/851502-diving-trolley.jpg",1500,1500,false],"neve-blog":["https:\/\/soprassub.com\/wp-content\/uploads\/2018\/02\/851502-diving-trolley.jpg",620,620,false],"mailpoet_newsletter_max":["https:\/\/soprassub.com\/wp-content\/uploads\/2018\/02\/851502-diving-trolley.jpg",1320,1320,false],"woocommerce_thumbnail":["https:\/\/soprassub.com\/wp-content\/uploads\/2018\/02\/851502-diving-trolley-300x300.jpg",300,300,true],"woocommerce_single":["https:\/\/soprassub.com\/wp-content\/uploads\/2018\/02\/851502-diving-trolley-600x600.jpg",600,600,true],"woocommerce_gallery_thumbnail":["https:\/\/soprassub.com\/wp-content\/uploads\/2018\/02\/851502-diving-trolley-100x100.jpg",100,100,true]},"uagb_author_info":{"display_name":"sobkova","author_link":"https:\/\/soprassub.com\/cs\/author\/"},"uagb_comment_info":0,"uagb_excerpt":"Our new trolley includes a detachable back pack in the front and two big bags for fins on the sides. On the bottom there is a handle for easy carrying that ensures also perfect stability whenstanding vertical on wheels. One side handle makes it much easier to carry it. Light weight &#8211; 3,5kg only. Dimensions:&hellip;&nbsp;\u010c\u00edst&hellip;","_links":{"self":[{"href":"https:\/\/soprassub.com\/cs\/wp-json\/wp\/v2\/product\/18329","targetHints":{"allow":["GET"]}}],"collection":[{"href":"https:\/\/soprassub.com\/cs\/wp-json\/wp\/v2\/product"}],"about":[{"href":"https:\/\/soprassub.com\/cs\/wp-json\/wp\/v2\/types\/product"}],"replies":[{"embeddable":true,"href":"https:\/\/soprassub.com\/cs\/wp-json\/wp\/v2\/comments?post=18329"}],"wp:featuredmedia":[{"embeddable":true,"href":"https:\/\/soprassub.com\/cs\/wp-json\/wp\/v2\/media\/10499"}],"wp:attachment":[{"href":"https:\/\/soprassub.com\/cs\/wp-json\/wp\/v2\/media?parent=18329"}],"wp:term":[{"taxonomy":"product_brand","embeddable":true,"href":"https:\/\/soprassub.com\/cs\/wp-json\/wp\/v2\/product_brand?post=18329"},{"taxonomy":"product_cat","embeddable":true,"href":"https:\/\/soprassub.com\/cs\/wp-json\/wp\/v2\/product_cat?post=18329"},{"taxonomy":"product_tag","embeddable":true,"href":"https:\/\/soprassub.com\/cs\/wp-json\/wp\/v2\/product_tag?post=18329"}],"curies":[{"name":"wp","href":"https:\/\/api.w.org\/{rel}","templated":true}]}}